{"id":3922,"date":"2023-05-18T13:48:37","date_gmt":"2023-05-18T13:48:37","guid":{"rendered":"https:\/\/mediterraneo-rovinj.eu\/barrierefreiheit\/"},"modified":"2023-05-18T13:48:37","modified_gmt":"2023-05-18T13:48:37","slug":"barrierefreiheit","status":"publish","type":"page","link":"https:\/\/mediterraneo-rovinj.eu\/de\/lernen-sie-istrien-kennen\/barrierefreiheit\/","title":{"rendered":"Barrierefreiheit"},"content":{"rendered":"<p>Sie k\u00f6nnen Rovinj mit dem Auto, Flugzeug, Bus, Schiff oder Zug erreichen. Rovinj ist sicherlich ein sehr gut erreichbares Touristenziel, was sich an der N\u00e4he zu Autobahnen, dem Flughafen und der guten Verkehrsinfrastruktur in der Stadt selbst zeigt.<\/p>\n<p>Wenn Sie mit dem Auto aus dem Norden kommen, nehmen Sie am besten die Autobahn von Villach in Richtung Ljubljana und weiter bis zum Grenz\u00fcbergang Ka\u0161tel-Dragonja und nach Rovinj. Von Westen aus nutzen Sie die Richtung Triest-Kopar-Rovinj, w\u00e4hrend Sie von Osten aus die Richtung von Zagreb nach Rijeka und dann \u00fcber \u010cvor Kanfanar nach Rovinj nehmen k\u00f6nnen.<\/p>\n<p>Der internationale Flughafen Pula liegt 40 km von Rovinj entfernt und ist mit den wichtigsten europ\u00e4ischen Zielen verbunden. In der N\u00e4he von Rovinj gibt es auch kleinere Sportflugh\u00e4fen.<\/p>\n<p>Der Bahnhof liegt 18 km von Rovinj entfernt (Bahnhof Kanfanar), und der Busbahnhof befindet sich im Zentrum der Stadt und ist gut an alle gr\u00f6\u00dferen Zentren angebunden. Wenn Sie einen Transport zu Ihrer Wohnung, Ihrem Haus, Ihrer Villa oder Ihrem Hotel ben\u00f6tigen, k\u00f6nnen Sie die \u00f6rtlichen Verkehrsmittel oder einen Mietwagen nutzen.<\/p>\n<p>Sie k\u00f6nnen Pula auch auf dem Seeweg erreichen. Eine der M\u00f6glichkeiten der Anreise \u00fcber den Seeweg ist die Anreise mit der F\u00e4hre. Rovinj ist auch auf dem Seeweg mit Venedig, Ravenna und Pesaro und Cesenatica verbunden.<\/p>\n<p>Wenn Sie also eine Unterkunft in einem Apartment, Haus oder einer Villa in Rovinj gebucht haben, k\u00f6nnen Sie je nach Ihren W\u00fcnschen und M\u00f6glichkeiten auf verschiedenen Wegen an Ihr Wunschziel gelangen.<\/p>\n","protected":false},"excerpt":{"rendered":"<p>Sie k\u00f6nnen Rovinj mit dem Auto, Flugzeug, Bus, Schiff oder Zug erreichen. Rovinj ist sicherlich ein sehr gut erreichbares Touristenziel, was sich an der N\u00e4he zu Autobahnen, dem Flughafen und der guten Verkehrsinfrastruktur in der Stadt selbst zeigt. Wenn Sie mit dem Auto aus dem Norden kommen, nehmen Sie am besten die Autobahn von Villach [&hellip;]<\/p>\n","protected":false},"author":1,"featured_media":3452,"parent":3940,"menu_order":0,"comment_status":"closed","ping_status":"closed","template":"templates\/page-blog.php","meta":{"_acf_changed":false,"footnotes":""},"class_list":["post-3922","page","type-page","status-publish","has-post-thumbnail","hentry"],"acf":[],"yoast_head":"<!-- This site is optimized with the Yoast SEO plugin v27.2 - https:\/\/yoast.com\/product\/yoast-seo-wordpress\/ -->\n<title>Barrierefreiheit - Mediterraneo Rovinj<\/title>\n<meta name=\"robots\" content=\"index, follow, max-snippet:-1, max-image-preview:large, max-video-preview:-1\" \/>\n<link rel=\"canonical\" href=\"https:\/\/mediterraneo-rovinj.eu\/de\/lernen-sie-istrien-kennen\/barrierefreiheit\/\" \/>\n<meta property=\"og:locale\" content=\"de_DE\" \/>\n<meta property=\"og:type\" content=\"article\" \/>\n<meta property=\"og:title\" content=\"Barrierefreiheit - Mediterraneo Rovinj\" \/>\n<meta property=\"og:description\" content=\"Sie k\u00f6nnen Rovinj mit dem Auto, Flugzeug, Bus, Schiff oder Zug erreichen. Rovinj ist sicherlich ein sehr gut erreichbares Touristenziel, was sich an der N\u00e4he zu Autobahnen, dem Flughafen und der guten Verkehrsinfrastruktur in der Stadt selbst zeigt. Wenn Sie mit dem Auto aus dem Norden kommen, nehmen Sie am besten die Autobahn von Villach [&hellip;]\" \/>\n<meta property=\"og:url\" content=\"https:\/\/mediterraneo-rovinj.eu\/de\/lernen-sie-istrien-kennen\/barrierefreiheit\/\" \/>\n<meta property=\"og:site_name\" content=\"Mediterraneo Rovinj\" \/>\n<meta name=\"twitter:card\" content=\"summary_large_image\" \/>\n<meta name=\"twitter:label1\" content=\"Gesch\u00e4tzte Lesezeit\" \/>\n\t<meta name=\"twitter:data1\" content=\"1\u00a0Minute\" \/>\n<script type=\"application\/ld+json\" class=\"yoast-schema-graph\">{\"@context\":\"https:\/\/schema.org\",\"@graph\":[{\"@type\":\"WebPage\",\"@id\":\"https:\/\/mediterraneo-rovinj.eu\/de\/lernen-sie-istrien-kennen\/barrierefreiheit\/\",\"url\":\"https:\/\/mediterraneo-rovinj.eu\/de\/lernen-sie-istrien-kennen\/barrierefreiheit\/\",\"name\":\"Barrierefreiheit - Mediterraneo Rovinj\",\"isPartOf\":{\"@id\":\"https:\/\/mediterraneo-rovinj.eu\/de\/#website\"},\"primaryImageOfPage\":{\"@id\":\"https:\/\/mediterraneo-rovinj.eu\/de\/lernen-sie-istrien-kennen\/barrierefreiheit\/#primaryimage\"},\"image\":{\"@id\":\"https:\/\/mediterraneo-rovinj.eu\/de\/lernen-sie-istrien-kennen\/barrierefreiheit\/#primaryimage\"},\"thumbnailUrl\":\"https:\/\/mediterraneo-rovinj.eu\/wp-content\/uploads\/2023\/03\/pristupacnost.jpeg\",\"datePublished\":\"2023-05-18T13:48:37+00:00\",\"breadcrumb\":{\"@id\":\"https:\/\/mediterraneo-rovinj.eu\/de\/lernen-sie-istrien-kennen\/barrierefreiheit\/#breadcrumb\"},\"inLanguage\":\"de\",\"potentialAction\":[{\"@type\":\"ReadAction\",\"target\":[\"https:\/\/mediterraneo-rovinj.eu\/de\/lernen-sie-istrien-kennen\/barrierefreiheit\/\"]}]},{\"@type\":\"ImageObject\",\"inLanguage\":\"de\",\"@id\":\"https:\/\/mediterraneo-rovinj.eu\/de\/lernen-sie-istrien-kennen\/barrierefreiheit\/#primaryimage\",\"url\":\"https:\/\/mediterraneo-rovinj.eu\/wp-content\/uploads\/2023\/03\/pristupacnost.jpeg\",\"contentUrl\":\"https:\/\/mediterraneo-rovinj.eu\/wp-content\/uploads\/2023\/03\/pristupacnost.jpeg\",\"width\":2000,\"height\":1334},{\"@type\":\"BreadcrumbList\",\"@id\":\"https:\/\/mediterraneo-rovinj.eu\/de\/lernen-sie-istrien-kennen\/barrierefreiheit\/#breadcrumb\",\"itemListElement\":[{\"@type\":\"ListItem\",\"position\":1,\"name\":\"Home\",\"item\":\"https:\/\/mediterraneo-rovinj.eu\/de\/\"},{\"@type\":\"ListItem\",\"position\":2,\"name\":\"Barrierefreiheit\"}]},{\"@type\":\"WebSite\",\"@id\":\"https:\/\/mediterraneo-rovinj.eu\/de\/#website\",\"url\":\"https:\/\/mediterraneo-rovinj.eu\/de\/\",\"name\":\"Mediterraneo Rovinj\",\"description\":\"Mediterraneo Rovinj\",\"publisher\":{\"@id\":\"https:\/\/mediterraneo-rovinj.eu\/de\/#organization\"},\"potentialAction\":[{\"@type\":\"SearchAction\",\"target\":{\"@type\":\"EntryPoint\",\"urlTemplate\":\"https:\/\/mediterraneo-rovinj.eu\/de\/?s={search_term_string}\"},\"query-input\":{\"@type\":\"PropertyValueSpecification\",\"valueRequired\":true,\"valueName\":\"search_term_string\"}}],\"inLanguage\":\"de\"},{\"@type\":\"Organization\",\"@id\":\"https:\/\/mediterraneo-rovinj.eu\/de\/#organization\",\"name\":\"Mediterraneo Rovinj\",\"url\":\"https:\/\/mediterraneo-rovinj.eu\/de\/\",\"logo\":{\"@type\":\"ImageObject\",\"inLanguage\":\"de\",\"@id\":\"https:\/\/mediterraneo-rovinj.eu\/de\/#\/schema\/logo\/image\/\",\"url\":\"https:\/\/mediterraneo-rovinj.eu\/wp-content\/uploads\/2023\/03\/mediterraneo_logo_2023.svg\",\"contentUrl\":\"https:\/\/mediterraneo-rovinj.eu\/wp-content\/uploads\/2023\/03\/mediterraneo_logo_2023.svg\",\"width\":179,\"height\":56,\"caption\":\"Mediterraneo Rovinj\"},\"image\":{\"@id\":\"https:\/\/mediterraneo-rovinj.eu\/de\/#\/schema\/logo\/image\/\"}}]}<\/script>\n<!-- \/ Yoast SEO plugin. -->","yoast_head_json":{"title":"Barrierefreiheit - Mediterraneo Rovinj","robots":{"index":"index","follow":"follow","max-snippet":"max-snippet:-1","max-image-preview":"max-image-preview:large","max-video-preview":"max-video-preview:-1"},"canonical":"https:\/\/mediterraneo-rovinj.eu\/de\/lernen-sie-istrien-kennen\/barrierefreiheit\/","og_locale":"de_DE","og_type":"article","og_title":"Barrierefreiheit - Mediterraneo Rovinj","og_description":"Sie k\u00f6nnen Rovinj mit dem Auto, Flugzeug, Bus, Schiff oder Zug erreichen. Rovinj ist sicherlich ein sehr gut erreichbares Touristenziel, was sich an der N\u00e4he zu Autobahnen, dem Flughafen und der guten Verkehrsinfrastruktur in der Stadt selbst zeigt. Wenn Sie mit dem Auto aus dem Norden kommen, nehmen Sie am besten die Autobahn von Villach [&hellip;]","og_url":"https:\/\/mediterraneo-rovinj.eu\/de\/lernen-sie-istrien-kennen\/barrierefreiheit\/","og_site_name":"Mediterraneo Rovinj","twitter_card":"summary_large_image","twitter_misc":{"Gesch\u00e4tzte Lesezeit":"1\u00a0Minute"},"schema":{"@context":"https:\/\/schema.org","@graph":[{"@type":"WebPage","@id":"https:\/\/mediterraneo-rovinj.eu\/de\/lernen-sie-istrien-kennen\/barrierefreiheit\/","url":"https:\/\/mediterraneo-rovinj.eu\/de\/lernen-sie-istrien-kennen\/barrierefreiheit\/","name":"Barrierefreiheit - Mediterraneo Rovinj","isPartOf":{"@id":"https:\/\/mediterraneo-rovinj.eu\/de\/#website"},"primaryImageOfPage":{"@id":"https:\/\/mediterraneo-rovinj.eu\/de\/lernen-sie-istrien-kennen\/barrierefreiheit\/#primaryimage"},"image":{"@id":"https:\/\/mediterraneo-rovinj.eu\/de\/lernen-sie-istrien-kennen\/barrierefreiheit\/#primaryimage"},"thumbnailUrl":"https:\/\/mediterraneo-rovinj.eu\/wp-content\/uploads\/2023\/03\/pristupacnost.jpeg","datePublished":"2023-05-18T13:48:37+00:00","breadcrumb":{"@id":"https:\/\/mediterraneo-rovinj.eu\/de\/lernen-sie-istrien-kennen\/barrierefreiheit\/#breadcrumb"},"inLanguage":"de","potentialAction":[{"@type":"ReadAction","target":["https:\/\/mediterraneo-rovinj.eu\/de\/lernen-sie-istrien-kennen\/barrierefreiheit\/"]}]},{"@type":"ImageObject","inLanguage":"de","@id":"https:\/\/mediterraneo-rovinj.eu\/de\/lernen-sie-istrien-kennen\/barrierefreiheit\/#primaryimage","url":"https:\/\/mediterraneo-rovinj.eu\/wp-content\/uploads\/2023\/03\/pristupacnost.jpeg","contentUrl":"https:\/\/mediterraneo-rovinj.eu\/wp-content\/uploads\/2023\/03\/pristupacnost.jpeg","width":2000,"height":1334},{"@type":"BreadcrumbList","@id":"https:\/\/mediterraneo-rovinj.eu\/de\/lernen-sie-istrien-kennen\/barrierefreiheit\/#breadcrumb","itemListElement":[{"@type":"ListItem","position":1,"name":"Home","item":"https:\/\/mediterraneo-rovinj.eu\/de\/"},{"@type":"ListItem","position":2,"name":"Barrierefreiheit"}]},{"@type":"WebSite","@id":"https:\/\/mediterraneo-rovinj.eu\/de\/#website","url":"https:\/\/mediterraneo-rovinj.eu\/de\/","name":"Mediterraneo Rovinj","description":"Mediterraneo Rovinj","publisher":{"@id":"https:\/\/mediterraneo-rovinj.eu\/de\/#organization"},"potentialAction":[{"@type":"SearchAction","target":{"@type":"EntryPoint","urlTemplate":"https:\/\/mediterraneo-rovinj.eu\/de\/?s={search_term_string}"},"query-input":{"@type":"PropertyValueSpecification","valueRequired":true,"valueName":"search_term_string"}}],"inLanguage":"de"},{"@type":"Organization","@id":"https:\/\/mediterraneo-rovinj.eu\/de\/#organization","name":"Mediterraneo Rovinj","url":"https:\/\/mediterraneo-rovinj.eu\/de\/","logo":{"@type":"ImageObject","inLanguage":"de","@id":"https:\/\/mediterraneo-rovinj.eu\/de\/#\/schema\/logo\/image\/","url":"https:\/\/mediterraneo-rovinj.eu\/wp-content\/uploads\/2023\/03\/mediterraneo_logo_2023.svg","contentUrl":"https:\/\/mediterraneo-rovinj.eu\/wp-content\/uploads\/2023\/03\/mediterraneo_logo_2023.svg","width":179,"height":56,"caption":"Mediterraneo Rovinj"},"image":{"@id":"https:\/\/mediterraneo-rovinj.eu\/de\/#\/schema\/logo\/image\/"}}]}},"_links":{"self":[{"href":"https:\/\/mediterraneo-rovinj.eu\/de\/wp-json\/wp\/v2\/pages\/3922","targetHints":{"allow":["GET"]}}],"collection":[{"href":"https:\/\/mediterraneo-rovinj.eu\/de\/wp-json\/wp\/v2\/pages"}],"about":[{"href":"https:\/\/mediterraneo-rovinj.eu\/de\/wp-json\/wp\/v2\/types\/page"}],"author":[{"embeddable":true,"href":"https:\/\/mediterraneo-rovinj.eu\/de\/wp-json\/wp\/v2\/users\/1"}],"replies":[{"embeddable":true,"href":"https:\/\/mediterraneo-rovinj.eu\/de\/wp-json\/wp\/v2\/comments?post=3922"}],"version-history":[{"count":0,"href":"https:\/\/mediterraneo-rovinj.eu\/de\/wp-json\/wp\/v2\/pages\/3922\/revisions"}],"up":[{"embeddable":true,"href":"https:\/\/mediterraneo-rovinj.eu\/de\/wp-json\/wp\/v2\/pages\/3940"}],"wp:featuredmedia":[{"embeddable":true,"href":"https:\/\/mediterraneo-rovinj.eu\/de\/wp-json\/wp\/v2\/media\/3452"}],"wp:attachment":[{"href":"https:\/\/mediterraneo-rovinj.eu\/de\/wp-json\/wp\/v2\/media?parent=3922"}],"curies":[{"name":"wp","href":"https:\/\/api.w.org\/{rel}","templated":true}]}}