{"id":3929,"date":"2023-05-18T15:18:33","date_gmt":"2023-05-18T15:18:33","guid":{"rendered":"https:\/\/mediterraneo-rovinj.eu\/ueber-uns\/"},"modified":"2023-05-18T15:18:33","modified_gmt":"2023-05-18T15:18:33","slug":"ueber-uns","status":"publish","type":"page","link":"https:\/\/mediterraneo-rovinj.eu\/de\/ueber-uns\/","title":{"rendered":"\u00fcber uns"},"content":{"rendered":"<p>Die Agentur Mediterraneo wurde 2006 aus einem einfachen Grund gegr\u00fcndet: Sie hei\u00dft G\u00e4ste willkommen, die das sch\u00f6ne Rovinj besuchen.<\/p>\n<p>Der Besitzer, Herr Jasmin Huski\u0107, wusste, dass er mit seinen Kommunikationsf\u00e4higkeiten, seiner Mehrsprachigkeit und seinen detaillierten Kenntnissen \u00fcber seine Heimatstadt Rovinj genau das tun konnte. Er gr\u00fcndete die Agentur Mediterraneo und hilft mit seinem Team Touristen, die eine qualitativ hochwertige Unterkunft und einen Urlaub suchen.<\/p>\n<p>Von Anfang an hat die Agentur viele G\u00e4ste untergebracht und viele tolle Freundschaften geschlossen. Das Ziel besteht stets darin, die Bed\u00fcrfnisse und W\u00fcnsche der G\u00e4ste zu erf\u00fcllen, die in den von dieser Agentur verwalteten Unterk\u00fcnften \u00fcbernachten. F\u00fcr das Mediterraneo-Team ist jeder Gast etwas Besonderes und erh\u00e4lt eine besondere Behandlung entsprechend seinen Bed\u00fcrfnissen. Agentur verwaltet viele Wohnungen und H\u00e4user. Sie befinden sich gr\u00f6\u00dftenteils in der Altstadt von Rovinj. Allerdings gibt es einige Grundst\u00fccke, die an der Periferie von Rovinj liegen. Alle Unterk\u00fcnfte sind von hoher Qualit\u00e4t und wundersch\u00f6n eingerichtet.<\/p>\n<p>Mit dem Wachstum dieser Agentur im Laufe der Jahre wuchsen auch die Erwartungen und F\u00e4higkeiten. Nun kann die Agentur Mediterraneo mit Freude sagen, dass es eine gro\u00dfe Anzahl von G\u00e4sten gab, die mit unserer Arbeit hochzufrieden waren. Viele tolle Bewertungen sprechen f\u00fcr ein gutes und organisiertes Team, das hinter dieser Agentur steht.<\/p>\n<p>Unsere Agentur ist hier, um Ihnen ein fantastisches Erlebnis w\u00e4hrend Ihres Aufenthalts in der wundersch\u00f6nen Stadt Rovinj zu bieten.<\/p>\n","protected":false},"excerpt":{"rendered":"<p>Die Agentur Mediterraneo wurde 2006 aus einem einfachen Grund gegr\u00fcndet: Sie hei\u00dft G\u00e4ste willkommen, die das sch\u00f6ne Rovinj besuchen. Der Besitzer, Herr Jasmin Huski\u0107, wusste, dass er mit seinen Kommunikationsf\u00e4higkeiten, seiner Mehrsprachigkeit und seinen detaillierten Kenntnissen \u00fcber seine Heimatstadt Rovinj genau das tun konnte. Er gr\u00fcndete die Agentur Mediterraneo und hilft mit seinem Team Touristen, [&hellip;]<\/p>\n","protected":false},"author":1,"featured_media":0,"parent":0,"menu_order":0,"comment_status":"closed","ping_status":"closed","template":"templates\/page-cms.php","meta":{"_acf_changed":false,"footnotes":""},"class_list":["post-3929","page","type-page","status-publish","hentry"],"acf":[],"yoast_head":"<!-- This site is optimized with the Yoast SEO plugin v27.2 - https:\/\/yoast.com\/product\/yoast-seo-wordpress\/ -->\n<title>Mediterraneo Agency \u00fcber uns - Mediterraneo Rovinj<\/title>\n<meta name=\"description\" content=\"Mediterraneo Agency ist ein Reiseb\u00fcro mit langj\u00e4hriger Erfahrung, das Unterk\u00fcnfte im wundersch\u00f6nen Rovinj anbietet.\" \/>\n<meta name=\"robots\" content=\"index, follow, max-snippet:-1, max-image-preview:large, max-video-preview:-1\" \/>\n<link rel=\"canonical\" href=\"https:\/\/mediterraneo-rovinj.eu\/de\/ueber-uns\/\" \/>\n<meta property=\"og:locale\" content=\"de_DE\" \/>\n<meta property=\"og:type\" content=\"article\" \/>\n<meta property=\"og:title\" content=\"Mediterraneo Agency \u00fcber uns - Mediterraneo Rovinj\" \/>\n<meta property=\"og:description\" content=\"Mediterraneo Agency ist ein Reiseb\u00fcro mit langj\u00e4hriger Erfahrung, das Unterk\u00fcnfte im wundersch\u00f6nen Rovinj anbietet.\" \/>\n<meta property=\"og:url\" content=\"https:\/\/mediterraneo-rovinj.eu\/de\/ueber-uns\/\" \/>\n<meta property=\"og:site_name\" content=\"Mediterraneo Rovinj\" \/>\n<meta name=\"twitter:card\" content=\"summary_large_image\" \/>\n<meta name=\"twitter:label1\" content=\"Gesch\u00e4tzte Lesezeit\" \/>\n\t<meta name=\"twitter:data1\" content=\"1\u00a0Minute\" \/>\n<script type=\"application\/ld+json\" class=\"yoast-schema-graph\">{\"@context\":\"https:\/\/schema.org\",\"@graph\":[{\"@type\":\"WebPage\",\"@id\":\"https:\/\/mediterraneo-rovinj.eu\/de\/ueber-uns\/\",\"url\":\"https:\/\/mediterraneo-rovinj.eu\/de\/ueber-uns\/\",\"name\":\"Mediterraneo Agency \u00fcber uns - Mediterraneo Rovinj\",\"isPartOf\":{\"@id\":\"https:\/\/mediterraneo-rovinj.eu\/de\/#website\"},\"datePublished\":\"2023-05-18T15:18:33+00:00\",\"description\":\"Mediterraneo Agency ist ein Reiseb\u00fcro mit langj\u00e4hriger Erfahrung, das Unterk\u00fcnfte im wundersch\u00f6nen Rovinj anbietet.\",\"breadcrumb\":{\"@id\":\"https:\/\/mediterraneo-rovinj.eu\/de\/ueber-uns\/#breadcrumb\"},\"inLanguage\":\"de\",\"potentialAction\":[{\"@type\":\"ReadAction\",\"target\":[\"https:\/\/mediterraneo-rovinj.eu\/de\/ueber-uns\/\"]}]},{\"@type\":\"BreadcrumbList\",\"@id\":\"https:\/\/mediterraneo-rovinj.eu\/de\/ueber-uns\/#breadcrumb\",\"itemListElement\":[{\"@type\":\"ListItem\",\"position\":1,\"name\":\"Home\",\"item\":\"https:\/\/mediterraneo-rovinj.eu\/de\/\"},{\"@type\":\"ListItem\",\"position\":2,\"name\":\"\u00fcber uns\"}]},{\"@type\":\"WebSite\",\"@id\":\"https:\/\/mediterraneo-rovinj.eu\/de\/#website\",\"url\":\"https:\/\/mediterraneo-rovinj.eu\/de\/\",\"name\":\"Mediterraneo Rovinj\",\"description\":\"Mediterraneo Rovinj\",\"publisher\":{\"@id\":\"https:\/\/mediterraneo-rovinj.eu\/de\/#organization\"},\"potentialAction\":[{\"@type\":\"SearchAction\",\"target\":{\"@type\":\"EntryPoint\",\"urlTemplate\":\"https:\/\/mediterraneo-rovinj.eu\/de\/?s={search_term_string}\"},\"query-input\":{\"@type\":\"PropertyValueSpecification\",\"valueRequired\":true,\"valueName\":\"search_term_string\"}}],\"inLanguage\":\"de\"},{\"@type\":\"Organization\",\"@id\":\"https:\/\/mediterraneo-rovinj.eu\/de\/#organization\",\"name\":\"Mediterraneo Rovinj\",\"url\":\"https:\/\/mediterraneo-rovinj.eu\/de\/\",\"logo\":{\"@type\":\"ImageObject\",\"inLanguage\":\"de\",\"@id\":\"https:\/\/mediterraneo-rovinj.eu\/de\/#\/schema\/logo\/image\/\",\"url\":\"https:\/\/mediterraneo-rovinj.eu\/wp-content\/uploads\/2023\/03\/mediterraneo_logo_2023.svg\",\"contentUrl\":\"https:\/\/mediterraneo-rovinj.eu\/wp-content\/uploads\/2023\/03\/mediterraneo_logo_2023.svg\",\"width\":179,\"height\":56,\"caption\":\"Mediterraneo Rovinj\"},\"image\":{\"@id\":\"https:\/\/mediterraneo-rovinj.eu\/de\/#\/schema\/logo\/image\/\"}}]}<\/script>\n<!-- \/ Yoast SEO plugin. -->","yoast_head_json":{"title":"Mediterraneo Agency \u00fcber uns - Mediterraneo Rovinj","description":"Mediterraneo Agency ist ein Reiseb\u00fcro mit langj\u00e4hriger Erfahrung, das Unterk\u00fcnfte im wundersch\u00f6nen Rovinj anbietet.","robots":{"index":"index","follow":"follow","max-snippet":"max-snippet:-1","max-image-preview":"max-image-preview:large","max-video-preview":"max-video-preview:-1"},"canonical":"https:\/\/mediterraneo-rovinj.eu\/de\/ueber-uns\/","og_locale":"de_DE","og_type":"article","og_title":"Mediterraneo Agency \u00fcber uns - Mediterraneo Rovinj","og_description":"Mediterraneo Agency ist ein Reiseb\u00fcro mit langj\u00e4hriger Erfahrung, das Unterk\u00fcnfte im wundersch\u00f6nen Rovinj anbietet.","og_url":"https:\/\/mediterraneo-rovinj.eu\/de\/ueber-uns\/","og_site_name":"Mediterraneo Rovinj","twitter_card":"summary_large_image","twitter_misc":{"Gesch\u00e4tzte Lesezeit":"1\u00a0Minute"},"schema":{"@context":"https:\/\/schema.org","@graph":[{"@type":"WebPage","@id":"https:\/\/mediterraneo-rovinj.eu\/de\/ueber-uns\/","url":"https:\/\/mediterraneo-rovinj.eu\/de\/ueber-uns\/","name":"Mediterraneo Agency \u00fcber uns - Mediterraneo Rovinj","isPartOf":{"@id":"https:\/\/mediterraneo-rovinj.eu\/de\/#website"},"datePublished":"2023-05-18T15:18:33+00:00","description":"Mediterraneo Agency ist ein Reiseb\u00fcro mit langj\u00e4hriger Erfahrung, das Unterk\u00fcnfte im wundersch\u00f6nen Rovinj anbietet.","breadcrumb":{"@id":"https:\/\/mediterraneo-rovinj.eu\/de\/ueber-uns\/#breadcrumb"},"inLanguage":"de","potentialAction":[{"@type":"ReadAction","target":["https:\/\/mediterraneo-rovinj.eu\/de\/ueber-uns\/"]}]},{"@type":"BreadcrumbList","@id":"https:\/\/mediterraneo-rovinj.eu\/de\/ueber-uns\/#breadcrumb","itemListElement":[{"@type":"ListItem","position":1,"name":"Home","item":"https:\/\/mediterraneo-rovinj.eu\/de\/"},{"@type":"ListItem","position":2,"name":"\u00fcber uns"}]},{"@type":"WebSite","@id":"https:\/\/mediterraneo-rovinj.eu\/de\/#website","url":"https:\/\/mediterraneo-rovinj.eu\/de\/","name":"Mediterraneo Rovinj","description":"Mediterraneo Rovinj","publisher":{"@id":"https:\/\/mediterraneo-rovinj.eu\/de\/#organization"},"potentialAction":[{"@type":"SearchAction","target":{"@type":"EntryPoint","urlTemplate":"https:\/\/mediterraneo-rovinj.eu\/de\/?s={search_term_string}"},"query-input":{"@type":"PropertyValueSpecification","valueRequired":true,"valueName":"search_term_string"}}],"inLanguage":"de"},{"@type":"Organization","@id":"https:\/\/mediterraneo-rovinj.eu\/de\/#organization","name":"Mediterraneo Rovinj","url":"https:\/\/mediterraneo-rovinj.eu\/de\/","logo":{"@type":"ImageObject","inLanguage":"de","@id":"https:\/\/mediterraneo-rovinj.eu\/de\/#\/schema\/logo\/image\/","url":"https:\/\/mediterraneo-rovinj.eu\/wp-content\/uploads\/2023\/03\/mediterraneo_logo_2023.svg","contentUrl":"https:\/\/mediterraneo-rovinj.eu\/wp-content\/uploads\/2023\/03\/mediterraneo_logo_2023.svg","width":179,"height":56,"caption":"Mediterraneo Rovinj"},"image":{"@id":"https:\/\/mediterraneo-rovinj.eu\/de\/#\/schema\/logo\/image\/"}}]}},"_links":{"self":[{"href":"https:\/\/mediterraneo-rovinj.eu\/de\/wp-json\/wp\/v2\/pages\/3929","targetHints":{"allow":["GET"]}}],"collection":[{"href":"https:\/\/mediterraneo-rovinj.eu\/de\/wp-json\/wp\/v2\/pages"}],"about":[{"href":"https:\/\/mediterraneo-rovinj.eu\/de\/wp-json\/wp\/v2\/types\/page"}],"author":[{"embeddable":true,"href":"https:\/\/mediterraneo-rovinj.eu\/de\/wp-json\/wp\/v2\/users\/1"}],"replies":[{"embeddable":true,"href":"https:\/\/mediterraneo-rovinj.eu\/de\/wp-json\/wp\/v2\/comments?post=3929"}],"version-history":[{"count":0,"href":"https:\/\/mediterraneo-rovinj.eu\/de\/wp-json\/wp\/v2\/pages\/3929\/revisions"}],"wp:attachment":[{"href":"https:\/\/mediterraneo-rovinj.eu\/de\/wp-json\/wp\/v2\/media?parent=3929"}],"curies":[{"name":"wp","href":"https:\/\/api.w.org\/{rel}","templated":true}]}}