{"id":3931,"date":"2023-05-18T15:34:09","date_gmt":"2023-05-18T15:34:09","guid":{"rendered":"https:\/\/mediterraneo-rovinj.eu\/startseite\/"},"modified":"2025-03-05T11:10:28","modified_gmt":"2025-03-05T10:10:28","slug":"startseite","status":"publish","type":"page","link":"https:\/\/mediterraneo-rovinj.eu\/de\/","title":{"rendered":"Startseite"},"content":{"rendered":"","protected":false},"excerpt":{"rendered":"","protected":false},"author":1,"featured_media":0,"parent":0,"menu_order":0,"comment_status":"closed","ping_status":"closed","template":"templates\/page-homepage.php","meta":{"_acf_changed":false,"footnotes":""},"class_list":["post-3931","page","type-page","status-publish","hentry"],"acf":[],"yoast_head":"<!-- This site is optimized with the Yoast SEO plugin v27.2 - https:\/\/yoast.com\/product\/yoast-seo-wordpress\/ -->\n<title>Mediterraneo Rovinj - Travel Agency<\/title>\n<meta name=\"description\" content=\"Mediterraneo ist ein Reiseb\u00fcro mit Sitz in der Stadt Rovinj, Kroatien. F\u00fcr Informationen jeglicher Art stehen wir Ihnen gerne zur Verf\u00fcgung! Buchen Sie jetzt!\" \/>\n<meta name=\"robots\" content=\"index, follow, max-snippet:-1, max-image-preview:large, max-video-preview:-1\" \/>\n<link rel=\"canonical\" href=\"https:\/\/mediterraneo-rovinj.eu\/de\/\" \/>\n<meta property=\"og:locale\" content=\"de_DE\" \/>\n<meta property=\"og:type\" content=\"article\" \/>\n<meta property=\"og:title\" content=\"Mediterraneo Rovinj - Travel Agency\" \/>\n<meta property=\"og:description\" content=\"Mediterraneo ist ein Reiseb\u00fcro mit Sitz in der Stadt Rovinj, Kroatien. F\u00fcr Informationen jeglicher Art stehen wir Ihnen gerne zur Verf\u00fcgung! Buchen Sie jetzt!\" \/>\n<meta property=\"og:url\" content=\"https:\/\/mediterraneo-rovinj.eu\/de\/\" \/>\n<meta property=\"og:site_name\" content=\"Mediterraneo Rovinj\" \/>\n<meta property=\"article:modified_time\" content=\"2025-03-05T10:10:28+00:00\" \/>\n<meta name=\"twitter:card\" content=\"summary_large_image\" \/>\n<script type=\"application\/ld+json\" class=\"yoast-schema-graph\">{\"@context\":\"https:\/\/schema.org\",\"@graph\":[{\"@type\":\"WebPage\",\"@id\":\"https:\/\/mediterraneo-rovinj.eu\/de\/\",\"url\":\"https:\/\/mediterraneo-rovinj.eu\/de\/\",\"name\":\"Mediterraneo Rovinj - Travel Agency\",\"isPartOf\":{\"@id\":\"https:\/\/mediterraneo-rovinj.eu\/de\/#website\"},\"datePublished\":\"2023-05-18T15:34:09+00:00\",\"dateModified\":\"2025-03-05T10:10:28+00:00\",\"description\":\"Mediterraneo ist ein Reiseb\u00fcro mit Sitz in der Stadt Rovinj, Kroatien. F\u00fcr Informationen jeglicher Art stehen wir Ihnen gerne zur Verf\u00fcgung! Buchen Sie jetzt!\",\"breadcrumb\":{\"@id\":\"https:\/\/mediterraneo-rovinj.eu\/de\/#breadcrumb\"},\"inLanguage\":\"de\",\"potentialAction\":[{\"@type\":\"ReadAction\",\"target\":[\"https:\/\/mediterraneo-rovinj.eu\/de\/\"]}]},{\"@type\":\"BreadcrumbList\",\"@id\":\"https:\/\/mediterraneo-rovinj.eu\/de\/#breadcrumb\",\"itemListElement\":[{\"@type\":\"ListItem\",\"position\":1,\"name\":\"Home\",\"item\":\"https:\/\/mediterraneo-rovinj.eu\/de\/\"},{\"@type\":\"ListItem\",\"position\":2,\"name\":\"Startseite\"}]},{\"@type\":\"WebSite\",\"@id\":\"https:\/\/mediterraneo-rovinj.eu\/de\/#website\",\"url\":\"https:\/\/mediterraneo-rovinj.eu\/de\/\",\"name\":\"Mediterraneo Rovinj\",\"description\":\"Mediterraneo Rovinj\",\"publisher\":{\"@id\":\"https:\/\/mediterraneo-rovinj.eu\/de\/#organization\"},\"potentialAction\":[{\"@type\":\"SearchAction\",\"target\":{\"@type\":\"EntryPoint\",\"urlTemplate\":\"https:\/\/mediterraneo-rovinj.eu\/de\/?s={search_term_string}\"},\"query-input\":{\"@type\":\"PropertyValueSpecification\",\"valueRequired\":true,\"valueName\":\"search_term_string\"}}],\"inLanguage\":\"de\"},{\"@type\":\"Organization\",\"@id\":\"https:\/\/mediterraneo-rovinj.eu\/de\/#organization\",\"name\":\"Mediterraneo Rovinj\",\"url\":\"https:\/\/mediterraneo-rovinj.eu\/de\/\",\"logo\":{\"@type\":\"ImageObject\",\"inLanguage\":\"de\",\"@id\":\"https:\/\/mediterraneo-rovinj.eu\/de\/#\/schema\/logo\/image\/\",\"url\":\"https:\/\/mediterraneo-rovinj.eu\/wp-content\/uploads\/2023\/03\/mediterraneo_logo_2023.svg\",\"contentUrl\":\"https:\/\/mediterraneo-rovinj.eu\/wp-content\/uploads\/2023\/03\/mediterraneo_logo_2023.svg\",\"width\":179,\"height\":56,\"caption\":\"Mediterraneo Rovinj\"},\"image\":{\"@id\":\"https:\/\/mediterraneo-rovinj.eu\/de\/#\/schema\/logo\/image\/\"}}]}<\/script>\n<!-- \/ Yoast SEO plugin. -->","yoast_head_json":{"title":"Mediterraneo Rovinj - Travel Agency","description":"Mediterraneo ist ein Reiseb\u00fcro mit Sitz in der Stadt Rovinj, Kroatien. F\u00fcr Informationen jeglicher Art stehen wir Ihnen gerne zur Verf\u00fcgung! Buchen Sie jetzt!","robots":{"index":"index","follow":"follow","max-snippet":"max-snippet:-1","max-image-preview":"max-image-preview:large","max-video-preview":"max-video-preview:-1"},"canonical":"https:\/\/mediterraneo-rovinj.eu\/de\/","og_locale":"de_DE","og_type":"article","og_title":"Mediterraneo Rovinj - Travel Agency","og_description":"Mediterraneo ist ein Reiseb\u00fcro mit Sitz in der Stadt Rovinj, Kroatien. F\u00fcr Informationen jeglicher Art stehen wir Ihnen gerne zur Verf\u00fcgung! Buchen Sie jetzt!","og_url":"https:\/\/mediterraneo-rovinj.eu\/de\/","og_site_name":"Mediterraneo Rovinj","article_modified_time":"2025-03-05T10:10:28+00:00","twitter_card":"summary_large_image","schema":{"@context":"https:\/\/schema.org","@graph":[{"@type":"WebPage","@id":"https:\/\/mediterraneo-rovinj.eu\/de\/","url":"https:\/\/mediterraneo-rovinj.eu\/de\/","name":"Mediterraneo Rovinj - Travel Agency","isPartOf":{"@id":"https:\/\/mediterraneo-rovinj.eu\/de\/#website"},"datePublished":"2023-05-18T15:34:09+00:00","dateModified":"2025-03-05T10:10:28+00:00","description":"Mediterraneo ist ein Reiseb\u00fcro mit Sitz in der Stadt Rovinj, Kroatien. F\u00fcr Informationen jeglicher Art stehen wir Ihnen gerne zur Verf\u00fcgung! Buchen Sie jetzt!","breadcrumb":{"@id":"https:\/\/mediterraneo-rovinj.eu\/de\/#breadcrumb"},"inLanguage":"de","potentialAction":[{"@type":"ReadAction","target":["https:\/\/mediterraneo-rovinj.eu\/de\/"]}]},{"@type":"BreadcrumbList","@id":"https:\/\/mediterraneo-rovinj.eu\/de\/#breadcrumb","itemListElement":[{"@type":"ListItem","position":1,"name":"Home","item":"https:\/\/mediterraneo-rovinj.eu\/de\/"},{"@type":"ListItem","position":2,"name":"Startseite"}]},{"@type":"WebSite","@id":"https:\/\/mediterraneo-rovinj.eu\/de\/#website","url":"https:\/\/mediterraneo-rovinj.eu\/de\/","name":"Mediterraneo Rovinj","description":"Mediterraneo Rovinj","publisher":{"@id":"https:\/\/mediterraneo-rovinj.eu\/de\/#organization"},"potentialAction":[{"@type":"SearchAction","target":{"@type":"EntryPoint","urlTemplate":"https:\/\/mediterraneo-rovinj.eu\/de\/?s={search_term_string}"},"query-input":{"@type":"PropertyValueSpecification","valueRequired":true,"valueName":"search_term_string"}}],"inLanguage":"de"},{"@type":"Organization","@id":"https:\/\/mediterraneo-rovinj.eu\/de\/#organization","name":"Mediterraneo Rovinj","url":"https:\/\/mediterraneo-rovinj.eu\/de\/","logo":{"@type":"ImageObject","inLanguage":"de","@id":"https:\/\/mediterraneo-rovinj.eu\/de\/#\/schema\/logo\/image\/","url":"https:\/\/mediterraneo-rovinj.eu\/wp-content\/uploads\/2023\/03\/mediterraneo_logo_2023.svg","contentUrl":"https:\/\/mediterraneo-rovinj.eu\/wp-content\/uploads\/2023\/03\/mediterraneo_logo_2023.svg","width":179,"height":56,"caption":"Mediterraneo Rovinj"},"image":{"@id":"https:\/\/mediterraneo-rovinj.eu\/de\/#\/schema\/logo\/image\/"}}]}},"_links":{"self":[{"href":"https:\/\/mediterraneo-rovinj.eu\/de\/wp-json\/wp\/v2\/pages\/3931","targetHints":{"allow":["GET"]}}],"collection":[{"href":"https:\/\/mediterraneo-rovinj.eu\/de\/wp-json\/wp\/v2\/pages"}],"about":[{"href":"https:\/\/mediterraneo-rovinj.eu\/de\/wp-json\/wp\/v2\/types\/page"}],"author":[{"embeddable":true,"href":"https:\/\/mediterraneo-rovinj.eu\/de\/wp-json\/wp\/v2\/users\/1"}],"replies":[{"embeddable":true,"href":"https:\/\/mediterraneo-rovinj.eu\/de\/wp-json\/wp\/v2\/comments?post=3931"}],"version-history":[{"count":0,"href":"https:\/\/mediterraneo-rovinj.eu\/de\/wp-json\/wp\/v2\/pages\/3931\/revisions"}],"wp:attachment":[{"href":"https:\/\/mediterraneo-rovinj.eu\/de\/wp-json\/wp\/v2\/media?parent=3931"}],"curies":[{"name":"wp","href":"https:\/\/api.w.org\/{rel}","templated":true}]}}