{"id":3932,"date":"2023-05-18T15:36:47","date_gmt":"2023-05-18T15:36:47","guid":{"rendered":"https:\/\/mediterraneo-rovinj.eu\/mediterraneo-company\/"},"modified":"2023-05-18T15:36:47","modified_gmt":"2023-05-18T15:36:47","slug":"mediterraneo-company","status":"publish","type":"page","link":"https:\/\/mediterraneo-rovinj.eu\/de\/mediterraneo-company\/","title":{"rendered":"Mediterraneo Company"},"content":{"rendered":"<p>Mediterraneo Rovinj pr\u00e4sentiert ein Kleinstadtunternehmen, das aus kleineren Betrieben besteht. Bei diesen Einrichtungen handelt es sich um eine Agentur, eine Galerie und eine Cocktailbar.<\/p>\n<p>Die Agentur Mediterraneo ist eine Reiseagentur, die Unterk\u00fcnfte f\u00fcr G\u00e4ste bietet, die Rovinj besuchen. Es verwaltet viele hochwertige Wohnungen und H\u00e4user, die sich gr\u00f6\u00dftenteils in der Altstadt von Rovinj befinden.<\/p>\n<p>Die Galerie Mediterraneo ist eine kleine, farbenfrohe Galerie im Herzen der Altstadt von Rovinj. Dort k\u00f6nnen Sie viele interessante handgefertigte Souvenirs finden und kaufen und eine erstaunliche Kunst erleben, die vom Meer von Rovinj inspiriert ist. Dar\u00fcber hinaus dient die Galerie auch als Agenturb\u00fcro. Die Galerie befindet sich in Sv.Kri\u017ea 24, Rovinj, und jeder ist herzlich willkommen, die farbenfrohe, vom Rovinjer Meer inspirierte Kunst selbst zu erleben.<\/p>\n<p>An derselben Adresse, nur wenige Schritte entfernt, befindet sich die Bar Mediterraneo. Die Mediterraneo Bar ist eine sch\u00f6ne und charmante Bar, die an langen Sommertagen am Rande der Altstadt von Rovinj, direkt am Meer, gut besucht. Mit der farbenfrohen Terrasse, die den gleichen k\u00fcnstlerischen Touch wie die Galerie aufweist, ist die Bar ein wunderbarer Ort, um morgens einen Kaffee oder einen Cocktail zu genie\u00dfen und dabei den sch\u00f6nsten Sonnenuntergang zu erleben.<\/p>\n<p>Wie geschrieben, ist Mediterraneo Rovinj ein Unternehmen, das die Sch\u00f6nheit der malerischen Stadt Rovinj sch\u00e4tzt. Es nimmt diese Sch\u00f6nheit und setzt sie in der Arbeit um. Und so vereint es Sch\u00f6nheit, Kunst und Business.<\/p>\n","protected":false},"excerpt":{"rendered":"<p>Mediterraneo Rovinj pr\u00e4sentiert ein Kleinstadtunternehmen, das aus kleineren Betrieben besteht. Bei diesen Einrichtungen handelt es sich um eine Agentur, eine Galerie und eine Cocktailbar. Die Agentur Mediterraneo ist eine Reiseagentur, die Unterk\u00fcnfte f\u00fcr G\u00e4ste bietet, die Rovinj besuchen. Es verwaltet viele hochwertige Wohnungen und H\u00e4user, die sich gr\u00f6\u00dftenteils in der Altstadt von Rovinj befinden. Die [&hellip;]<\/p>\n","protected":false},"author":2,"featured_media":0,"parent":0,"menu_order":0,"comment_status":"closed","ping_status":"closed","template":"templates\/page-cms.php","meta":{"_acf_changed":false,"footnotes":""},"class_list":["post-3932","page","type-page","status-publish","hentry"],"acf":[],"yoast_head":"<!-- This site is optimized with the Yoast SEO plugin v27.2 - https:\/\/yoast.com\/product\/yoast-seo-wordpress\/ -->\n<title>Mediterraneo Rovinj - Mediterraneo Company<\/title>\n<meta name=\"description\" content=\"Mediterraneo Rovinj ist ein Mutterunternehmen der Mediterraneo-Agentur, der Mediterraneo-Galerie und der Mediterraneo-Bar.\" \/>\n<meta name=\"robots\" content=\"index, follow, max-snippet:-1, max-image-preview:large, max-video-preview:-1\" \/>\n<link rel=\"canonical\" href=\"https:\/\/mediterraneo-rovinj.eu\/de\/mediterraneo-company\/\" \/>\n<meta property=\"og:locale\" content=\"de_DE\" \/>\n<meta property=\"og:type\" content=\"article\" \/>\n<meta property=\"og:title\" content=\"Mediterraneo Rovinj - Mediterraneo Company\" \/>\n<meta property=\"og:description\" content=\"Mediterraneo Rovinj ist ein Mutterunternehmen der Mediterraneo-Agentur, der Mediterraneo-Galerie und der Mediterraneo-Bar.\" \/>\n<meta property=\"og:url\" content=\"https:\/\/mediterraneo-rovinj.eu\/de\/mediterraneo-company\/\" \/>\n<meta property=\"og:site_name\" content=\"Mediterraneo Rovinj\" \/>\n<meta name=\"twitter:card\" content=\"summary_large_image\" \/>\n<meta name=\"twitter:label1\" content=\"Gesch\u00e4tzte Lesezeit\" \/>\n\t<meta name=\"twitter:data1\" content=\"1\u00a0Minute\" \/>\n<script type=\"application\/ld+json\" class=\"yoast-schema-graph\">{\"@context\":\"https:\/\/schema.org\",\"@graph\":[{\"@type\":\"WebPage\",\"@id\":\"https:\/\/mediterraneo-rovinj.eu\/de\/mediterraneo-company\/\",\"url\":\"https:\/\/mediterraneo-rovinj.eu\/de\/mediterraneo-company\/\",\"name\":\"Mediterraneo Rovinj - Mediterraneo Company\",\"isPartOf\":{\"@id\":\"https:\/\/mediterraneo-rovinj.eu\/de\/#website\"},\"datePublished\":\"2023-05-18T15:36:47+00:00\",\"description\":\"Mediterraneo Rovinj ist ein Mutterunternehmen der Mediterraneo-Agentur, der Mediterraneo-Galerie und der Mediterraneo-Bar.\",\"breadcrumb\":{\"@id\":\"https:\/\/mediterraneo-rovinj.eu\/de\/mediterraneo-company\/#breadcrumb\"},\"inLanguage\":\"de\",\"potentialAction\":[{\"@type\":\"ReadAction\",\"target\":[\"https:\/\/mediterraneo-rovinj.eu\/de\/mediterraneo-company\/\"]}]},{\"@type\":\"BreadcrumbList\",\"@id\":\"https:\/\/mediterraneo-rovinj.eu\/de\/mediterraneo-company\/#breadcrumb\",\"itemListElement\":[{\"@type\":\"ListItem\",\"position\":1,\"name\":\"Home\",\"item\":\"https:\/\/mediterraneo-rovinj.eu\/de\/\"},{\"@type\":\"ListItem\",\"position\":2,\"name\":\"Mediterraneo Company\"}]},{\"@type\":\"WebSite\",\"@id\":\"https:\/\/mediterraneo-rovinj.eu\/de\/#website\",\"url\":\"https:\/\/mediterraneo-rovinj.eu\/de\/\",\"name\":\"Mediterraneo Rovinj\",\"description\":\"Mediterraneo Rovinj\",\"publisher\":{\"@id\":\"https:\/\/mediterraneo-rovinj.eu\/de\/#organization\"},\"potentialAction\":[{\"@type\":\"SearchAction\",\"target\":{\"@type\":\"EntryPoint\",\"urlTemplate\":\"https:\/\/mediterraneo-rovinj.eu\/de\/?s={search_term_string}\"},\"query-input\":{\"@type\":\"PropertyValueSpecification\",\"valueRequired\":true,\"valueName\":\"search_term_string\"}}],\"inLanguage\":\"de\"},{\"@type\":\"Organization\",\"@id\":\"https:\/\/mediterraneo-rovinj.eu\/de\/#organization\",\"name\":\"Mediterraneo Rovinj\",\"url\":\"https:\/\/mediterraneo-rovinj.eu\/de\/\",\"logo\":{\"@type\":\"ImageObject\",\"inLanguage\":\"de\",\"@id\":\"https:\/\/mediterraneo-rovinj.eu\/de\/#\/schema\/logo\/image\/\",\"url\":\"https:\/\/mediterraneo-rovinj.eu\/wp-content\/uploads\/2023\/03\/mediterraneo_logo_2023.svg\",\"contentUrl\":\"https:\/\/mediterraneo-rovinj.eu\/wp-content\/uploads\/2023\/03\/mediterraneo_logo_2023.svg\",\"width\":179,\"height\":56,\"caption\":\"Mediterraneo Rovinj\"},\"image\":{\"@id\":\"https:\/\/mediterraneo-rovinj.eu\/de\/#\/schema\/logo\/image\/\"}}]}<\/script>\n<!-- \/ Yoast SEO plugin. -->","yoast_head_json":{"title":"Mediterraneo Rovinj - Mediterraneo Company","description":"Mediterraneo Rovinj ist ein Mutterunternehmen der Mediterraneo-Agentur, der Mediterraneo-Galerie und der Mediterraneo-Bar.","robots":{"index":"index","follow":"follow","max-snippet":"max-snippet:-1","max-image-preview":"max-image-preview:large","max-video-preview":"max-video-preview:-1"},"canonical":"https:\/\/mediterraneo-rovinj.eu\/de\/mediterraneo-company\/","og_locale":"de_DE","og_type":"article","og_title":"Mediterraneo Rovinj - Mediterraneo Company","og_description":"Mediterraneo Rovinj ist ein Mutterunternehmen der Mediterraneo-Agentur, der Mediterraneo-Galerie und der Mediterraneo-Bar.","og_url":"https:\/\/mediterraneo-rovinj.eu\/de\/mediterraneo-company\/","og_site_name":"Mediterraneo Rovinj","twitter_card":"summary_large_image","twitter_misc":{"Gesch\u00e4tzte Lesezeit":"1\u00a0Minute"},"schema":{"@context":"https:\/\/schema.org","@graph":[{"@type":"WebPage","@id":"https:\/\/mediterraneo-rovinj.eu\/de\/mediterraneo-company\/","url":"https:\/\/mediterraneo-rovinj.eu\/de\/mediterraneo-company\/","name":"Mediterraneo Rovinj - Mediterraneo Company","isPartOf":{"@id":"https:\/\/mediterraneo-rovinj.eu\/de\/#website"},"datePublished":"2023-05-18T15:36:47+00:00","description":"Mediterraneo Rovinj ist ein Mutterunternehmen der Mediterraneo-Agentur, der Mediterraneo-Galerie und der Mediterraneo-Bar.","breadcrumb":{"@id":"https:\/\/mediterraneo-rovinj.eu\/de\/mediterraneo-company\/#breadcrumb"},"inLanguage":"de","potentialAction":[{"@type":"ReadAction","target":["https:\/\/mediterraneo-rovinj.eu\/de\/mediterraneo-company\/"]}]},{"@type":"BreadcrumbList","@id":"https:\/\/mediterraneo-rovinj.eu\/de\/mediterraneo-company\/#breadcrumb","itemListElement":[{"@type":"ListItem","position":1,"name":"Home","item":"https:\/\/mediterraneo-rovinj.eu\/de\/"},{"@type":"ListItem","position":2,"name":"Mediterraneo Company"}]},{"@type":"WebSite","@id":"https:\/\/mediterraneo-rovinj.eu\/de\/#website","url":"https:\/\/mediterraneo-rovinj.eu\/de\/","name":"Mediterraneo Rovinj","description":"Mediterraneo Rovinj","publisher":{"@id":"https:\/\/mediterraneo-rovinj.eu\/de\/#organization"},"potentialAction":[{"@type":"SearchAction","target":{"@type":"EntryPoint","urlTemplate":"https:\/\/mediterraneo-rovinj.eu\/de\/?s={search_term_string}"},"query-input":{"@type":"PropertyValueSpecification","valueRequired":true,"valueName":"search_term_string"}}],"inLanguage":"de"},{"@type":"Organization","@id":"https:\/\/mediterraneo-rovinj.eu\/de\/#organization","name":"Mediterraneo Rovinj","url":"https:\/\/mediterraneo-rovinj.eu\/de\/","logo":{"@type":"ImageObject","inLanguage":"de","@id":"https:\/\/mediterraneo-rovinj.eu\/de\/#\/schema\/logo\/image\/","url":"https:\/\/mediterraneo-rovinj.eu\/wp-content\/uploads\/2023\/03\/mediterraneo_logo_2023.svg","contentUrl":"https:\/\/mediterraneo-rovinj.eu\/wp-content\/uploads\/2023\/03\/mediterraneo_logo_2023.svg","width":179,"height":56,"caption":"Mediterraneo Rovinj"},"image":{"@id":"https:\/\/mediterraneo-rovinj.eu\/de\/#\/schema\/logo\/image\/"}}]}},"_links":{"self":[{"href":"https:\/\/mediterraneo-rovinj.eu\/de\/wp-json\/wp\/v2\/pages\/3932","targetHints":{"allow":["GET"]}}],"collection":[{"href":"https:\/\/mediterraneo-rovinj.eu\/de\/wp-json\/wp\/v2\/pages"}],"about":[{"href":"https:\/\/mediterraneo-rovinj.eu\/de\/wp-json\/wp\/v2\/types\/page"}],"author":[{"embeddable":true,"href":"https:\/\/mediterraneo-rovinj.eu\/de\/wp-json\/wp\/v2\/users\/2"}],"replies":[{"embeddable":true,"href":"https:\/\/mediterraneo-rovinj.eu\/de\/wp-json\/wp\/v2\/comments?post=3932"}],"version-history":[{"count":0,"href":"https:\/\/mediterraneo-rovinj.eu\/de\/wp-json\/wp\/v2\/pages\/3932\/revisions"}],"wp:attachment":[{"href":"https:\/\/mediterraneo-rovinj.eu\/de\/wp-json\/wp\/v2\/media?parent=3932"}],"curies":[{"name":"wp","href":"https:\/\/api.w.org\/{rel}","templated":true}]}}