{"id":3933,"date":"2023-05-18T15:37:47","date_gmt":"2023-05-18T15:37:47","guid":{"rendered":"https:\/\/mediterraneo-rovinj.eu\/rovinj\/"},"modified":"2023-05-18T15:37:47","modified_gmt":"2023-05-18T15:37:47","slug":"rovinj","status":"publish","type":"page","link":"https:\/\/mediterraneo-rovinj.eu\/de\/lernen-sie-istrien-kennen\/rovinj\/","title":{"rendered":"Rovinj"},"content":{"rendered":"<p>Rovinj\/Rovigno war bereits eine Siedlung venezianischer oder illyrischer St\u00e4mme, bevor es von den R\u00f6mern erobert wurde, die es Arupinium oder Mons Rubineus und sp\u00e4ter Ruginium und Ruvinium nannten. Es wurde auf einer Insel nahe der K\u00fcste erbaut und erst viel sp\u00e4ter, im Jahr 1763, durch Zusch\u00fcttung des Kanals mit dem Festland verbunden.<\/p>\n<p>Rovinj\/Rovigno wurde schlie\u00dflich in das Byzantinische Reich eingegliedert und sp\u00e4ter im 6. Jahrhundert Teil des Exarchats Ravenna, bevor es 788 vom Frankenreich \u00fcbernommen wurde. In den folgenden Jahrhunderten wurde es von einer Reihe von Feudalherren regiert, und 1209 wurde es vom Patriarchat von Aquileia unter Wolfger von Erla erworben.<\/p>\n<p>Von 1283 bis 1797 war Rovinj eine der wichtigsten St\u00e4dte Istriens und wurde von der Republik Venedig regiert. In dieser Zeit wurden drei Stadttore gebaut und Rovinj\/Rovigno durch zwei Reihen Verteidigungsmauern befestigt, von denen noch heute Reste zu sehen sind. In der N\u00e4he des Piers von Rovinj\/Rovigno befinden sich eines der alten Stadttore, der Balbi-Bogen aus dem Jahr 1680 und ein Uhrturm aus der Sp\u00e4trenaissance. Das erste Stadtstatut wurde 1531 verk\u00fcndet.<\/p>\n<p>Nach dem Fall Venedigs im Jahr 1797 und dem darauffolgenden napoleonischen Zwischenspiel wurde Rovinj\/Rovigno Teil des Kaiserreichs \u00d6sterreich, das bis zum Ersten Weltkrieg bestand. Laut der letzten \u00f6sterreichischen Volksz\u00e4hlung im Jahr 1911 waren 97,8 % der Bev\u00f6lkerung italienischsprachig. Anschlie\u00dfend geh\u00f6rte es von 1918 bis 1947 zum K\u00f6nigreich Italien, als es als Teil der SR Kroatien an die SFR Jugoslawien abgetreten wurde. Der urspr\u00fcngliche Stadtname Rovigno wurde dann in Rovinj ge\u00e4ndert. In der Nachkriegszeit verlie\u00dfen viele italienische Einwohner Rovinj, was zu erheblichen Ver\u00e4nderungen in der demografischen Struktur der Stadt f\u00fchrte.<\/p>\n<p>Nach der Unabh\u00e4ngigkeit Kroatiens im Jahr 1991 wurde die Stadt zu einem der wichtigsten Zentren der Gespanschaft Istrien, einer Verwaltungseinheit, die den gr\u00f6\u00dften Teil Istriens umfasst. Rovinj\/Rovigno ist heute nach Pula und Pore\u010d die drittgr\u00f6\u00dfte Stadt der Gespanschaft.<\/p>\n","protected":false},"excerpt":{"rendered":"<p>Rovinj\/Rovigno war bereits eine Siedlung venezianischer oder illyrischer St\u00e4mme, bevor es von den R\u00f6mern erobert wurde, die es Arupinium oder Mons Rubineus und sp\u00e4ter Ruginium und Ruvinium nannten. Es wurde auf einer Insel nahe der K\u00fcste erbaut und erst viel sp\u00e4ter, im Jahr 1763, durch Zusch\u00fcttung des Kanals mit dem Festland verbunden. Rovinj\/Rovigno wurde schlie\u00dflich [&hellip;]<\/p>\n","protected":false},"author":1,"featured_media":3450,"parent":3940,"menu_order":0,"comment_status":"closed","ping_status":"closed","template":"templates\/page-blog.php","meta":{"_acf_changed":false,"footnotes":""},"class_list":["post-3933","page","type-page","status-publish","has-post-thumbnail","hentry"],"acf":[],"yoast_head":"<!-- This site is optimized with the Yoast SEO plugin v27.2 - https:\/\/yoast.com\/product\/yoast-seo-wordpress\/ -->\n<title>Rovinj - Mediterraneo Rovinj<\/title>\n<meta name=\"robots\" content=\"index, follow, max-snippet:-1, max-image-preview:large, max-video-preview:-1\" \/>\n<link rel=\"canonical\" href=\"https:\/\/mediterraneo-rovinj.eu\/de\/lernen-sie-istrien-kennen\/rovinj\/\" \/>\n<meta property=\"og:locale\" content=\"de_DE\" \/>\n<meta property=\"og:type\" content=\"article\" \/>\n<meta property=\"og:title\" content=\"Rovinj - Mediterraneo Rovinj\" \/>\n<meta property=\"og:description\" content=\"Rovinj\/Rovigno war bereits eine Siedlung venezianischer oder illyrischer St\u00e4mme, bevor es von den R\u00f6mern erobert wurde, die es Arupinium oder Mons Rubineus und sp\u00e4ter Ruginium und Ruvinium nannten. Es wurde auf einer Insel nahe der K\u00fcste erbaut und erst viel sp\u00e4ter, im Jahr 1763, durch Zusch\u00fcttung des Kanals mit dem Festland verbunden. Rovinj\/Rovigno wurde schlie\u00dflich [&hellip;]\" \/>\n<meta property=\"og:url\" content=\"https:\/\/mediterraneo-rovinj.eu\/de\/lernen-sie-istrien-kennen\/rovinj\/\" \/>\n<meta property=\"og:site_name\" content=\"Mediterraneo Rovinj\" \/>\n<meta name=\"twitter:card\" content=\"summary_large_image\" \/>\n<meta name=\"twitter:label1\" content=\"Gesch\u00e4tzte Lesezeit\" \/>\n\t<meta name=\"twitter:data1\" content=\"2\u00a0Minuten\" \/>\n<script type=\"application\/ld+json\" class=\"yoast-schema-graph\">{\"@context\":\"https:\/\/schema.org\",\"@graph\":[{\"@type\":\"WebPage\",\"@id\":\"https:\/\/mediterraneo-rovinj.eu\/de\/lernen-sie-istrien-kennen\/rovinj\/\",\"url\":\"https:\/\/mediterraneo-rovinj.eu\/de\/lernen-sie-istrien-kennen\/rovinj\/\",\"name\":\"Rovinj - Mediterraneo Rovinj\",\"isPartOf\":{\"@id\":\"https:\/\/mediterraneo-rovinj.eu\/de\/#website\"},\"primaryImageOfPage\":{\"@id\":\"https:\/\/mediterraneo-rovinj.eu\/de\/lernen-sie-istrien-kennen\/rovinj\/#primaryimage\"},\"image\":{\"@id\":\"https:\/\/mediterraneo-rovinj.eu\/de\/lernen-sie-istrien-kennen\/rovinj\/#primaryimage\"},\"thumbnailUrl\":\"https:\/\/mediterraneo-rovinj.eu\/wp-content\/uploads\/2023\/03\/rovinj.jpeg\",\"datePublished\":\"2023-05-18T15:37:47+00:00\",\"breadcrumb\":{\"@id\":\"https:\/\/mediterraneo-rovinj.eu\/de\/lernen-sie-istrien-kennen\/rovinj\/#breadcrumb\"},\"inLanguage\":\"de\",\"potentialAction\":[{\"@type\":\"ReadAction\",\"target\":[\"https:\/\/mediterraneo-rovinj.eu\/de\/lernen-sie-istrien-kennen\/rovinj\/\"]}]},{\"@type\":\"ImageObject\",\"inLanguage\":\"de\",\"@id\":\"https:\/\/mediterraneo-rovinj.eu\/de\/lernen-sie-istrien-kennen\/rovinj\/#primaryimage\",\"url\":\"https:\/\/mediterraneo-rovinj.eu\/wp-content\/uploads\/2023\/03\/rovinj.jpeg\",\"contentUrl\":\"https:\/\/mediterraneo-rovinj.eu\/wp-content\/uploads\/2023\/03\/rovinj.jpeg\",\"width\":1080,\"height\":1350},{\"@type\":\"BreadcrumbList\",\"@id\":\"https:\/\/mediterraneo-rovinj.eu\/de\/lernen-sie-istrien-kennen\/rovinj\/#breadcrumb\",\"itemListElement\":[{\"@type\":\"ListItem\",\"position\":1,\"name\":\"Home\",\"item\":\"https:\/\/mediterraneo-rovinj.eu\/de\/\"},{\"@type\":\"ListItem\",\"position\":2,\"name\":\"Rovinj\"}]},{\"@type\":\"WebSite\",\"@id\":\"https:\/\/mediterraneo-rovinj.eu\/de\/#website\",\"url\":\"https:\/\/mediterraneo-rovinj.eu\/de\/\",\"name\":\"Mediterraneo Rovinj\",\"description\":\"Mediterraneo Rovinj\",\"publisher\":{\"@id\":\"https:\/\/mediterraneo-rovinj.eu\/de\/#organization\"},\"potentialAction\":[{\"@type\":\"SearchAction\",\"target\":{\"@type\":\"EntryPoint\",\"urlTemplate\":\"https:\/\/mediterraneo-rovinj.eu\/de\/?s={search_term_string}\"},\"query-input\":{\"@type\":\"PropertyValueSpecification\",\"valueRequired\":true,\"valueName\":\"search_term_string\"}}],\"inLanguage\":\"de\"},{\"@type\":\"Organization\",\"@id\":\"https:\/\/mediterraneo-rovinj.eu\/de\/#organization\",\"name\":\"Mediterraneo Rovinj\",\"url\":\"https:\/\/mediterraneo-rovinj.eu\/de\/\",\"logo\":{\"@type\":\"ImageObject\",\"inLanguage\":\"de\",\"@id\":\"https:\/\/mediterraneo-rovinj.eu\/de\/#\/schema\/logo\/image\/\",\"url\":\"https:\/\/mediterraneo-rovinj.eu\/wp-content\/uploads\/2023\/03\/mediterraneo_logo_2023.svg\",\"contentUrl\":\"https:\/\/mediterraneo-rovinj.eu\/wp-content\/uploads\/2023\/03\/mediterraneo_logo_2023.svg\",\"width\":179,\"height\":56,\"caption\":\"Mediterraneo Rovinj\"},\"image\":{\"@id\":\"https:\/\/mediterraneo-rovinj.eu\/de\/#\/schema\/logo\/image\/\"}}]}<\/script>\n<!-- \/ Yoast SEO plugin. -->","yoast_head_json":{"title":"Rovinj - Mediterraneo Rovinj","robots":{"index":"index","follow":"follow","max-snippet":"max-snippet:-1","max-image-preview":"max-image-preview:large","max-video-preview":"max-video-preview:-1"},"canonical":"https:\/\/mediterraneo-rovinj.eu\/de\/lernen-sie-istrien-kennen\/rovinj\/","og_locale":"de_DE","og_type":"article","og_title":"Rovinj - Mediterraneo Rovinj","og_description":"Rovinj\/Rovigno war bereits eine Siedlung venezianischer oder illyrischer St\u00e4mme, bevor es von den R\u00f6mern erobert wurde, die es Arupinium oder Mons Rubineus und sp\u00e4ter Ruginium und Ruvinium nannten. Es wurde auf einer Insel nahe der K\u00fcste erbaut und erst viel sp\u00e4ter, im Jahr 1763, durch Zusch\u00fcttung des Kanals mit dem Festland verbunden. Rovinj\/Rovigno wurde schlie\u00dflich [&hellip;]","og_url":"https:\/\/mediterraneo-rovinj.eu\/de\/lernen-sie-istrien-kennen\/rovinj\/","og_site_name":"Mediterraneo Rovinj","twitter_card":"summary_large_image","twitter_misc":{"Gesch\u00e4tzte Lesezeit":"2\u00a0Minuten"},"schema":{"@context":"https:\/\/schema.org","@graph":[{"@type":"WebPage","@id":"https:\/\/mediterraneo-rovinj.eu\/de\/lernen-sie-istrien-kennen\/rovinj\/","url":"https:\/\/mediterraneo-rovinj.eu\/de\/lernen-sie-istrien-kennen\/rovinj\/","name":"Rovinj - Mediterraneo Rovinj","isPartOf":{"@id":"https:\/\/mediterraneo-rovinj.eu\/de\/#website"},"primaryImageOfPage":{"@id":"https:\/\/mediterraneo-rovinj.eu\/de\/lernen-sie-istrien-kennen\/rovinj\/#primaryimage"},"image":{"@id":"https:\/\/mediterraneo-rovinj.eu\/de\/lernen-sie-istrien-kennen\/rovinj\/#primaryimage"},"thumbnailUrl":"https:\/\/mediterraneo-rovinj.eu\/wp-content\/uploads\/2023\/03\/rovinj.jpeg","datePublished":"2023-05-18T15:37:47+00:00","breadcrumb":{"@id":"https:\/\/mediterraneo-rovinj.eu\/de\/lernen-sie-istrien-kennen\/rovinj\/#breadcrumb"},"inLanguage":"de","potentialAction":[{"@type":"ReadAction","target":["https:\/\/mediterraneo-rovinj.eu\/de\/lernen-sie-istrien-kennen\/rovinj\/"]}]},{"@type":"ImageObject","inLanguage":"de","@id":"https:\/\/mediterraneo-rovinj.eu\/de\/lernen-sie-istrien-kennen\/rovinj\/#primaryimage","url":"https:\/\/mediterraneo-rovinj.eu\/wp-content\/uploads\/2023\/03\/rovinj.jpeg","contentUrl":"https:\/\/mediterraneo-rovinj.eu\/wp-content\/uploads\/2023\/03\/rovinj.jpeg","width":1080,"height":1350},{"@type":"BreadcrumbList","@id":"https:\/\/mediterraneo-rovinj.eu\/de\/lernen-sie-istrien-kennen\/rovinj\/#breadcrumb","itemListElement":[{"@type":"ListItem","position":1,"name":"Home","item":"https:\/\/mediterraneo-rovinj.eu\/de\/"},{"@type":"ListItem","position":2,"name":"Rovinj"}]},{"@type":"WebSite","@id":"https:\/\/mediterraneo-rovinj.eu\/de\/#website","url":"https:\/\/mediterraneo-rovinj.eu\/de\/","name":"Mediterraneo Rovinj","description":"Mediterraneo Rovinj","publisher":{"@id":"https:\/\/mediterraneo-rovinj.eu\/de\/#organization"},"potentialAction":[{"@type":"SearchAction","target":{"@type":"EntryPoint","urlTemplate":"https:\/\/mediterraneo-rovinj.eu\/de\/?s={search_term_string}"},"query-input":{"@type":"PropertyValueSpecification","valueRequired":true,"valueName":"search_term_string"}}],"inLanguage":"de"},{"@type":"Organization","@id":"https:\/\/mediterraneo-rovinj.eu\/de\/#organization","name":"Mediterraneo Rovinj","url":"https:\/\/mediterraneo-rovinj.eu\/de\/","logo":{"@type":"ImageObject","inLanguage":"de","@id":"https:\/\/mediterraneo-rovinj.eu\/de\/#\/schema\/logo\/image\/","url":"https:\/\/mediterraneo-rovinj.eu\/wp-content\/uploads\/2023\/03\/mediterraneo_logo_2023.svg","contentUrl":"https:\/\/mediterraneo-rovinj.eu\/wp-content\/uploads\/2023\/03\/mediterraneo_logo_2023.svg","width":179,"height":56,"caption":"Mediterraneo Rovinj"},"image":{"@id":"https:\/\/mediterraneo-rovinj.eu\/de\/#\/schema\/logo\/image\/"}}]}},"_links":{"self":[{"href":"https:\/\/mediterraneo-rovinj.eu\/de\/wp-json\/wp\/v2\/pages\/3933","targetHints":{"allow":["GET"]}}],"collection":[{"href":"https:\/\/mediterraneo-rovinj.eu\/de\/wp-json\/wp\/v2\/pages"}],"about":[{"href":"https:\/\/mediterraneo-rovinj.eu\/de\/wp-json\/wp\/v2\/types\/page"}],"author":[{"embeddable":true,"href":"https:\/\/mediterraneo-rovinj.eu\/de\/wp-json\/wp\/v2\/users\/1"}],"replies":[{"embeddable":true,"href":"https:\/\/mediterraneo-rovinj.eu\/de\/wp-json\/wp\/v2\/comments?post=3933"}],"version-history":[{"count":0,"href":"https:\/\/mediterraneo-rovinj.eu\/de\/wp-json\/wp\/v2\/pages\/3933\/revisions"}],"up":[{"embeddable":true,"href":"https:\/\/mediterraneo-rovinj.eu\/de\/wp-json\/wp\/v2\/pages\/3940"}],"wp:featuredmedia":[{"embeddable":true,"href":"https:\/\/mediterraneo-rovinj.eu\/de\/wp-json\/wp\/v2\/media\/3450"}],"wp:attachment":[{"href":"https:\/\/mediterraneo-rovinj.eu\/de\/wp-json\/wp\/v2\/media?parent=3933"}],"curies":[{"name":"wp","href":"https:\/\/api.w.org\/{rel}","templated":true}]}}