{"id":3934,"date":"2023-05-18T15:40:37","date_gmt":"2023-05-18T15:40:37","guid":{"rendered":"https:\/\/mediterraneo-rovinj.eu\/unser-tim\/"},"modified":"2023-05-18T15:40:37","modified_gmt":"2023-05-18T15:40:37","slug":"unser-tim","status":"publish","type":"page","link":"https:\/\/mediterraneo-rovinj.eu\/de\/unser-tim\/","title":{"rendered":"Unser Tim"},"content":{"rendered":"<p>Die Agentur Mediterraneo wurde 2006 gegr\u00fcndet. Der Zweck der Gr\u00fcndung bestand darin, allen entgegenzukommen, die unsere sch\u00f6ne Stadt Rovinj besuchen m\u00f6chten. Und wir k\u00f6nnen voll und ganz sagen, dass wir diesem Ziel immer noch treu bleiben. Wir k\u00fcmmern uns sehr um unsere G\u00e4ste und sorgen f\u00fcr eine Unterkunft, die den W\u00fcnschen des Gastes entspricht. Wir sind stets bem\u00fcht, unseren G\u00e4sten ein Erlebnis zu bieten, das noch lange in Erinnerung bleibt.<\/p>\n<p>Dank seiner mehrj\u00e4hrigen Berufserfahrung im Tourismus steht das Mediterraneo-Team unseren G\u00e4sten jederzeit zur Verf\u00fcgung, wenn es n\u00f6tig ist. Wir helfen unseren G\u00e4sten, einen sch\u00f6nen und besonderen Urlaub zu gestalten. Durch die Unterst\u00fctzung bei der Auswahl der perfekten Unterkunft sorgt das Mediterraneo-Team f\u00fcr einen gro\u00dfartigen Start in einen fantastischen Aufenthalt in Rovinj. Wir begr\u00fc\u00dfen unsere G\u00e4ste bei ihrer Ankunft und informieren sie \u00fcber alle wichtigen Informationen \u00fcber die Wohnung, in der sie \u00fcbernachten. Au\u00dferdem versuchen wir stets, alle Bed\u00fcrfnisse und W\u00fcnsche eines Gastes zu erf\u00fcllen.<\/p>\n<p>Das Team der Agentur Maditerraneo hilft zusammen mit Partnern bei der Organisation von Ausfl\u00fcgen und Ausfl\u00fcgen innerhalb und au\u00dferhalb der Stadt. Dar\u00fcber hinaus verr\u00e4t Ihnen unser Team bei Ihrer Ankunft die Geheimnisse der besten Restaurants und Gastronomielokale in Rovinj. Dar\u00fcber hinaus gibt Ihnen unser Team stets die besten Tipps und Tricks, wie Sie sich ohne Probleme und Hindernisse in der Stadt fortbewegen.<\/p>\n<p>Vor diesem Hintergrund arbeitet das Team der Mediterraneo Agency hart daran, Ihnen das bestm\u00f6gliche Erlebnis w\u00e4hrend Ihres Besuchs in Rovinj zu bieten.<\/p>\n","protected":false},"excerpt":{"rendered":"<p>Die Agentur Mediterraneo wurde 2006 gegr\u00fcndet. Der Zweck der Gr\u00fcndung bestand darin, allen entgegenzukommen, die unsere sch\u00f6ne Stadt Rovinj besuchen m\u00f6chten. Und wir k\u00f6nnen voll und ganz sagen, dass wir diesem Ziel immer noch treu bleiben. Wir k\u00fcmmern uns sehr um unsere G\u00e4ste und sorgen f\u00fcr eine Unterkunft, die den W\u00fcnschen des Gastes entspricht. Wir [&hellip;]<\/p>\n","protected":false},"author":1,"featured_media":0,"parent":0,"menu_order":0,"comment_status":"closed","ping_status":"closed","template":"templates\/page-cms.php","meta":{"_acf_changed":false,"footnotes":""},"class_list":["post-3934","page","type-page","status-publish","hentry"],"acf":[],"yoast_head":"<!-- This site is optimized with the Yoast SEO plugin v27.2 - https:\/\/yoast.com\/product\/yoast-seo-wordpress\/ -->\n<title>Mediterraneo Agency Unser Tim - Mediterraneo Rovinj<\/title>\n<meta name=\"description\" content=\"Mediterraneo Agency ist ein Reiseb\u00fcro mit langj\u00e4hriger Erfahrung, das Unterk\u00fcnfte im wundersch\u00f6nen Rovinj anbietet.\" \/>\n<meta name=\"robots\" content=\"index, follow, max-snippet:-1, max-image-preview:large, max-video-preview:-1\" \/>\n<link rel=\"canonical\" href=\"https:\/\/mediterraneo-rovinj.eu\/de\/unser-tim\/\" \/>\n<meta property=\"og:locale\" content=\"de_DE\" \/>\n<meta property=\"og:type\" content=\"article\" \/>\n<meta property=\"og:title\" content=\"Mediterraneo Agency Unser Tim - Mediterraneo Rovinj\" \/>\n<meta property=\"og:description\" content=\"Mediterraneo Agency ist ein Reiseb\u00fcro mit langj\u00e4hriger Erfahrung, das Unterk\u00fcnfte im wundersch\u00f6nen Rovinj anbietet.\" \/>\n<meta property=\"og:url\" content=\"https:\/\/mediterraneo-rovinj.eu\/de\/unser-tim\/\" \/>\n<meta property=\"og:site_name\" content=\"Mediterraneo Rovinj\" \/>\n<meta name=\"twitter:card\" content=\"summary_large_image\" \/>\n<meta name=\"twitter:label1\" content=\"Gesch\u00e4tzte Lesezeit\" \/>\n\t<meta name=\"twitter:data1\" content=\"1\u00a0Minute\" \/>\n<script type=\"application\/ld+json\" class=\"yoast-schema-graph\">{\"@context\":\"https:\/\/schema.org\",\"@graph\":[{\"@type\":\"WebPage\",\"@id\":\"https:\/\/mediterraneo-rovinj.eu\/de\/unser-tim\/\",\"url\":\"https:\/\/mediterraneo-rovinj.eu\/de\/unser-tim\/\",\"name\":\"Mediterraneo Agency Unser Tim - Mediterraneo Rovinj\",\"isPartOf\":{\"@id\":\"https:\/\/mediterraneo-rovinj.eu\/de\/#website\"},\"datePublished\":\"2023-05-18T15:40:37+00:00\",\"description\":\"Mediterraneo Agency ist ein Reiseb\u00fcro mit langj\u00e4hriger Erfahrung, das Unterk\u00fcnfte im wundersch\u00f6nen Rovinj anbietet.\",\"breadcrumb\":{\"@id\":\"https:\/\/mediterraneo-rovinj.eu\/de\/unser-tim\/#breadcrumb\"},\"inLanguage\":\"de\",\"potentialAction\":[{\"@type\":\"ReadAction\",\"target\":[\"https:\/\/mediterraneo-rovinj.eu\/de\/unser-tim\/\"]}]},{\"@type\":\"BreadcrumbList\",\"@id\":\"https:\/\/mediterraneo-rovinj.eu\/de\/unser-tim\/#breadcrumb\",\"itemListElement\":[{\"@type\":\"ListItem\",\"position\":1,\"name\":\"Home\",\"item\":\"https:\/\/mediterraneo-rovinj.eu\/de\/\"},{\"@type\":\"ListItem\",\"position\":2,\"name\":\"Unser Tim\"}]},{\"@type\":\"WebSite\",\"@id\":\"https:\/\/mediterraneo-rovinj.eu\/de\/#website\",\"url\":\"https:\/\/mediterraneo-rovinj.eu\/de\/\",\"name\":\"Mediterraneo Rovinj\",\"description\":\"Mediterraneo Rovinj\",\"publisher\":{\"@id\":\"https:\/\/mediterraneo-rovinj.eu\/de\/#organization\"},\"potentialAction\":[{\"@type\":\"SearchAction\",\"target\":{\"@type\":\"EntryPoint\",\"urlTemplate\":\"https:\/\/mediterraneo-rovinj.eu\/de\/?s={search_term_string}\"},\"query-input\":{\"@type\":\"PropertyValueSpecification\",\"valueRequired\":true,\"valueName\":\"search_term_string\"}}],\"inLanguage\":\"de\"},{\"@type\":\"Organization\",\"@id\":\"https:\/\/mediterraneo-rovinj.eu\/de\/#organization\",\"name\":\"Mediterraneo Rovinj\",\"url\":\"https:\/\/mediterraneo-rovinj.eu\/de\/\",\"logo\":{\"@type\":\"ImageObject\",\"inLanguage\":\"de\",\"@id\":\"https:\/\/mediterraneo-rovinj.eu\/de\/#\/schema\/logo\/image\/\",\"url\":\"https:\/\/mediterraneo-rovinj.eu\/wp-content\/uploads\/2023\/03\/mediterraneo_logo_2023.svg\",\"contentUrl\":\"https:\/\/mediterraneo-rovinj.eu\/wp-content\/uploads\/2023\/03\/mediterraneo_logo_2023.svg\",\"width\":179,\"height\":56,\"caption\":\"Mediterraneo Rovinj\"},\"image\":{\"@id\":\"https:\/\/mediterraneo-rovinj.eu\/de\/#\/schema\/logo\/image\/\"}}]}<\/script>\n<!-- \/ Yoast SEO plugin. -->","yoast_head_json":{"title":"Mediterraneo Agency Unser Tim - Mediterraneo Rovinj","description":"Mediterraneo Agency ist ein Reiseb\u00fcro mit langj\u00e4hriger Erfahrung, das Unterk\u00fcnfte im wundersch\u00f6nen Rovinj anbietet.","robots":{"index":"index","follow":"follow","max-snippet":"max-snippet:-1","max-image-preview":"max-image-preview:large","max-video-preview":"max-video-preview:-1"},"canonical":"https:\/\/mediterraneo-rovinj.eu\/de\/unser-tim\/","og_locale":"de_DE","og_type":"article","og_title":"Mediterraneo Agency Unser Tim - Mediterraneo Rovinj","og_description":"Mediterraneo Agency ist ein Reiseb\u00fcro mit langj\u00e4hriger Erfahrung, das Unterk\u00fcnfte im wundersch\u00f6nen Rovinj anbietet.","og_url":"https:\/\/mediterraneo-rovinj.eu\/de\/unser-tim\/","og_site_name":"Mediterraneo Rovinj","twitter_card":"summary_large_image","twitter_misc":{"Gesch\u00e4tzte Lesezeit":"1\u00a0Minute"},"schema":{"@context":"https:\/\/schema.org","@graph":[{"@type":"WebPage","@id":"https:\/\/mediterraneo-rovinj.eu\/de\/unser-tim\/","url":"https:\/\/mediterraneo-rovinj.eu\/de\/unser-tim\/","name":"Mediterraneo Agency Unser Tim - Mediterraneo Rovinj","isPartOf":{"@id":"https:\/\/mediterraneo-rovinj.eu\/de\/#website"},"datePublished":"2023-05-18T15:40:37+00:00","description":"Mediterraneo Agency ist ein Reiseb\u00fcro mit langj\u00e4hriger Erfahrung, das Unterk\u00fcnfte im wundersch\u00f6nen Rovinj anbietet.","breadcrumb":{"@id":"https:\/\/mediterraneo-rovinj.eu\/de\/unser-tim\/#breadcrumb"},"inLanguage":"de","potentialAction":[{"@type":"ReadAction","target":["https:\/\/mediterraneo-rovinj.eu\/de\/unser-tim\/"]}]},{"@type":"BreadcrumbList","@id":"https:\/\/mediterraneo-rovinj.eu\/de\/unser-tim\/#breadcrumb","itemListElement":[{"@type":"ListItem","position":1,"name":"Home","item":"https:\/\/mediterraneo-rovinj.eu\/de\/"},{"@type":"ListItem","position":2,"name":"Unser Tim"}]},{"@type":"WebSite","@id":"https:\/\/mediterraneo-rovinj.eu\/de\/#website","url":"https:\/\/mediterraneo-rovinj.eu\/de\/","name":"Mediterraneo Rovinj","description":"Mediterraneo Rovinj","publisher":{"@id":"https:\/\/mediterraneo-rovinj.eu\/de\/#organization"},"potentialAction":[{"@type":"SearchAction","target":{"@type":"EntryPoint","urlTemplate":"https:\/\/mediterraneo-rovinj.eu\/de\/?s={search_term_string}"},"query-input":{"@type":"PropertyValueSpecification","valueRequired":true,"valueName":"search_term_string"}}],"inLanguage":"de"},{"@type":"Organization","@id":"https:\/\/mediterraneo-rovinj.eu\/de\/#organization","name":"Mediterraneo Rovinj","url":"https:\/\/mediterraneo-rovinj.eu\/de\/","logo":{"@type":"ImageObject","inLanguage":"de","@id":"https:\/\/mediterraneo-rovinj.eu\/de\/#\/schema\/logo\/image\/","url":"https:\/\/mediterraneo-rovinj.eu\/wp-content\/uploads\/2023\/03\/mediterraneo_logo_2023.svg","contentUrl":"https:\/\/mediterraneo-rovinj.eu\/wp-content\/uploads\/2023\/03\/mediterraneo_logo_2023.svg","width":179,"height":56,"caption":"Mediterraneo Rovinj"},"image":{"@id":"https:\/\/mediterraneo-rovinj.eu\/de\/#\/schema\/logo\/image\/"}}]}},"_links":{"self":[{"href":"https:\/\/mediterraneo-rovinj.eu\/de\/wp-json\/wp\/v2\/pages\/3934","targetHints":{"allow":["GET"]}}],"collection":[{"href":"https:\/\/mediterraneo-rovinj.eu\/de\/wp-json\/wp\/v2\/pages"}],"about":[{"href":"https:\/\/mediterraneo-rovinj.eu\/de\/wp-json\/wp\/v2\/types\/page"}],"author":[{"embeddable":true,"href":"https:\/\/mediterraneo-rovinj.eu\/de\/wp-json\/wp\/v2\/users\/1"}],"replies":[{"embeddable":true,"href":"https:\/\/mediterraneo-rovinj.eu\/de\/wp-json\/wp\/v2\/comments?post=3934"}],"version-history":[{"count":0,"href":"https:\/\/mediterraneo-rovinj.eu\/de\/wp-json\/wp\/v2\/pages\/3934\/revisions"}],"wp:attachment":[{"href":"https:\/\/mediterraneo-rovinj.eu\/de\/wp-json\/wp\/v2\/media?parent=3934"}],"curies":[{"name":"wp","href":"https:\/\/api.w.org\/{rel}","templated":true}]}}