{"id":3937,"date":"2023-05-18T15:47:09","date_gmt":"2023-05-18T15:47:09","guid":{"rendered":"https:\/\/mediterraneo-rovinj.eu\/geschaeftsbedingungen\/"},"modified":"2023-05-18T15:47:09","modified_gmt":"2023-05-18T15:47:09","slug":"geschaeftsbedingungen","status":"publish","type":"page","link":"https:\/\/mediterraneo-rovinj.eu\/de\/geschaeftsbedingungen\/","title":{"rendered":"Gesch\u00e4ftsbedingungen"},"content":{"rendered":"<p>Falls der Gast nicht in der Lage ist, die Agentur wegen seiner Unzufriedenheit mit dem Zustand der Wohnung zu kontaktieren, muss er den Eigent\u00fcmer der Unterkunft benachrichtigen. Der Gast ist verpflichtet, mit dem Vertreter der Agentur und dem Wohnungseigent\u00fcmer zusammenzuarbeiten, um die Ursache der Beanstandung f\u00fcr beide Seiten bestm\u00f6glich zu beseitigen.<\/p>\n<p>Wenn der Gast vor Ort keinen Vorschlag zur L\u00f6sung der Beschwerde annimmt, bei dem es sich um ein alternatives Apartment derselben Ebene\/Kategorie oder h\u00f6her handeln kann, akzeptiert die Agentur keine weitere Beschwerde und muss nicht darauf reagieren.<\/p>\n<p>Wenn der Gast mit der gebuchten Unterkunft nicht zufrieden ist und die Unterkunft verl\u00e4sst, um selbst nach Alternativen zu suchen, ohne der Agentur die M\u00f6glichkeit zu geben, das Problem zu beheben oder eine andere Unterkunft auf dem gleichen Niveau zu finden, kann dieser Gast KEINE R\u00fcckerstattung verlangen Sie k\u00f6nnen sich auch dann melden, wenn der Grund der Beschwerde gerechtfertigt ist oder nicht.<\/p>\n<p>Wenn die Gr\u00fcnde berechtigt sind, aber nicht beseitigt werden k\u00f6nnen, wird die Agentur eine geeignete Ersatzunterkunft finden.<\/p>\n<p>Die H\u00f6chstentsch\u00e4digung f\u00fcr die Reklamation kann nicht h\u00f6her sein als die H\u00f6he der Reklamation, sie darf jedoch nicht die bereits in Anspruch genommenen Leistungen im Gesamtbetrag der Reservierung enthalten. Der Anspruch des Gastgebers auf Ersatz immaterieller Sch\u00e4den ist ausgeschlossen.<\/p>\n<p>11. Gerichtsstand<br \/>\nSollte der Gast mit der von der Agentur bereitgestellten L\u00f6sung (Apartment) nicht zufrieden sein, hat er das Recht, eine K\u00fcndigung einzureichen. In diesem Fall muss der Antrag an das zust\u00e4ndige Gericht in Rovinj gerichtet werden.<\/p>\n<p>12 Hinweis<br \/>\nMit der Zahlung\/Vorauszahlung der Buchung akzeptiert der Gast die oben aufgef\u00fchrten Regeln und Bedingungen.<\/p>\n","protected":false},"excerpt":{"rendered":"<p>Falls der Gast nicht in der Lage ist, die Agentur wegen seiner Unzufriedenheit mit dem Zustand der Wohnung zu kontaktieren, muss er den Eigent\u00fcmer der Unterkunft benachrichtigen. Der Gast ist verpflichtet, mit dem Vertreter der Agentur und dem Wohnungseigent\u00fcmer zusammenzuarbeiten, um die Ursache der Beanstandung f\u00fcr beide Seiten bestm\u00f6glich zu beseitigen. Wenn der Gast vor [&hellip;]<\/p>\n","protected":false},"author":1,"featured_media":0,"parent":0,"menu_order":0,"comment_status":"closed","ping_status":"closed","template":"templates\/page-cms.php","meta":{"_acf_changed":false,"footnotes":""},"class_list":["post-3937","page","type-page","status-publish","hentry"],"acf":[],"yoast_head":"<!-- This site is optimized with the Yoast SEO plugin v27.2 - https:\/\/yoast.com\/product\/yoast-seo-wordpress\/ -->\n<title>Gesch\u00e4ftsbedingungen - Mediterraneo Rovinj<\/title>\n<meta name=\"robots\" content=\"index, follow, max-snippet:-1, max-image-preview:large, max-video-preview:-1\" \/>\n<link rel=\"canonical\" href=\"https:\/\/mediterraneo-rovinj.eu\/de\/geschaeftsbedingungen\/\" \/>\n<meta property=\"og:locale\" content=\"de_DE\" \/>\n<meta property=\"og:type\" content=\"article\" \/>\n<meta property=\"og:title\" content=\"Gesch\u00e4ftsbedingungen - Mediterraneo Rovinj\" \/>\n<meta property=\"og:description\" content=\"Falls der Gast nicht in der Lage ist, die Agentur wegen seiner Unzufriedenheit mit dem Zustand der Wohnung zu kontaktieren, muss er den Eigent\u00fcmer der Unterkunft benachrichtigen. Der Gast ist verpflichtet, mit dem Vertreter der Agentur und dem Wohnungseigent\u00fcmer zusammenzuarbeiten, um die Ursache der Beanstandung f\u00fcr beide Seiten bestm\u00f6glich zu beseitigen. Wenn der Gast vor [&hellip;]\" \/>\n<meta property=\"og:url\" content=\"https:\/\/mediterraneo-rovinj.eu\/de\/geschaeftsbedingungen\/\" \/>\n<meta property=\"og:site_name\" content=\"Mediterraneo Rovinj\" \/>\n<meta name=\"twitter:card\" content=\"summary_large_image\" \/>\n<meta name=\"twitter:label1\" content=\"Gesch\u00e4tzte Lesezeit\" \/>\n\t<meta name=\"twitter:data1\" content=\"1\u00a0Minute\" \/>\n<script type=\"application\/ld+json\" class=\"yoast-schema-graph\">{\"@context\":\"https:\/\/schema.org\",\"@graph\":[{\"@type\":\"WebPage\",\"@id\":\"https:\/\/mediterraneo-rovinj.eu\/de\/geschaeftsbedingungen\/\",\"url\":\"https:\/\/mediterraneo-rovinj.eu\/de\/geschaeftsbedingungen\/\",\"name\":\"Gesch\u00e4ftsbedingungen - Mediterraneo Rovinj\",\"isPartOf\":{\"@id\":\"https:\/\/mediterraneo-rovinj.eu\/de\/#website\"},\"datePublished\":\"2023-05-18T15:47:09+00:00\",\"breadcrumb\":{\"@id\":\"https:\/\/mediterraneo-rovinj.eu\/de\/geschaeftsbedingungen\/#breadcrumb\"},\"inLanguage\":\"de\",\"potentialAction\":[{\"@type\":\"ReadAction\",\"target\":[\"https:\/\/mediterraneo-rovinj.eu\/de\/geschaeftsbedingungen\/\"]}]},{\"@type\":\"BreadcrumbList\",\"@id\":\"https:\/\/mediterraneo-rovinj.eu\/de\/geschaeftsbedingungen\/#breadcrumb\",\"itemListElement\":[{\"@type\":\"ListItem\",\"position\":1,\"name\":\"Home\",\"item\":\"https:\/\/mediterraneo-rovinj.eu\/de\/\"},{\"@type\":\"ListItem\",\"position\":2,\"name\":\"Gesch\u00e4ftsbedingungen\"}]},{\"@type\":\"WebSite\",\"@id\":\"https:\/\/mediterraneo-rovinj.eu\/de\/#website\",\"url\":\"https:\/\/mediterraneo-rovinj.eu\/de\/\",\"name\":\"Mediterraneo Rovinj\",\"description\":\"Mediterraneo Rovinj\",\"publisher\":{\"@id\":\"https:\/\/mediterraneo-rovinj.eu\/de\/#organization\"},\"potentialAction\":[{\"@type\":\"SearchAction\",\"target\":{\"@type\":\"EntryPoint\",\"urlTemplate\":\"https:\/\/mediterraneo-rovinj.eu\/de\/?s={search_term_string}\"},\"query-input\":{\"@type\":\"PropertyValueSpecification\",\"valueRequired\":true,\"valueName\":\"search_term_string\"}}],\"inLanguage\":\"de\"},{\"@type\":\"Organization\",\"@id\":\"https:\/\/mediterraneo-rovinj.eu\/de\/#organization\",\"name\":\"Mediterraneo Rovinj\",\"url\":\"https:\/\/mediterraneo-rovinj.eu\/de\/\",\"logo\":{\"@type\":\"ImageObject\",\"inLanguage\":\"de\",\"@id\":\"https:\/\/mediterraneo-rovinj.eu\/de\/#\/schema\/logo\/image\/\",\"url\":\"https:\/\/mediterraneo-rovinj.eu\/wp-content\/uploads\/2023\/03\/mediterraneo_logo_2023.svg\",\"contentUrl\":\"https:\/\/mediterraneo-rovinj.eu\/wp-content\/uploads\/2023\/03\/mediterraneo_logo_2023.svg\",\"width\":179,\"height\":56,\"caption\":\"Mediterraneo Rovinj\"},\"image\":{\"@id\":\"https:\/\/mediterraneo-rovinj.eu\/de\/#\/schema\/logo\/image\/\"}}]}<\/script>\n<!-- \/ Yoast SEO plugin. -->","yoast_head_json":{"title":"Gesch\u00e4ftsbedingungen - Mediterraneo Rovinj","robots":{"index":"index","follow":"follow","max-snippet":"max-snippet:-1","max-image-preview":"max-image-preview:large","max-video-preview":"max-video-preview:-1"},"canonical":"https:\/\/mediterraneo-rovinj.eu\/de\/geschaeftsbedingungen\/","og_locale":"de_DE","og_type":"article","og_title":"Gesch\u00e4ftsbedingungen - Mediterraneo Rovinj","og_description":"Falls der Gast nicht in der Lage ist, die Agentur wegen seiner Unzufriedenheit mit dem Zustand der Wohnung zu kontaktieren, muss er den Eigent\u00fcmer der Unterkunft benachrichtigen. Der Gast ist verpflichtet, mit dem Vertreter der Agentur und dem Wohnungseigent\u00fcmer zusammenzuarbeiten, um die Ursache der Beanstandung f\u00fcr beide Seiten bestm\u00f6glich zu beseitigen. Wenn der Gast vor [&hellip;]","og_url":"https:\/\/mediterraneo-rovinj.eu\/de\/geschaeftsbedingungen\/","og_site_name":"Mediterraneo Rovinj","twitter_card":"summary_large_image","twitter_misc":{"Gesch\u00e4tzte Lesezeit":"1\u00a0Minute"},"schema":{"@context":"https:\/\/schema.org","@graph":[{"@type":"WebPage","@id":"https:\/\/mediterraneo-rovinj.eu\/de\/geschaeftsbedingungen\/","url":"https:\/\/mediterraneo-rovinj.eu\/de\/geschaeftsbedingungen\/","name":"Gesch\u00e4ftsbedingungen - Mediterraneo Rovinj","isPartOf":{"@id":"https:\/\/mediterraneo-rovinj.eu\/de\/#website"},"datePublished":"2023-05-18T15:47:09+00:00","breadcrumb":{"@id":"https:\/\/mediterraneo-rovinj.eu\/de\/geschaeftsbedingungen\/#breadcrumb"},"inLanguage":"de","potentialAction":[{"@type":"ReadAction","target":["https:\/\/mediterraneo-rovinj.eu\/de\/geschaeftsbedingungen\/"]}]},{"@type":"BreadcrumbList","@id":"https:\/\/mediterraneo-rovinj.eu\/de\/geschaeftsbedingungen\/#breadcrumb","itemListElement":[{"@type":"ListItem","position":1,"name":"Home","item":"https:\/\/mediterraneo-rovinj.eu\/de\/"},{"@type":"ListItem","position":2,"name":"Gesch\u00e4ftsbedingungen"}]},{"@type":"WebSite","@id":"https:\/\/mediterraneo-rovinj.eu\/de\/#website","url":"https:\/\/mediterraneo-rovinj.eu\/de\/","name":"Mediterraneo Rovinj","description":"Mediterraneo Rovinj","publisher":{"@id":"https:\/\/mediterraneo-rovinj.eu\/de\/#organization"},"potentialAction":[{"@type":"SearchAction","target":{"@type":"EntryPoint","urlTemplate":"https:\/\/mediterraneo-rovinj.eu\/de\/?s={search_term_string}"},"query-input":{"@type":"PropertyValueSpecification","valueRequired":true,"valueName":"search_term_string"}}],"inLanguage":"de"},{"@type":"Organization","@id":"https:\/\/mediterraneo-rovinj.eu\/de\/#organization","name":"Mediterraneo Rovinj","url":"https:\/\/mediterraneo-rovinj.eu\/de\/","logo":{"@type":"ImageObject","inLanguage":"de","@id":"https:\/\/mediterraneo-rovinj.eu\/de\/#\/schema\/logo\/image\/","url":"https:\/\/mediterraneo-rovinj.eu\/wp-content\/uploads\/2023\/03\/mediterraneo_logo_2023.svg","contentUrl":"https:\/\/mediterraneo-rovinj.eu\/wp-content\/uploads\/2023\/03\/mediterraneo_logo_2023.svg","width":179,"height":56,"caption":"Mediterraneo Rovinj"},"image":{"@id":"https:\/\/mediterraneo-rovinj.eu\/de\/#\/schema\/logo\/image\/"}}]}},"_links":{"self":[{"href":"https:\/\/mediterraneo-rovinj.eu\/de\/wp-json\/wp\/v2\/pages\/3937","targetHints":{"allow":["GET"]}}],"collection":[{"href":"https:\/\/mediterraneo-rovinj.eu\/de\/wp-json\/wp\/v2\/pages"}],"about":[{"href":"https:\/\/mediterraneo-rovinj.eu\/de\/wp-json\/wp\/v2\/types\/page"}],"author":[{"embeddable":true,"href":"https:\/\/mediterraneo-rovinj.eu\/de\/wp-json\/wp\/v2\/users\/1"}],"replies":[{"embeddable":true,"href":"https:\/\/mediterraneo-rovinj.eu\/de\/wp-json\/wp\/v2\/comments?post=3937"}],"version-history":[{"count":0,"href":"https:\/\/mediterraneo-rovinj.eu\/de\/wp-json\/wp\/v2\/pages\/3937\/revisions"}],"wp:attachment":[{"href":"https:\/\/mediterraneo-rovinj.eu\/de\/wp-json\/wp\/v2\/media?parent=3937"}],"curies":[{"name":"wp","href":"https:\/\/api.w.org\/{rel}","templated":true}]}}