{"id":3917,"date":"2023-05-18T13:41:59","date_gmt":"2023-05-18T13:41:59","guid":{"rendered":"https:\/\/mediterraneo-rovinj.eu\/o-nama\/"},"modified":"2024-03-06T13:26:02","modified_gmt":"2024-03-06T12:26:02","slug":"o-nama","status":"publish","type":"page","link":"https:\/\/mediterraneo-rovinj.eu\/hr\/o-nama\/","title":{"rendered":"O nama"},"content":{"rendered":"<p>Agencija Mediterraneo osnovana je 2006. godine iz jednog jednostavnog razloga, ugo\u0111aja gostiju koji dolaze i posje\u0107uju prekrasni Rovinj.<\/p>\n<p>Vlasnik, gospodin Jasmin Huski\u0107, znao je da svojom komunikativno\u0161\u0107u, vi\u0161ejezi\u010dnom sposobno\u0161\u0107u i poznavanjem svog rodnog Rovinja do detalja mo\u017ee upravo to. Osnovao je agenciju Mediterraneo i sa svojim timom poma\u017ee turistima koji su u potrazi za kvalitetnim smje\u0161tajem i odmorom.<\/p>\n<p>Od samog po\u010detka agencija je ugostila brojne goste i sklopila mnoga nevjerojatna prijateljstva. Cilj je uvijek zadovoljiti potrebe i \u017eelje gostiju koji borave u smje\u0161tajnim objektima kojima ova agencija upravlja. Za tim Mediterranea svaki gost je poseban i dobit \u0107e poseban tretman prema svojim potrebama. Agencija upravlja velikim brojem stanova i ku\u0107a. Uglavnom su smje\u0161teni u Starom gradu u Rovinju. Ipak, postoje nekretnine koje se nalaze na rovinjskoj periferiji. Svi smje\u0161tajni kapaciteti su kvalitetni i lijepo ure\u0111eni.<\/p>\n<p>Kako je ova agencija rasla tijekom godina, o\u010dekivanja i sposobnosti su rasle s njom. Tako da sada agencija Mediterraneo sa zadovoljstvom mo\u017ee konstatirati veliki broj gostiju koji su vrlo zadovoljni na\u0161im radom. Mnoge odli\u010dne kritike govore u prilog dobrom i organiziranom timu koji stoji iza ove agencije.<\/p>\n<p>Na\u0161a agencija je tu da Vam pru\u017ei nevjerojatno iskustvo boravka u prekrasnom Rovinju.<\/p>\n","protected":false},"excerpt":{"rendered":"<p>Agencija Mediterraneo osnovana je 2006. godine iz jednog jednostavnog razloga, ugo\u0111aja gostiju koji dolaze i posje\u0107uju prekrasni Rovinj. Vlasnik, gospodin Jasmin Huski\u0107, znao je da svojom komunikativno\u0161\u0107u, vi\u0161ejezi\u010dnom sposobno\u0161\u0107u i poznavanjem svog rodnog Rovinja do detalja mo\u017ee upravo to. Osnovao je agenciju Mediterraneo i sa svojim timom poma\u017ee turistima koji su u potrazi za kvalitetnim [&hellip;]<\/p>\n","protected":false},"author":1,"featured_media":0,"parent":0,"menu_order":0,"comment_status":"closed","ping_status":"closed","template":"templates\/page-cms.php","meta":{"_acf_changed":false,"footnotes":""},"class_list":["post-3917","page","type-page","status-publish","hentry"],"acf":[],"yoast_head":"<!-- This site is optimized with the Yoast SEO plugin v27.2 - https:\/\/yoast.com\/product\/yoast-seo-wordpress\/ -->\n<title>Agencija Mediterraneo O nama - Mediterraneo Rovinj<\/title>\n<meta name=\"description\" content=\"Agencija Mediterraneo je turisti\u010dka agencija s dugogodi\u0161njim iskustvom koja nudi smje\u0161taj u prekrasnom Rovinju.\" \/>\n<meta name=\"robots\" content=\"index, follow, max-snippet:-1, max-image-preview:large, max-video-preview:-1\" \/>\n<link rel=\"canonical\" href=\"https:\/\/mediterraneo-rovinj.eu\/hr\/o-nama\/\" \/>\n<meta property=\"og:locale\" content=\"hr_HR\" \/>\n<meta property=\"og:type\" content=\"article\" \/>\n<meta property=\"og:title\" content=\"Agencija Mediterraneo O nama - Mediterraneo Rovinj\" \/>\n<meta property=\"og:description\" content=\"Agencija Mediterraneo je turisti\u010dka agencija s dugogodi\u0161njim iskustvom koja nudi smje\u0161taj u prekrasnom Rovinju.\" \/>\n<meta property=\"og:url\" content=\"https:\/\/mediterraneo-rovinj.eu\/hr\/o-nama\/\" \/>\n<meta property=\"og:site_name\" content=\"Mediterraneo Rovinj\" \/>\n<meta property=\"article:modified_time\" content=\"2024-03-06T12:26:02+00:00\" \/>\n<meta name=\"twitter:card\" content=\"summary_large_image\" \/>\n<meta name=\"twitter:label1\" content=\"Procijenjeno vrijeme \u010ditanja\" \/>\n\t<meta name=\"twitter:data1\" content=\"1 minuta\" \/>\n<script type=\"application\/ld+json\" class=\"yoast-schema-graph\">{\"@context\":\"https:\/\/schema.org\",\"@graph\":[{\"@type\":\"WebPage\",\"@id\":\"https:\/\/mediterraneo-rovinj.eu\/hr\/o-nama\/\",\"url\":\"https:\/\/mediterraneo-rovinj.eu\/hr\/o-nama\/\",\"name\":\"Agencija Mediterraneo O nama - Mediterraneo Rovinj\",\"isPartOf\":{\"@id\":\"https:\/\/mediterraneo-rovinj.eu\/hr\/#website\"},\"datePublished\":\"2023-05-18T13:41:59+00:00\",\"dateModified\":\"2024-03-06T12:26:02+00:00\",\"description\":\"Agencija Mediterraneo je turisti\u010dka agencija s dugogodi\u0161njim iskustvom koja nudi smje\u0161taj u prekrasnom Rovinju.\",\"breadcrumb\":{\"@id\":\"https:\/\/mediterraneo-rovinj.eu\/hr\/o-nama\/#breadcrumb\"},\"inLanguage\":\"hr\",\"potentialAction\":[{\"@type\":\"ReadAction\",\"target\":[\"https:\/\/mediterraneo-rovinj.eu\/hr\/o-nama\/\"]}]},{\"@type\":\"BreadcrumbList\",\"@id\":\"https:\/\/mediterraneo-rovinj.eu\/hr\/o-nama\/#breadcrumb\",\"itemListElement\":[{\"@type\":\"ListItem\",\"position\":1,\"name\":\"Home\",\"item\":\"https:\/\/mediterraneo-rovinj.eu\/hr\/\"},{\"@type\":\"ListItem\",\"position\":2,\"name\":\"O nama\"}]},{\"@type\":\"WebSite\",\"@id\":\"https:\/\/mediterraneo-rovinj.eu\/hr\/#website\",\"url\":\"https:\/\/mediterraneo-rovinj.eu\/hr\/\",\"name\":\"Mediterraneo Rovinj\",\"description\":\"Mediterraneo Rovinj\",\"publisher\":{\"@id\":\"https:\/\/mediterraneo-rovinj.eu\/hr\/#organization\"},\"potentialAction\":[{\"@type\":\"SearchAction\",\"target\":{\"@type\":\"EntryPoint\",\"urlTemplate\":\"https:\/\/mediterraneo-rovinj.eu\/hr\/?s={search_term_string}\"},\"query-input\":{\"@type\":\"PropertyValueSpecification\",\"valueRequired\":true,\"valueName\":\"search_term_string\"}}],\"inLanguage\":\"hr\"},{\"@type\":\"Organization\",\"@id\":\"https:\/\/mediterraneo-rovinj.eu\/hr\/#organization\",\"name\":\"Mediterraneo Rovinj\",\"url\":\"https:\/\/mediterraneo-rovinj.eu\/hr\/\",\"logo\":{\"@type\":\"ImageObject\",\"inLanguage\":\"hr\",\"@id\":\"https:\/\/mediterraneo-rovinj.eu\/hr\/#\/schema\/logo\/image\/\",\"url\":\"https:\/\/mediterraneo-rovinj.eu\/wp-content\/uploads\/2023\/03\/mediterraneo_logo_2023.svg\",\"contentUrl\":\"https:\/\/mediterraneo-rovinj.eu\/wp-content\/uploads\/2023\/03\/mediterraneo_logo_2023.svg\",\"width\":179,\"height\":56,\"caption\":\"Mediterraneo Rovinj\"},\"image\":{\"@id\":\"https:\/\/mediterraneo-rovinj.eu\/hr\/#\/schema\/logo\/image\/\"}}]}<\/script>\n<!-- \/ Yoast SEO plugin. -->","yoast_head_json":{"title":"Agencija Mediterraneo O nama - Mediterraneo Rovinj","description":"Agencija Mediterraneo je turisti\u010dka agencija s dugogodi\u0161njim iskustvom koja nudi smje\u0161taj u prekrasnom Rovinju.","robots":{"index":"index","follow":"follow","max-snippet":"max-snippet:-1","max-image-preview":"max-image-preview:large","max-video-preview":"max-video-preview:-1"},"canonical":"https:\/\/mediterraneo-rovinj.eu\/hr\/o-nama\/","og_locale":"hr_HR","og_type":"article","og_title":"Agencija Mediterraneo O nama - Mediterraneo Rovinj","og_description":"Agencija Mediterraneo je turisti\u010dka agencija s dugogodi\u0161njim iskustvom koja nudi smje\u0161taj u prekrasnom Rovinju.","og_url":"https:\/\/mediterraneo-rovinj.eu\/hr\/o-nama\/","og_site_name":"Mediterraneo Rovinj","article_modified_time":"2024-03-06T12:26:02+00:00","twitter_card":"summary_large_image","twitter_misc":{"Procijenjeno vrijeme \u010ditanja":"1 minuta"},"schema":{"@context":"https:\/\/schema.org","@graph":[{"@type":"WebPage","@id":"https:\/\/mediterraneo-rovinj.eu\/hr\/o-nama\/","url":"https:\/\/mediterraneo-rovinj.eu\/hr\/o-nama\/","name":"Agencija Mediterraneo O nama - Mediterraneo Rovinj","isPartOf":{"@id":"https:\/\/mediterraneo-rovinj.eu\/hr\/#website"},"datePublished":"2023-05-18T13:41:59+00:00","dateModified":"2024-03-06T12:26:02+00:00","description":"Agencija Mediterraneo je turisti\u010dka agencija s dugogodi\u0161njim iskustvom koja nudi smje\u0161taj u prekrasnom Rovinju.","breadcrumb":{"@id":"https:\/\/mediterraneo-rovinj.eu\/hr\/o-nama\/#breadcrumb"},"inLanguage":"hr","potentialAction":[{"@type":"ReadAction","target":["https:\/\/mediterraneo-rovinj.eu\/hr\/o-nama\/"]}]},{"@type":"BreadcrumbList","@id":"https:\/\/mediterraneo-rovinj.eu\/hr\/o-nama\/#breadcrumb","itemListElement":[{"@type":"ListItem","position":1,"name":"Home","item":"https:\/\/mediterraneo-rovinj.eu\/hr\/"},{"@type":"ListItem","position":2,"name":"O nama"}]},{"@type":"WebSite","@id":"https:\/\/mediterraneo-rovinj.eu\/hr\/#website","url":"https:\/\/mediterraneo-rovinj.eu\/hr\/","name":"Mediterraneo Rovinj","description":"Mediterraneo Rovinj","publisher":{"@id":"https:\/\/mediterraneo-rovinj.eu\/hr\/#organization"},"potentialAction":[{"@type":"SearchAction","target":{"@type":"EntryPoint","urlTemplate":"https:\/\/mediterraneo-rovinj.eu\/hr\/?s={search_term_string}"},"query-input":{"@type":"PropertyValueSpecification","valueRequired":true,"valueName":"search_term_string"}}],"inLanguage":"hr"},{"@type":"Organization","@id":"https:\/\/mediterraneo-rovinj.eu\/hr\/#organization","name":"Mediterraneo Rovinj","url":"https:\/\/mediterraneo-rovinj.eu\/hr\/","logo":{"@type":"ImageObject","inLanguage":"hr","@id":"https:\/\/mediterraneo-rovinj.eu\/hr\/#\/schema\/logo\/image\/","url":"https:\/\/mediterraneo-rovinj.eu\/wp-content\/uploads\/2023\/03\/mediterraneo_logo_2023.svg","contentUrl":"https:\/\/mediterraneo-rovinj.eu\/wp-content\/uploads\/2023\/03\/mediterraneo_logo_2023.svg","width":179,"height":56,"caption":"Mediterraneo Rovinj"},"image":{"@id":"https:\/\/mediterraneo-rovinj.eu\/hr\/#\/schema\/logo\/image\/"}}]}},"_links":{"self":[{"href":"https:\/\/mediterraneo-rovinj.eu\/hr\/wp-json\/wp\/v2\/pages\/3917","targetHints":{"allow":["GET"]}}],"collection":[{"href":"https:\/\/mediterraneo-rovinj.eu\/hr\/wp-json\/wp\/v2\/pages"}],"about":[{"href":"https:\/\/mediterraneo-rovinj.eu\/hr\/wp-json\/wp\/v2\/types\/page"}],"author":[{"embeddable":true,"href":"https:\/\/mediterraneo-rovinj.eu\/hr\/wp-json\/wp\/v2\/users\/1"}],"replies":[{"embeddable":true,"href":"https:\/\/mediterraneo-rovinj.eu\/hr\/wp-json\/wp\/v2\/comments?post=3917"}],"version-history":[{"count":0,"href":"https:\/\/mediterraneo-rovinj.eu\/hr\/wp-json\/wp\/v2\/pages\/3917\/revisions"}],"wp:attachment":[{"href":"https:\/\/mediterraneo-rovinj.eu\/hr\/wp-json\/wp\/v2\/media?parent=3917"}],"curies":[{"name":"wp","href":"https:\/\/api.w.org\/{rel}","templated":true}]}}