{"id":3920,"date":"2023-05-18T13:46:44","date_gmt":"2023-05-18T13:46:44","guid":{"rendered":"https:\/\/mediterraneo-rovinj.eu\/upoznaj-istru\/"},"modified":"2023-05-18T13:46:44","modified_gmt":"2023-05-18T13:46:44","slug":"upoznaj-istru","status":"publish","type":"page","link":"https:\/\/mediterraneo-rovinj.eu\/hr\/upoznaj-istru\/","title":{"rendered":"Upoznaj Istru"},"content":{"rendered":"<p>Istra je doista pravi praznik za o\u010di. Njegovi potoci dubokim dolinama i vododerinama teku prema moru \u0161to podsje\u0107a na drevne lokalne mitove o divovima. Valoviti bre\u017euljci gledaju na polja i doline s gradi\u0107ima smje\u0161tenim na vrhovima, koji podsje\u0107aju na stare slike. Pogled je prekrasan: planine s bijelim vrhovima, bujna \u017eitna polja, visoravni, doline, vinogradi i maslinici na obroncima i, kona\u010dno, more.<\/p>\n<p>Destinacije u Istri svakog \u0107e posjetitelja ostaviti bez daha. Istra\u017eite brojne lokacije prepune kulturno-povijesnih, prirodnih i drugih znamenitosti koje \u0107e vam ostaviti nezaboravne uspomene na boravak u Istri.<\/p>\n<p>Nagradite svoje nepce ukusnom istarskom kuhinjom, u\u017eivajte u vrhunskim istarskim vinima i maslinovim uljima. Istra je idealno odredi\u0161te za gastronomske izazove i istra\u017eivanje gurmanske ponude, ali i u\u017eivanje u ve\u0107 poznatim okusima i mirisima.<\/p>\n","protected":false},"excerpt":{"rendered":"<p>Istra je doista pravi praznik za o\u010di. Njegovi potoci dubokim dolinama i vododerinama teku prema moru \u0161to podsje\u0107a na drevne lokalne mitove o divovima. Valoviti bre\u017euljci gledaju na polja i doline s gradi\u0107ima smje\u0161tenim na vrhovima, koji podsje\u0107aju na stare slike. Pogled je prekrasan: planine s bijelim vrhovima, bujna \u017eitna polja, visoravni, doline, vinogradi i [&hellip;]<\/p>\n","protected":false},"author":1,"featured_media":2149,"parent":0,"menu_order":0,"comment_status":"closed","ping_status":"closed","template":"templates\/page-blog.php","meta":{"_acf_changed":false,"footnotes":""},"class_list":["post-3920","page","type-page","status-publish","has-post-thumbnail","hentry"],"acf":[],"yoast_head":"<!-- This site is optimized with the Yoast SEO plugin v27.2 - https:\/\/yoast.com\/product\/yoast-seo-wordpress\/ -->\n<title>Upoznaj Istru - Mediterraneo Rovinj<\/title>\n<meta name=\"robots\" content=\"index, follow, max-snippet:-1, max-image-preview:large, max-video-preview:-1\" \/>\n<link rel=\"canonical\" href=\"https:\/\/mediterraneo-rovinj.eu\/hr\/upoznaj-istru\/\" \/>\n<meta property=\"og:locale\" content=\"hr_HR\" \/>\n<meta property=\"og:type\" content=\"article\" \/>\n<meta property=\"og:title\" content=\"Upoznaj Istru - Mediterraneo Rovinj\" \/>\n<meta property=\"og:description\" content=\"Istra je doista pravi praznik za o\u010di. Njegovi potoci dubokim dolinama i vododerinama teku prema moru \u0161to podsje\u0107a na drevne lokalne mitove o divovima. Valoviti bre\u017euljci gledaju na polja i doline s gradi\u0107ima smje\u0161tenim na vrhovima, koji podsje\u0107aju na stare slike. Pogled je prekrasan: planine s bijelim vrhovima, bujna \u017eitna polja, visoravni, doline, vinogradi i [&hellip;]\" \/>\n<meta property=\"og:url\" content=\"https:\/\/mediterraneo-rovinj.eu\/hr\/upoznaj-istru\/\" \/>\n<meta property=\"og:site_name\" content=\"Mediterraneo Rovinj\" \/>\n<meta name=\"twitter:card\" content=\"summary_large_image\" \/>\n<meta name=\"twitter:label1\" content=\"Procijenjeno vrijeme \u010ditanja\" \/>\n\t<meta name=\"twitter:data1\" content=\"1 minuta\" \/>\n<script type=\"application\/ld+json\" class=\"yoast-schema-graph\">{\"@context\":\"https:\/\/schema.org\",\"@graph\":[{\"@type\":\"WebPage\",\"@id\":\"https:\/\/mediterraneo-rovinj.eu\/hr\/upoznaj-istru\/\",\"url\":\"https:\/\/mediterraneo-rovinj.eu\/hr\/upoznaj-istru\/\",\"name\":\"Upoznaj Istru - Mediterraneo Rovinj\",\"isPartOf\":{\"@id\":\"https:\/\/mediterraneo-rovinj.eu\/hr\/#website\"},\"primaryImageOfPage\":{\"@id\":\"https:\/\/mediterraneo-rovinj.eu\/hr\/upoznaj-istru\/#primaryimage\"},\"image\":{\"@id\":\"https:\/\/mediterraneo-rovinj.eu\/hr\/upoznaj-istru\/#primaryimage\"},\"thumbnailUrl\":\"https:\/\/mediterraneo-rovinj.eu\/wp-content\/uploads\/2023\/03\/meet_istria.png\",\"datePublished\":\"2023-05-18T13:46:44+00:00\",\"breadcrumb\":{\"@id\":\"https:\/\/mediterraneo-rovinj.eu\/hr\/upoznaj-istru\/#breadcrumb\"},\"inLanguage\":\"hr\",\"potentialAction\":[{\"@type\":\"ReadAction\",\"target\":[\"https:\/\/mediterraneo-rovinj.eu\/hr\/upoznaj-istru\/\"]}]},{\"@type\":\"ImageObject\",\"inLanguage\":\"hr\",\"@id\":\"https:\/\/mediterraneo-rovinj.eu\/hr\/upoznaj-istru\/#primaryimage\",\"url\":\"https:\/\/mediterraneo-rovinj.eu\/wp-content\/uploads\/2023\/03\/meet_istria.png\",\"contentUrl\":\"https:\/\/mediterraneo-rovinj.eu\/wp-content\/uploads\/2023\/03\/meet_istria.png\",\"width\":1024,\"height\":634},{\"@type\":\"BreadcrumbList\",\"@id\":\"https:\/\/mediterraneo-rovinj.eu\/hr\/upoznaj-istru\/#breadcrumb\",\"itemListElement\":[{\"@type\":\"ListItem\",\"position\":1,\"name\":\"Home\",\"item\":\"https:\/\/mediterraneo-rovinj.eu\/hr\/\"},{\"@type\":\"ListItem\",\"position\":2,\"name\":\"Upoznaj Istru\"}]},{\"@type\":\"WebSite\",\"@id\":\"https:\/\/mediterraneo-rovinj.eu\/hr\/#website\",\"url\":\"https:\/\/mediterraneo-rovinj.eu\/hr\/\",\"name\":\"Mediterraneo Rovinj\",\"description\":\"Mediterraneo Rovinj\",\"publisher\":{\"@id\":\"https:\/\/mediterraneo-rovinj.eu\/hr\/#organization\"},\"potentialAction\":[{\"@type\":\"SearchAction\",\"target\":{\"@type\":\"EntryPoint\",\"urlTemplate\":\"https:\/\/mediterraneo-rovinj.eu\/hr\/?s={search_term_string}\"},\"query-input\":{\"@type\":\"PropertyValueSpecification\",\"valueRequired\":true,\"valueName\":\"search_term_string\"}}],\"inLanguage\":\"hr\"},{\"@type\":\"Organization\",\"@id\":\"https:\/\/mediterraneo-rovinj.eu\/hr\/#organization\",\"name\":\"Mediterraneo Rovinj\",\"url\":\"https:\/\/mediterraneo-rovinj.eu\/hr\/\",\"logo\":{\"@type\":\"ImageObject\",\"inLanguage\":\"hr\",\"@id\":\"https:\/\/mediterraneo-rovinj.eu\/hr\/#\/schema\/logo\/image\/\",\"url\":\"https:\/\/mediterraneo-rovinj.eu\/wp-content\/uploads\/2023\/03\/mediterraneo_logo_2023.svg\",\"contentUrl\":\"https:\/\/mediterraneo-rovinj.eu\/wp-content\/uploads\/2023\/03\/mediterraneo_logo_2023.svg\",\"width\":179,\"height\":56,\"caption\":\"Mediterraneo Rovinj\"},\"image\":{\"@id\":\"https:\/\/mediterraneo-rovinj.eu\/hr\/#\/schema\/logo\/image\/\"}}]}<\/script>\n<!-- \/ Yoast SEO plugin. -->","yoast_head_json":{"title":"Upoznaj Istru - Mediterraneo Rovinj","robots":{"index":"index","follow":"follow","max-snippet":"max-snippet:-1","max-image-preview":"max-image-preview:large","max-video-preview":"max-video-preview:-1"},"canonical":"https:\/\/mediterraneo-rovinj.eu\/hr\/upoznaj-istru\/","og_locale":"hr_HR","og_type":"article","og_title":"Upoznaj Istru - Mediterraneo Rovinj","og_description":"Istra je doista pravi praznik za o\u010di. Njegovi potoci dubokim dolinama i vododerinama teku prema moru \u0161to podsje\u0107a na drevne lokalne mitove o divovima. Valoviti bre\u017euljci gledaju na polja i doline s gradi\u0107ima smje\u0161tenim na vrhovima, koji podsje\u0107aju na stare slike. Pogled je prekrasan: planine s bijelim vrhovima, bujna \u017eitna polja, visoravni, doline, vinogradi i [&hellip;]","og_url":"https:\/\/mediterraneo-rovinj.eu\/hr\/upoznaj-istru\/","og_site_name":"Mediterraneo Rovinj","twitter_card":"summary_large_image","twitter_misc":{"Procijenjeno vrijeme \u010ditanja":"1 minuta"},"schema":{"@context":"https:\/\/schema.org","@graph":[{"@type":"WebPage","@id":"https:\/\/mediterraneo-rovinj.eu\/hr\/upoznaj-istru\/","url":"https:\/\/mediterraneo-rovinj.eu\/hr\/upoznaj-istru\/","name":"Upoznaj Istru - Mediterraneo Rovinj","isPartOf":{"@id":"https:\/\/mediterraneo-rovinj.eu\/hr\/#website"},"primaryImageOfPage":{"@id":"https:\/\/mediterraneo-rovinj.eu\/hr\/upoznaj-istru\/#primaryimage"},"image":{"@id":"https:\/\/mediterraneo-rovinj.eu\/hr\/upoznaj-istru\/#primaryimage"},"thumbnailUrl":"https:\/\/mediterraneo-rovinj.eu\/wp-content\/uploads\/2023\/03\/meet_istria.png","datePublished":"2023-05-18T13:46:44+00:00","breadcrumb":{"@id":"https:\/\/mediterraneo-rovinj.eu\/hr\/upoznaj-istru\/#breadcrumb"},"inLanguage":"hr","potentialAction":[{"@type":"ReadAction","target":["https:\/\/mediterraneo-rovinj.eu\/hr\/upoznaj-istru\/"]}]},{"@type":"ImageObject","inLanguage":"hr","@id":"https:\/\/mediterraneo-rovinj.eu\/hr\/upoznaj-istru\/#primaryimage","url":"https:\/\/mediterraneo-rovinj.eu\/wp-content\/uploads\/2023\/03\/meet_istria.png","contentUrl":"https:\/\/mediterraneo-rovinj.eu\/wp-content\/uploads\/2023\/03\/meet_istria.png","width":1024,"height":634},{"@type":"BreadcrumbList","@id":"https:\/\/mediterraneo-rovinj.eu\/hr\/upoznaj-istru\/#breadcrumb","itemListElement":[{"@type":"ListItem","position":1,"name":"Home","item":"https:\/\/mediterraneo-rovinj.eu\/hr\/"},{"@type":"ListItem","position":2,"name":"Upoznaj Istru"}]},{"@type":"WebSite","@id":"https:\/\/mediterraneo-rovinj.eu\/hr\/#website","url":"https:\/\/mediterraneo-rovinj.eu\/hr\/","name":"Mediterraneo Rovinj","description":"Mediterraneo Rovinj","publisher":{"@id":"https:\/\/mediterraneo-rovinj.eu\/hr\/#organization"},"potentialAction":[{"@type":"SearchAction","target":{"@type":"EntryPoint","urlTemplate":"https:\/\/mediterraneo-rovinj.eu\/hr\/?s={search_term_string}"},"query-input":{"@type":"PropertyValueSpecification","valueRequired":true,"valueName":"search_term_string"}}],"inLanguage":"hr"},{"@type":"Organization","@id":"https:\/\/mediterraneo-rovinj.eu\/hr\/#organization","name":"Mediterraneo Rovinj","url":"https:\/\/mediterraneo-rovinj.eu\/hr\/","logo":{"@type":"ImageObject","inLanguage":"hr","@id":"https:\/\/mediterraneo-rovinj.eu\/hr\/#\/schema\/logo\/image\/","url":"https:\/\/mediterraneo-rovinj.eu\/wp-content\/uploads\/2023\/03\/mediterraneo_logo_2023.svg","contentUrl":"https:\/\/mediterraneo-rovinj.eu\/wp-content\/uploads\/2023\/03\/mediterraneo_logo_2023.svg","width":179,"height":56,"caption":"Mediterraneo Rovinj"},"image":{"@id":"https:\/\/mediterraneo-rovinj.eu\/hr\/#\/schema\/logo\/image\/"}}]}},"_links":{"self":[{"href":"https:\/\/mediterraneo-rovinj.eu\/hr\/wp-json\/wp\/v2\/pages\/3920","targetHints":{"allow":["GET"]}}],"collection":[{"href":"https:\/\/mediterraneo-rovinj.eu\/hr\/wp-json\/wp\/v2\/pages"}],"about":[{"href":"https:\/\/mediterraneo-rovinj.eu\/hr\/wp-json\/wp\/v2\/types\/page"}],"author":[{"embeddable":true,"href":"https:\/\/mediterraneo-rovinj.eu\/hr\/wp-json\/wp\/v2\/users\/1"}],"replies":[{"embeddable":true,"href":"https:\/\/mediterraneo-rovinj.eu\/hr\/wp-json\/wp\/v2\/comments?post=3920"}],"version-history":[{"count":0,"href":"https:\/\/mediterraneo-rovinj.eu\/hr\/wp-json\/wp\/v2\/pages\/3920\/revisions"}],"wp:featuredmedia":[{"embeddable":true,"href":"https:\/\/mediterraneo-rovinj.eu\/hr\/wp-json\/wp\/v2\/media\/2149"}],"wp:attachment":[{"href":"https:\/\/mediterraneo-rovinj.eu\/hr\/wp-json\/wp\/v2\/media?parent=3920"}],"curies":[{"name":"wp","href":"https:\/\/api.w.org\/{rel}","templated":true}]}}