{"id":3921,"date":"2023-05-18T13:47:47","date_gmt":"2023-05-18T13:47:47","guid":{"rendered":"https:\/\/mediterraneo-rovinj.eu\/upoznaj-istru\/pristupacnost\/"},"modified":"2023-05-18T13:47:47","modified_gmt":"2023-05-18T13:47:47","slug":"pristupacnost","status":"publish","type":"page","link":"https:\/\/mediterraneo-rovinj.eu\/hr\/upoznaj-istru\/pristupacnost\/","title":{"rendered":"Pristupa\u010dnost"},"content":{"rendered":"<p>Do Rovinja mo\u017eete do\u0107i automobilom, avionom, autobusom, brodom ili vlakom. Rovinj je svakako vrlo pristupa\u010dna turisti\u010dka destinacija o \u010demu svjedo\u010di blizina autoceste, zra\u010dne luke i dobra prometna infrastruktura u samom gradu.<\/p>\n<p>Dolazite li automobilom sa sjevera, najbolje je krenuti autocestom od Villacha prema Ljubljani i dalje do grani\u010dnog prijelaza Ka\u0161tel-Dragonja i do Rovinja. Sa zapada idete pravcem Trst-Kopar-Rovinj, dok sa istoka mo\u017eete i\u0107i smjerom Zagreb prema Rijeci te preko \u010cvor Kanfanara do Rovinja.<\/p>\n<p>Me\u0111unarodna zra\u010dna luka Pula udaljena je 40 km od Rovinja i povezana je s glavnim europskim odredi\u0161tima. U blizini Rovinja nalaze se i manje sportske zra\u010dne luke.<\/p>\n<p>\u017deljezni\u010dki kolodvor se nalazi 18 km od Rovinja (\u017eeljezni\u010dki kolodvor Kanfanar), a autobusni kolodvor se nalazi u samom centru grada i dobro je povezan sa svim ve\u0107im sredi\u0161tima. Ukoliko trebate prijevoz do svog apartmana, ku\u0107e, vile ili hotela, mo\u017eete koristiti lokalni prijevoz ili rent-a-car.<\/p>\n<p>Do Pule mo\u017eete do\u0107i i morskim putem. Jedna od opcija za dolazak morem je putovanje trajektom. Rovinj je tako\u0111er morskim putem povezan s Venecijom, Ravennom te Pesarom i Cesenaticom.<\/p>\n<p>Dakle, ako ste rezervirali smje\u0161taj u apartmanu, ku\u0107i ili vili u Rovinju, do \u017eeljene destinacije mo\u017eete do\u0107i na razli\u010dite na\u010dine, ovisno o va\u0161im \u017eeljama i mogu\u0107nostima.<\/p>\n","protected":false},"excerpt":{"rendered":"<p>Do Rovinja mo\u017eete do\u0107i automobilom, avionom, autobusom, brodom ili vlakom. Rovinj je svakako vrlo pristupa\u010dna turisti\u010dka destinacija o \u010demu svjedo\u010di blizina autoceste, zra\u010dne luke i dobra prometna infrastruktura u samom gradu. Dolazite li automobilom sa sjevera, najbolje je krenuti autocestom od Villacha prema Ljubljani i dalje do grani\u010dnog prijelaza Ka\u0161tel-Dragonja i do Rovinja. Sa zapada [&hellip;]<\/p>\n","protected":false},"author":1,"featured_media":2152,"parent":3920,"menu_order":0,"comment_status":"closed","ping_status":"closed","template":"templates\/page-blog.php","meta":{"_acf_changed":false,"footnotes":""},"class_list":["post-3921","page","type-page","status-publish","has-post-thumbnail","hentry"],"acf":[],"yoast_head":"<!-- This site is optimized with the Yoast SEO plugin v27.2 - https:\/\/yoast.com\/product\/yoast-seo-wordpress\/ -->\n<title>Pristupa\u010dnost - Mediterraneo Rovinj<\/title>\n<meta name=\"robots\" content=\"index, follow, max-snippet:-1, max-image-preview:large, max-video-preview:-1\" \/>\n<link rel=\"canonical\" href=\"https:\/\/mediterraneo-rovinj.eu\/hr\/upoznaj-istru\/pristupacnost\/\" \/>\n<meta property=\"og:locale\" content=\"hr_HR\" \/>\n<meta property=\"og:type\" content=\"article\" \/>\n<meta property=\"og:title\" content=\"Pristupa\u010dnost - Mediterraneo Rovinj\" \/>\n<meta property=\"og:description\" content=\"Do Rovinja mo\u017eete do\u0107i automobilom, avionom, autobusom, brodom ili vlakom. Rovinj je svakako vrlo pristupa\u010dna turisti\u010dka destinacija o \u010demu svjedo\u010di blizina autoceste, zra\u010dne luke i dobra prometna infrastruktura u samom gradu. Dolazite li automobilom sa sjevera, najbolje je krenuti autocestom od Villacha prema Ljubljani i dalje do grani\u010dnog prijelaza Ka\u0161tel-Dragonja i do Rovinja. Sa zapada [&hellip;]\" \/>\n<meta property=\"og:url\" content=\"https:\/\/mediterraneo-rovinj.eu\/hr\/upoznaj-istru\/pristupacnost\/\" \/>\n<meta property=\"og:site_name\" content=\"Mediterraneo Rovinj\" \/>\n<meta name=\"twitter:card\" content=\"summary_large_image\" \/>\n<meta name=\"twitter:label1\" content=\"Procijenjeno vrijeme \u010ditanja\" \/>\n\t<meta name=\"twitter:data1\" content=\"1 minuta\" \/>\n<script type=\"application\/ld+json\" class=\"yoast-schema-graph\">{\"@context\":\"https:\/\/schema.org\",\"@graph\":[{\"@type\":\"WebPage\",\"@id\":\"https:\/\/mediterraneo-rovinj.eu\/hr\/upoznaj-istru\/pristupacnost\/\",\"url\":\"https:\/\/mediterraneo-rovinj.eu\/hr\/upoznaj-istru\/pristupacnost\/\",\"name\":\"Pristupa\u010dnost - Mediterraneo Rovinj\",\"isPartOf\":{\"@id\":\"https:\/\/mediterraneo-rovinj.eu\/hr\/#website\"},\"primaryImageOfPage\":{\"@id\":\"https:\/\/mediterraneo-rovinj.eu\/hr\/upoznaj-istru\/pristupacnost\/#primaryimage\"},\"image\":{\"@id\":\"https:\/\/mediterraneo-rovinj.eu\/hr\/upoznaj-istru\/pristupacnost\/#primaryimage\"},\"thumbnailUrl\":\"https:\/\/mediterraneo-rovinj.eu\/wp-content\/uploads\/2023\/03\/pristupacnost.jpeg\",\"datePublished\":\"2023-05-18T13:47:47+00:00\",\"breadcrumb\":{\"@id\":\"https:\/\/mediterraneo-rovinj.eu\/hr\/upoznaj-istru\/pristupacnost\/#breadcrumb\"},\"inLanguage\":\"hr\",\"potentialAction\":[{\"@type\":\"ReadAction\",\"target\":[\"https:\/\/mediterraneo-rovinj.eu\/hr\/upoznaj-istru\/pristupacnost\/\"]}]},{\"@type\":\"ImageObject\",\"inLanguage\":\"hr\",\"@id\":\"https:\/\/mediterraneo-rovinj.eu\/hr\/upoznaj-istru\/pristupacnost\/#primaryimage\",\"url\":\"https:\/\/mediterraneo-rovinj.eu\/wp-content\/uploads\/2023\/03\/pristupacnost.jpeg\",\"contentUrl\":\"https:\/\/mediterraneo-rovinj.eu\/wp-content\/uploads\/2023\/03\/pristupacnost.jpeg\",\"width\":2000,\"height\":1334},{\"@type\":\"BreadcrumbList\",\"@id\":\"https:\/\/mediterraneo-rovinj.eu\/hr\/upoznaj-istru\/pristupacnost\/#breadcrumb\",\"itemListElement\":[{\"@type\":\"ListItem\",\"position\":1,\"name\":\"Home\",\"item\":\"https:\/\/mediterraneo-rovinj.eu\/hr\/\"},{\"@type\":\"ListItem\",\"position\":2,\"name\":\"Upoznaj Istru\",\"item\":\"https:\/\/mediterraneo-rovinj.eu\/hr\/upoznaj-istru\/\"},{\"@type\":\"ListItem\",\"position\":3,\"name\":\"Pristupa\u010dnost\"}]},{\"@type\":\"WebSite\",\"@id\":\"https:\/\/mediterraneo-rovinj.eu\/hr\/#website\",\"url\":\"https:\/\/mediterraneo-rovinj.eu\/hr\/\",\"name\":\"Mediterraneo Rovinj\",\"description\":\"Mediterraneo Rovinj\",\"publisher\":{\"@id\":\"https:\/\/mediterraneo-rovinj.eu\/hr\/#organization\"},\"potentialAction\":[{\"@type\":\"SearchAction\",\"target\":{\"@type\":\"EntryPoint\",\"urlTemplate\":\"https:\/\/mediterraneo-rovinj.eu\/hr\/?s={search_term_string}\"},\"query-input\":{\"@type\":\"PropertyValueSpecification\",\"valueRequired\":true,\"valueName\":\"search_term_string\"}}],\"inLanguage\":\"hr\"},{\"@type\":\"Organization\",\"@id\":\"https:\/\/mediterraneo-rovinj.eu\/hr\/#organization\",\"name\":\"Mediterraneo Rovinj\",\"url\":\"https:\/\/mediterraneo-rovinj.eu\/hr\/\",\"logo\":{\"@type\":\"ImageObject\",\"inLanguage\":\"hr\",\"@id\":\"https:\/\/mediterraneo-rovinj.eu\/hr\/#\/schema\/logo\/image\/\",\"url\":\"https:\/\/mediterraneo-rovinj.eu\/wp-content\/uploads\/2023\/03\/mediterraneo_logo_2023.svg\",\"contentUrl\":\"https:\/\/mediterraneo-rovinj.eu\/wp-content\/uploads\/2023\/03\/mediterraneo_logo_2023.svg\",\"width\":179,\"height\":56,\"caption\":\"Mediterraneo Rovinj\"},\"image\":{\"@id\":\"https:\/\/mediterraneo-rovinj.eu\/hr\/#\/schema\/logo\/image\/\"}}]}<\/script>\n<!-- \/ Yoast SEO plugin. -->","yoast_head_json":{"title":"Pristupa\u010dnost - Mediterraneo Rovinj","robots":{"index":"index","follow":"follow","max-snippet":"max-snippet:-1","max-image-preview":"max-image-preview:large","max-video-preview":"max-video-preview:-1"},"canonical":"https:\/\/mediterraneo-rovinj.eu\/hr\/upoznaj-istru\/pristupacnost\/","og_locale":"hr_HR","og_type":"article","og_title":"Pristupa\u010dnost - Mediterraneo Rovinj","og_description":"Do Rovinja mo\u017eete do\u0107i automobilom, avionom, autobusom, brodom ili vlakom. Rovinj je svakako vrlo pristupa\u010dna turisti\u010dka destinacija o \u010demu svjedo\u010di blizina autoceste, zra\u010dne luke i dobra prometna infrastruktura u samom gradu. Dolazite li automobilom sa sjevera, najbolje je krenuti autocestom od Villacha prema Ljubljani i dalje do grani\u010dnog prijelaza Ka\u0161tel-Dragonja i do Rovinja. Sa zapada [&hellip;]","og_url":"https:\/\/mediterraneo-rovinj.eu\/hr\/upoznaj-istru\/pristupacnost\/","og_site_name":"Mediterraneo Rovinj","twitter_card":"summary_large_image","twitter_misc":{"Procijenjeno vrijeme \u010ditanja":"1 minuta"},"schema":{"@context":"https:\/\/schema.org","@graph":[{"@type":"WebPage","@id":"https:\/\/mediterraneo-rovinj.eu\/hr\/upoznaj-istru\/pristupacnost\/","url":"https:\/\/mediterraneo-rovinj.eu\/hr\/upoznaj-istru\/pristupacnost\/","name":"Pristupa\u010dnost - Mediterraneo Rovinj","isPartOf":{"@id":"https:\/\/mediterraneo-rovinj.eu\/hr\/#website"},"primaryImageOfPage":{"@id":"https:\/\/mediterraneo-rovinj.eu\/hr\/upoznaj-istru\/pristupacnost\/#primaryimage"},"image":{"@id":"https:\/\/mediterraneo-rovinj.eu\/hr\/upoznaj-istru\/pristupacnost\/#primaryimage"},"thumbnailUrl":"https:\/\/mediterraneo-rovinj.eu\/wp-content\/uploads\/2023\/03\/pristupacnost.jpeg","datePublished":"2023-05-18T13:47:47+00:00","breadcrumb":{"@id":"https:\/\/mediterraneo-rovinj.eu\/hr\/upoznaj-istru\/pristupacnost\/#breadcrumb"},"inLanguage":"hr","potentialAction":[{"@type":"ReadAction","target":["https:\/\/mediterraneo-rovinj.eu\/hr\/upoznaj-istru\/pristupacnost\/"]}]},{"@type":"ImageObject","inLanguage":"hr","@id":"https:\/\/mediterraneo-rovinj.eu\/hr\/upoznaj-istru\/pristupacnost\/#primaryimage","url":"https:\/\/mediterraneo-rovinj.eu\/wp-content\/uploads\/2023\/03\/pristupacnost.jpeg","contentUrl":"https:\/\/mediterraneo-rovinj.eu\/wp-content\/uploads\/2023\/03\/pristupacnost.jpeg","width":2000,"height":1334},{"@type":"BreadcrumbList","@id":"https:\/\/mediterraneo-rovinj.eu\/hr\/upoznaj-istru\/pristupacnost\/#breadcrumb","itemListElement":[{"@type":"ListItem","position":1,"name":"Home","item":"https:\/\/mediterraneo-rovinj.eu\/hr\/"},{"@type":"ListItem","position":2,"name":"Upoznaj Istru","item":"https:\/\/mediterraneo-rovinj.eu\/hr\/upoznaj-istru\/"},{"@type":"ListItem","position":3,"name":"Pristupa\u010dnost"}]},{"@type":"WebSite","@id":"https:\/\/mediterraneo-rovinj.eu\/hr\/#website","url":"https:\/\/mediterraneo-rovinj.eu\/hr\/","name":"Mediterraneo Rovinj","description":"Mediterraneo Rovinj","publisher":{"@id":"https:\/\/mediterraneo-rovinj.eu\/hr\/#organization"},"potentialAction":[{"@type":"SearchAction","target":{"@type":"EntryPoint","urlTemplate":"https:\/\/mediterraneo-rovinj.eu\/hr\/?s={search_term_string}"},"query-input":{"@type":"PropertyValueSpecification","valueRequired":true,"valueName":"search_term_string"}}],"inLanguage":"hr"},{"@type":"Organization","@id":"https:\/\/mediterraneo-rovinj.eu\/hr\/#organization","name":"Mediterraneo Rovinj","url":"https:\/\/mediterraneo-rovinj.eu\/hr\/","logo":{"@type":"ImageObject","inLanguage":"hr","@id":"https:\/\/mediterraneo-rovinj.eu\/hr\/#\/schema\/logo\/image\/","url":"https:\/\/mediterraneo-rovinj.eu\/wp-content\/uploads\/2023\/03\/mediterraneo_logo_2023.svg","contentUrl":"https:\/\/mediterraneo-rovinj.eu\/wp-content\/uploads\/2023\/03\/mediterraneo_logo_2023.svg","width":179,"height":56,"caption":"Mediterraneo Rovinj"},"image":{"@id":"https:\/\/mediterraneo-rovinj.eu\/hr\/#\/schema\/logo\/image\/"}}]}},"_links":{"self":[{"href":"https:\/\/mediterraneo-rovinj.eu\/hr\/wp-json\/wp\/v2\/pages\/3921","targetHints":{"allow":["GET"]}}],"collection":[{"href":"https:\/\/mediterraneo-rovinj.eu\/hr\/wp-json\/wp\/v2\/pages"}],"about":[{"href":"https:\/\/mediterraneo-rovinj.eu\/hr\/wp-json\/wp\/v2\/types\/page"}],"author":[{"embeddable":true,"href":"https:\/\/mediterraneo-rovinj.eu\/hr\/wp-json\/wp\/v2\/users\/1"}],"replies":[{"embeddable":true,"href":"https:\/\/mediterraneo-rovinj.eu\/hr\/wp-json\/wp\/v2\/comments?post=3921"}],"version-history":[{"count":0,"href":"https:\/\/mediterraneo-rovinj.eu\/hr\/wp-json\/wp\/v2\/pages\/3921\/revisions"}],"up":[{"embeddable":true,"href":"https:\/\/mediterraneo-rovinj.eu\/hr\/wp-json\/wp\/v2\/pages\/3920"}],"wp:featuredmedia":[{"embeddable":true,"href":"https:\/\/mediterraneo-rovinj.eu\/hr\/wp-json\/wp\/v2\/media\/2152"}],"wp:attachment":[{"href":"https:\/\/mediterraneo-rovinj.eu\/hr\/wp-json\/wp\/v2\/media?parent=3921"}],"curies":[{"name":"wp","href":"https:\/\/api.w.org\/{rel}","templated":true}]}}