{"id":3923,"date":"2023-05-18T13:54:47","date_gmt":"2023-05-18T13:54:47","guid":{"rendered":"https:\/\/mediterraneo-rovinj.eu\/upoznaj-istru\/rovinj\/"},"modified":"2023-05-18T13:54:47","modified_gmt":"2023-05-18T13:54:47","slug":"rovinj","status":"publish","type":"page","link":"https:\/\/mediterraneo-rovinj.eu\/hr\/upoznaj-istru\/rovinj\/","title":{"rendered":"Rovinj"},"content":{"rendered":"<p>Rovinj\/Rovigno je ve\u0107 bio naselje venecijanskih ili ilirskih plemena prije nego \u0161to su ga zauzeli Rimljani, koji su ga nazvali Arupinium ili Mons Rubineus, a kasnije Ruginium i Ruvinium. Izgra\u0111en na oto\u010di\u0107u blizu obale, s kopnom se povezao mnogo kasnije, 1763. godine, nasipavanjem kanala.<\/p>\n<p>Rovinj\/Rovigno je s vremenom uklju\u010den u Bizantsko Carstvo, kasnije je postao dijelom Ravenskog egzarhata u 6. stolje\u0107u, prije nego \u0161to ga je preuzelo Frana\u010dko Carstvo 788. Sljede\u0107ih nekoliko stolje\u0107a njime je vladao niz feudalnih gospodara, a 1209. dobio ga je Akvilejski patrijarhat pod vodstvom Wolfgera von Erla.<\/p>\n<p>Od 1283. do 1797. godine Rovinj je bio jedan od najva\u017enijih gradova u Istri pod upravom Mleta\u010dke Republike. U tom su razdoblju izgra\u0111ena troja gradska vrata, a Rovinj\/Rovigno je utvr\u0111en s dva reda obrambenih zidova, \u010diji se ostaci mogu vidjeti i danas. U blizini gata Rovinj\/Rovigno nalaze se jedna od starih gradskih vrata, Balbijev slavoluk iz 1680. godine i kasnorenesansni toranj sa satom. Prvi gradski statut progla\u0161en je 1531. godine.<\/p>\n<p>Nakon pada Venecije 1797. godine i Napoleonove vladavine koja je uslijedila, Rovinj\/Rovigno je postao dijelom Austrijskog Carstva, koje je trajalo do Prvog svjetskog rata. Prema posljednjem austrijskom popisu stanovni\u0161tva iz 1911. godine, 97,8% stanovni\u0161tva govorilo je talijanski. Potom je pripadao Kraljevini Italiji od 1918. do 1947. godine, kada je ustupljen SFR Jugoslaviji, kao dio SR Hrvatske. Prvotno ime grada Rovigno tada je promijenjeno u Rovinj. Tijekom poslijeratnog razdoblja brojni talijanski stanovnici napustili su Rovinj, \u0161to je dovelo do zna\u010dajnih promjena u demografskoj strukturi grada.<\/p>\n<p>Osamostaljenjem Hrvatske 1991. godine grad postaje jedno od najva\u017enijih sredi\u0161ta Istarske \u017eupanije, administrativne jedinice koja obuhva\u0107a najve\u0107i dio Istre. Rovinj\/Rovigno je danas tre\u0107i grad po broju stanovnika u \u017eupaniji, iza Pule i Pore\u010da.<\/p>\n","protected":false},"excerpt":{"rendered":"<p>Rovinj\/Rovigno je ve\u0107 bio naselje venecijanskih ili ilirskih plemena prije nego \u0161to su ga zauzeli Rimljani, koji su ga nazvali Arupinium ili Mons Rubineus, a kasnije Ruginium i Ruvinium. Izgra\u0111en na oto\u010di\u0107u blizu obale, s kopnom se povezao mnogo kasnije, 1763. godine, nasipavanjem kanala. Rovinj\/Rovigno je s vremenom uklju\u010den u Bizantsko Carstvo, kasnije je postao [&hellip;]<\/p>\n","protected":false},"author":1,"featured_media":2151,"parent":3920,"menu_order":0,"comment_status":"closed","ping_status":"closed","template":"templates\/page-blog.php","meta":{"_acf_changed":false,"footnotes":""},"class_list":["post-3923","page","type-page","status-publish","has-post-thumbnail","hentry"],"acf":[],"yoast_head":"<!-- This site is optimized with the Yoast SEO plugin v27.2 - https:\/\/yoast.com\/product\/yoast-seo-wordpress\/ -->\n<title>Rovinj - Mediterraneo Rovinj<\/title>\n<meta name=\"robots\" content=\"index, follow, max-snippet:-1, max-image-preview:large, max-video-preview:-1\" \/>\n<link rel=\"canonical\" href=\"https:\/\/mediterraneo-rovinj.eu\/hr\/upoznaj-istru\/rovinj\/\" \/>\n<meta property=\"og:locale\" content=\"hr_HR\" \/>\n<meta property=\"og:type\" content=\"article\" \/>\n<meta property=\"og:title\" content=\"Rovinj - Mediterraneo Rovinj\" \/>\n<meta property=\"og:description\" content=\"Rovinj\/Rovigno je ve\u0107 bio naselje venecijanskih ili ilirskih plemena prije nego \u0161to su ga zauzeli Rimljani, koji su ga nazvali Arupinium ili Mons Rubineus, a kasnije Ruginium i Ruvinium. Izgra\u0111en na oto\u010di\u0107u blizu obale, s kopnom se povezao mnogo kasnije, 1763. godine, nasipavanjem kanala. Rovinj\/Rovigno je s vremenom uklju\u010den u Bizantsko Carstvo, kasnije je postao [&hellip;]\" \/>\n<meta property=\"og:url\" content=\"https:\/\/mediterraneo-rovinj.eu\/hr\/upoznaj-istru\/rovinj\/\" \/>\n<meta property=\"og:site_name\" content=\"Mediterraneo Rovinj\" \/>\n<meta name=\"twitter:card\" content=\"summary_large_image\" \/>\n<meta name=\"twitter:label1\" content=\"Procijenjeno vrijeme \u010ditanja\" \/>\n\t<meta name=\"twitter:data1\" content=\"1 minuta\" \/>\n<script type=\"application\/ld+json\" class=\"yoast-schema-graph\">{\"@context\":\"https:\/\/schema.org\",\"@graph\":[{\"@type\":\"WebPage\",\"@id\":\"https:\/\/mediterraneo-rovinj.eu\/hr\/upoznaj-istru\/rovinj\/\",\"url\":\"https:\/\/mediterraneo-rovinj.eu\/hr\/upoznaj-istru\/rovinj\/\",\"name\":\"Rovinj - Mediterraneo Rovinj\",\"isPartOf\":{\"@id\":\"https:\/\/mediterraneo-rovinj.eu\/hr\/#website\"},\"primaryImageOfPage\":{\"@id\":\"https:\/\/mediterraneo-rovinj.eu\/hr\/upoznaj-istru\/rovinj\/#primaryimage\"},\"image\":{\"@id\":\"https:\/\/mediterraneo-rovinj.eu\/hr\/upoznaj-istru\/rovinj\/#primaryimage\"},\"thumbnailUrl\":\"https:\/\/mediterraneo-rovinj.eu\/wp-content\/uploads\/2023\/03\/rovinj.jpeg\",\"datePublished\":\"2023-05-18T13:54:47+00:00\",\"breadcrumb\":{\"@id\":\"https:\/\/mediterraneo-rovinj.eu\/hr\/upoznaj-istru\/rovinj\/#breadcrumb\"},\"inLanguage\":\"hr\",\"potentialAction\":[{\"@type\":\"ReadAction\",\"target\":[\"https:\/\/mediterraneo-rovinj.eu\/hr\/upoznaj-istru\/rovinj\/\"]}]},{\"@type\":\"ImageObject\",\"inLanguage\":\"hr\",\"@id\":\"https:\/\/mediterraneo-rovinj.eu\/hr\/upoznaj-istru\/rovinj\/#primaryimage\",\"url\":\"https:\/\/mediterraneo-rovinj.eu\/wp-content\/uploads\/2023\/03\/rovinj.jpeg\",\"contentUrl\":\"https:\/\/mediterraneo-rovinj.eu\/wp-content\/uploads\/2023\/03\/rovinj.jpeg\",\"width\":1080,\"height\":1350},{\"@type\":\"BreadcrumbList\",\"@id\":\"https:\/\/mediterraneo-rovinj.eu\/hr\/upoznaj-istru\/rovinj\/#breadcrumb\",\"itemListElement\":[{\"@type\":\"ListItem\",\"position\":1,\"name\":\"Home\",\"item\":\"https:\/\/mediterraneo-rovinj.eu\/hr\/\"},{\"@type\":\"ListItem\",\"position\":2,\"name\":\"Upoznaj Istru\",\"item\":\"https:\/\/mediterraneo-rovinj.eu\/hr\/upoznaj-istru\/\"},{\"@type\":\"ListItem\",\"position\":3,\"name\":\"Rovinj\"}]},{\"@type\":\"WebSite\",\"@id\":\"https:\/\/mediterraneo-rovinj.eu\/hr\/#website\",\"url\":\"https:\/\/mediterraneo-rovinj.eu\/hr\/\",\"name\":\"Mediterraneo Rovinj\",\"description\":\"Mediterraneo Rovinj\",\"publisher\":{\"@id\":\"https:\/\/mediterraneo-rovinj.eu\/hr\/#organization\"},\"potentialAction\":[{\"@type\":\"SearchAction\",\"target\":{\"@type\":\"EntryPoint\",\"urlTemplate\":\"https:\/\/mediterraneo-rovinj.eu\/hr\/?s={search_term_string}\"},\"query-input\":{\"@type\":\"PropertyValueSpecification\",\"valueRequired\":true,\"valueName\":\"search_term_string\"}}],\"inLanguage\":\"hr\"},{\"@type\":\"Organization\",\"@id\":\"https:\/\/mediterraneo-rovinj.eu\/hr\/#organization\",\"name\":\"Mediterraneo Rovinj\",\"url\":\"https:\/\/mediterraneo-rovinj.eu\/hr\/\",\"logo\":{\"@type\":\"ImageObject\",\"inLanguage\":\"hr\",\"@id\":\"https:\/\/mediterraneo-rovinj.eu\/hr\/#\/schema\/logo\/image\/\",\"url\":\"https:\/\/mediterraneo-rovinj.eu\/wp-content\/uploads\/2023\/03\/mediterraneo_logo_2023.svg\",\"contentUrl\":\"https:\/\/mediterraneo-rovinj.eu\/wp-content\/uploads\/2023\/03\/mediterraneo_logo_2023.svg\",\"width\":179,\"height\":56,\"caption\":\"Mediterraneo Rovinj\"},\"image\":{\"@id\":\"https:\/\/mediterraneo-rovinj.eu\/hr\/#\/schema\/logo\/image\/\"}}]}<\/script>\n<!-- \/ Yoast SEO plugin. -->","yoast_head_json":{"title":"Rovinj - Mediterraneo Rovinj","robots":{"index":"index","follow":"follow","max-snippet":"max-snippet:-1","max-image-preview":"max-image-preview:large","max-video-preview":"max-video-preview:-1"},"canonical":"https:\/\/mediterraneo-rovinj.eu\/hr\/upoznaj-istru\/rovinj\/","og_locale":"hr_HR","og_type":"article","og_title":"Rovinj - Mediterraneo Rovinj","og_description":"Rovinj\/Rovigno je ve\u0107 bio naselje venecijanskih ili ilirskih plemena prije nego \u0161to su ga zauzeli Rimljani, koji su ga nazvali Arupinium ili Mons Rubineus, a kasnije Ruginium i Ruvinium. Izgra\u0111en na oto\u010di\u0107u blizu obale, s kopnom se povezao mnogo kasnije, 1763. godine, nasipavanjem kanala. Rovinj\/Rovigno je s vremenom uklju\u010den u Bizantsko Carstvo, kasnije je postao [&hellip;]","og_url":"https:\/\/mediterraneo-rovinj.eu\/hr\/upoznaj-istru\/rovinj\/","og_site_name":"Mediterraneo Rovinj","twitter_card":"summary_large_image","twitter_misc":{"Procijenjeno vrijeme \u010ditanja":"1 minuta"},"schema":{"@context":"https:\/\/schema.org","@graph":[{"@type":"WebPage","@id":"https:\/\/mediterraneo-rovinj.eu\/hr\/upoznaj-istru\/rovinj\/","url":"https:\/\/mediterraneo-rovinj.eu\/hr\/upoznaj-istru\/rovinj\/","name":"Rovinj - Mediterraneo Rovinj","isPartOf":{"@id":"https:\/\/mediterraneo-rovinj.eu\/hr\/#website"},"primaryImageOfPage":{"@id":"https:\/\/mediterraneo-rovinj.eu\/hr\/upoznaj-istru\/rovinj\/#primaryimage"},"image":{"@id":"https:\/\/mediterraneo-rovinj.eu\/hr\/upoznaj-istru\/rovinj\/#primaryimage"},"thumbnailUrl":"https:\/\/mediterraneo-rovinj.eu\/wp-content\/uploads\/2023\/03\/rovinj.jpeg","datePublished":"2023-05-18T13:54:47+00:00","breadcrumb":{"@id":"https:\/\/mediterraneo-rovinj.eu\/hr\/upoznaj-istru\/rovinj\/#breadcrumb"},"inLanguage":"hr","potentialAction":[{"@type":"ReadAction","target":["https:\/\/mediterraneo-rovinj.eu\/hr\/upoznaj-istru\/rovinj\/"]}]},{"@type":"ImageObject","inLanguage":"hr","@id":"https:\/\/mediterraneo-rovinj.eu\/hr\/upoznaj-istru\/rovinj\/#primaryimage","url":"https:\/\/mediterraneo-rovinj.eu\/wp-content\/uploads\/2023\/03\/rovinj.jpeg","contentUrl":"https:\/\/mediterraneo-rovinj.eu\/wp-content\/uploads\/2023\/03\/rovinj.jpeg","width":1080,"height":1350},{"@type":"BreadcrumbList","@id":"https:\/\/mediterraneo-rovinj.eu\/hr\/upoznaj-istru\/rovinj\/#breadcrumb","itemListElement":[{"@type":"ListItem","position":1,"name":"Home","item":"https:\/\/mediterraneo-rovinj.eu\/hr\/"},{"@type":"ListItem","position":2,"name":"Upoznaj Istru","item":"https:\/\/mediterraneo-rovinj.eu\/hr\/upoznaj-istru\/"},{"@type":"ListItem","position":3,"name":"Rovinj"}]},{"@type":"WebSite","@id":"https:\/\/mediterraneo-rovinj.eu\/hr\/#website","url":"https:\/\/mediterraneo-rovinj.eu\/hr\/","name":"Mediterraneo Rovinj","description":"Mediterraneo Rovinj","publisher":{"@id":"https:\/\/mediterraneo-rovinj.eu\/hr\/#organization"},"potentialAction":[{"@type":"SearchAction","target":{"@type":"EntryPoint","urlTemplate":"https:\/\/mediterraneo-rovinj.eu\/hr\/?s={search_term_string}"},"query-input":{"@type":"PropertyValueSpecification","valueRequired":true,"valueName":"search_term_string"}}],"inLanguage":"hr"},{"@type":"Organization","@id":"https:\/\/mediterraneo-rovinj.eu\/hr\/#organization","name":"Mediterraneo Rovinj","url":"https:\/\/mediterraneo-rovinj.eu\/hr\/","logo":{"@type":"ImageObject","inLanguage":"hr","@id":"https:\/\/mediterraneo-rovinj.eu\/hr\/#\/schema\/logo\/image\/","url":"https:\/\/mediterraneo-rovinj.eu\/wp-content\/uploads\/2023\/03\/mediterraneo_logo_2023.svg","contentUrl":"https:\/\/mediterraneo-rovinj.eu\/wp-content\/uploads\/2023\/03\/mediterraneo_logo_2023.svg","width":179,"height":56,"caption":"Mediterraneo Rovinj"},"image":{"@id":"https:\/\/mediterraneo-rovinj.eu\/hr\/#\/schema\/logo\/image\/"}}]}},"_links":{"self":[{"href":"https:\/\/mediterraneo-rovinj.eu\/hr\/wp-json\/wp\/v2\/pages\/3923","targetHints":{"allow":["GET"]}}],"collection":[{"href":"https:\/\/mediterraneo-rovinj.eu\/hr\/wp-json\/wp\/v2\/pages"}],"about":[{"href":"https:\/\/mediterraneo-rovinj.eu\/hr\/wp-json\/wp\/v2\/types\/page"}],"author":[{"embeddable":true,"href":"https:\/\/mediterraneo-rovinj.eu\/hr\/wp-json\/wp\/v2\/users\/1"}],"replies":[{"embeddable":true,"href":"https:\/\/mediterraneo-rovinj.eu\/hr\/wp-json\/wp\/v2\/comments?post=3923"}],"version-history":[{"count":0,"href":"https:\/\/mediterraneo-rovinj.eu\/hr\/wp-json\/wp\/v2\/pages\/3923\/revisions"}],"up":[{"embeddable":true,"href":"https:\/\/mediterraneo-rovinj.eu\/hr\/wp-json\/wp\/v2\/pages\/3920"}],"wp:featuredmedia":[{"embeddable":true,"href":"https:\/\/mediterraneo-rovinj.eu\/hr\/wp-json\/wp\/v2\/media\/2151"}],"wp:attachment":[{"href":"https:\/\/mediterraneo-rovinj.eu\/hr\/wp-json\/wp\/v2\/media?parent=3923"}],"curies":[{"name":"wp","href":"https:\/\/api.w.org\/{rel}","templated":true}]}}