{"id":3924,"date":"2023-05-18T13:56:07","date_gmt":"2023-05-18T13:56:07","guid":{"rendered":"https:\/\/mediterraneo-rovinj.eu\/nas-tim\/"},"modified":"2025-01-23T11:29:48","modified_gmt":"2025-01-23T10:29:48","slug":"nas-tim","status":"publish","type":"page","link":"https:\/\/mediterraneo-rovinj.eu\/hr\/nas-tim\/","title":{"rendered":"Na\u0161 Tim"},"content":{"rendered":"<p>Agencija Mediterraneo osnovana je 2006. godine. Svrha osnivanja bila je ugostiti sve koji \u017eele posjetiti na\u0161 prekrasni grad Rovinj. I mo\u017eemo re\u0107i da jo\u0161 uvijek stojimo iza te svrhe. Brinemo se o na\u0161im gostima i osiguravamo smje\u0161taj prema \u017eeljama gostiju. Uvijek se trudimo na\u0161im gostima pru\u017eiti iskustvo koje \u0107e dugo pamtiti.<\/p>\n<p>Zahvaljuju\u0107i vi\u0161egodi\u0161njem iskustvu rada u turizmu, Mediterraneo Team stoji na raspolaganju na\u0161im gostima kad god za to postoji potreba. Na\u0161im gostima poma\u017eemo osmisliti lijep i poseban odmor. Poma\u017eu\u0107i pri odabiru savr\u0161enog smje\u0161taja, Mediterraneo Team jam\u010di odli\u010dan po\u010detak nevjerojatnog boravka u Rovinju. Svoje goste do\u010dekujemo po dolasku i informiramo ih o svim vrijednim informacijama o apartmanu u kojem borave. Tako\u0111er, uvijek nastojimo udovoljiti svim potrebama i \u017eeljama koje gosti mogu imati.<\/p>\n<p>Tim agencije Maditerraneo, s partnerima, poma\u017ee u organizaciji izleta i izleta po gradu i izvan njega. Nadalje, po dolasku na\u0161 tim otkriva tajne o najboljim restoranima i gastro mjestima u Rovinju. Osim toga, na\u0161 tim \u0107e vam uvijek dati najbolje savjete i trikove kako se bez problema i prepreka kretati gradom.<\/p>\n<p>Uz sve to, tim agencije Mediterraneo radi na pru\u017eanju najboljeg iskustva koje mo\u017eete do\u017eivjeti tijekom posjeta Rovinju.<\/p>\n","protected":false},"excerpt":{"rendered":"<p>Agencija Mediterraneo osnovana je 2006. godine. Svrha osnivanja bila je ugostiti sve koji \u017eele posjetiti na\u0161 prekrasni grad Rovinj. I mo\u017eemo re\u0107i da jo\u0161 uvijek stojimo iza te svrhe. Brinemo se o na\u0161im gostima i osiguravamo smje\u0161taj prema \u017eeljama gostiju. Uvijek se trudimo na\u0161im gostima pru\u017eiti iskustvo koje \u0107e dugo pamtiti. Zahvaljuju\u0107i vi\u0161egodi\u0161njem iskustvu rada [&hellip;]<\/p>\n","protected":false},"author":1,"featured_media":0,"parent":0,"menu_order":0,"comment_status":"closed","ping_status":"closed","template":"templates\/page-cms.php","meta":{"_acf_changed":false,"footnotes":""},"class_list":["post-3924","page","type-page","status-publish","hentry"],"acf":[],"yoast_head":"<!-- This site is optimized with the Yoast SEO plugin v27.2 - https:\/\/yoast.com\/product\/yoast-seo-wordpress\/ -->\n<title>Mediterraneo Agency Na\u0161 Tim - Mediterraneo Rovinj<\/title>\n<meta name=\"description\" content=\"Agencija Mediterraneo je turisti\u010dka agencija s dugogodi\u0161njim iskustvom koja nudi smje\u0161taj u prekrasnom Rovinju.\" \/>\n<meta name=\"robots\" content=\"index, follow, max-snippet:-1, max-image-preview:large, max-video-preview:-1\" \/>\n<link rel=\"canonical\" href=\"https:\/\/mediterraneo-rovinj.eu\/hr\/nas-tim\/\" \/>\n<meta property=\"og:locale\" content=\"hr_HR\" \/>\n<meta property=\"og:type\" content=\"article\" \/>\n<meta property=\"og:title\" content=\"Mediterraneo Agency Na\u0161 Tim - Mediterraneo Rovinj\" \/>\n<meta property=\"og:description\" content=\"Agencija Mediterraneo je turisti\u010dka agencija s dugogodi\u0161njim iskustvom koja nudi smje\u0161taj u prekrasnom Rovinju.\" \/>\n<meta property=\"og:url\" content=\"https:\/\/mediterraneo-rovinj.eu\/hr\/nas-tim\/\" \/>\n<meta property=\"og:site_name\" content=\"Mediterraneo Rovinj\" \/>\n<meta property=\"article:modified_time\" content=\"2025-01-23T10:29:48+00:00\" \/>\n<meta name=\"twitter:card\" content=\"summary_large_image\" \/>\n<meta name=\"twitter:label1\" content=\"Procijenjeno vrijeme \u010ditanja\" \/>\n\t<meta name=\"twitter:data1\" content=\"1 minuta\" \/>\n<script type=\"application\/ld+json\" class=\"yoast-schema-graph\">{\"@context\":\"https:\/\/schema.org\",\"@graph\":[{\"@type\":\"WebPage\",\"@id\":\"https:\/\/mediterraneo-rovinj.eu\/hr\/nas-tim\/\",\"url\":\"https:\/\/mediterraneo-rovinj.eu\/hr\/nas-tim\/\",\"name\":\"Mediterraneo Agency Na\u0161 Tim - Mediterraneo Rovinj\",\"isPartOf\":{\"@id\":\"https:\/\/mediterraneo-rovinj.eu\/hr\/#website\"},\"datePublished\":\"2023-05-18T13:56:07+00:00\",\"dateModified\":\"2025-01-23T10:29:48+00:00\",\"description\":\"Agencija Mediterraneo je turisti\u010dka agencija s dugogodi\u0161njim iskustvom koja nudi smje\u0161taj u prekrasnom Rovinju.\",\"breadcrumb\":{\"@id\":\"https:\/\/mediterraneo-rovinj.eu\/hr\/nas-tim\/#breadcrumb\"},\"inLanguage\":\"hr\",\"potentialAction\":[{\"@type\":\"ReadAction\",\"target\":[\"https:\/\/mediterraneo-rovinj.eu\/hr\/nas-tim\/\"]}]},{\"@type\":\"BreadcrumbList\",\"@id\":\"https:\/\/mediterraneo-rovinj.eu\/hr\/nas-tim\/#breadcrumb\",\"itemListElement\":[{\"@type\":\"ListItem\",\"position\":1,\"name\":\"Home\",\"item\":\"https:\/\/mediterraneo-rovinj.eu\/hr\/\"},{\"@type\":\"ListItem\",\"position\":2,\"name\":\"Na\u0161 Tim\"}]},{\"@type\":\"WebSite\",\"@id\":\"https:\/\/mediterraneo-rovinj.eu\/hr\/#website\",\"url\":\"https:\/\/mediterraneo-rovinj.eu\/hr\/\",\"name\":\"Mediterraneo Rovinj\",\"description\":\"Mediterraneo Rovinj\",\"publisher\":{\"@id\":\"https:\/\/mediterraneo-rovinj.eu\/hr\/#organization\"},\"potentialAction\":[{\"@type\":\"SearchAction\",\"target\":{\"@type\":\"EntryPoint\",\"urlTemplate\":\"https:\/\/mediterraneo-rovinj.eu\/hr\/?s={search_term_string}\"},\"query-input\":{\"@type\":\"PropertyValueSpecification\",\"valueRequired\":true,\"valueName\":\"search_term_string\"}}],\"inLanguage\":\"hr\"},{\"@type\":\"Organization\",\"@id\":\"https:\/\/mediterraneo-rovinj.eu\/hr\/#organization\",\"name\":\"Mediterraneo Rovinj\",\"url\":\"https:\/\/mediterraneo-rovinj.eu\/hr\/\",\"logo\":{\"@type\":\"ImageObject\",\"inLanguage\":\"hr\",\"@id\":\"https:\/\/mediterraneo-rovinj.eu\/hr\/#\/schema\/logo\/image\/\",\"url\":\"https:\/\/mediterraneo-rovinj.eu\/wp-content\/uploads\/2023\/03\/mediterraneo_logo_2023.svg\",\"contentUrl\":\"https:\/\/mediterraneo-rovinj.eu\/wp-content\/uploads\/2023\/03\/mediterraneo_logo_2023.svg\",\"width\":179,\"height\":56,\"caption\":\"Mediterraneo Rovinj\"},\"image\":{\"@id\":\"https:\/\/mediterraneo-rovinj.eu\/hr\/#\/schema\/logo\/image\/\"}}]}<\/script>\n<!-- \/ Yoast SEO plugin. -->","yoast_head_json":{"title":"Mediterraneo Agency Na\u0161 Tim - Mediterraneo Rovinj","description":"Agencija Mediterraneo je turisti\u010dka agencija s dugogodi\u0161njim iskustvom koja nudi smje\u0161taj u prekrasnom Rovinju.","robots":{"index":"index","follow":"follow","max-snippet":"max-snippet:-1","max-image-preview":"max-image-preview:large","max-video-preview":"max-video-preview:-1"},"canonical":"https:\/\/mediterraneo-rovinj.eu\/hr\/nas-tim\/","og_locale":"hr_HR","og_type":"article","og_title":"Mediterraneo Agency Na\u0161 Tim - Mediterraneo Rovinj","og_description":"Agencija Mediterraneo je turisti\u010dka agencija s dugogodi\u0161njim iskustvom koja nudi smje\u0161taj u prekrasnom Rovinju.","og_url":"https:\/\/mediterraneo-rovinj.eu\/hr\/nas-tim\/","og_site_name":"Mediterraneo Rovinj","article_modified_time":"2025-01-23T10:29:48+00:00","twitter_card":"summary_large_image","twitter_misc":{"Procijenjeno vrijeme \u010ditanja":"1 minuta"},"schema":{"@context":"https:\/\/schema.org","@graph":[{"@type":"WebPage","@id":"https:\/\/mediterraneo-rovinj.eu\/hr\/nas-tim\/","url":"https:\/\/mediterraneo-rovinj.eu\/hr\/nas-tim\/","name":"Mediterraneo Agency Na\u0161 Tim - Mediterraneo Rovinj","isPartOf":{"@id":"https:\/\/mediterraneo-rovinj.eu\/hr\/#website"},"datePublished":"2023-05-18T13:56:07+00:00","dateModified":"2025-01-23T10:29:48+00:00","description":"Agencija Mediterraneo je turisti\u010dka agencija s dugogodi\u0161njim iskustvom koja nudi smje\u0161taj u prekrasnom Rovinju.","breadcrumb":{"@id":"https:\/\/mediterraneo-rovinj.eu\/hr\/nas-tim\/#breadcrumb"},"inLanguage":"hr","potentialAction":[{"@type":"ReadAction","target":["https:\/\/mediterraneo-rovinj.eu\/hr\/nas-tim\/"]}]},{"@type":"BreadcrumbList","@id":"https:\/\/mediterraneo-rovinj.eu\/hr\/nas-tim\/#breadcrumb","itemListElement":[{"@type":"ListItem","position":1,"name":"Home","item":"https:\/\/mediterraneo-rovinj.eu\/hr\/"},{"@type":"ListItem","position":2,"name":"Na\u0161 Tim"}]},{"@type":"WebSite","@id":"https:\/\/mediterraneo-rovinj.eu\/hr\/#website","url":"https:\/\/mediterraneo-rovinj.eu\/hr\/","name":"Mediterraneo Rovinj","description":"Mediterraneo Rovinj","publisher":{"@id":"https:\/\/mediterraneo-rovinj.eu\/hr\/#organization"},"potentialAction":[{"@type":"SearchAction","target":{"@type":"EntryPoint","urlTemplate":"https:\/\/mediterraneo-rovinj.eu\/hr\/?s={search_term_string}"},"query-input":{"@type":"PropertyValueSpecification","valueRequired":true,"valueName":"search_term_string"}}],"inLanguage":"hr"},{"@type":"Organization","@id":"https:\/\/mediterraneo-rovinj.eu\/hr\/#organization","name":"Mediterraneo Rovinj","url":"https:\/\/mediterraneo-rovinj.eu\/hr\/","logo":{"@type":"ImageObject","inLanguage":"hr","@id":"https:\/\/mediterraneo-rovinj.eu\/hr\/#\/schema\/logo\/image\/","url":"https:\/\/mediterraneo-rovinj.eu\/wp-content\/uploads\/2023\/03\/mediterraneo_logo_2023.svg","contentUrl":"https:\/\/mediterraneo-rovinj.eu\/wp-content\/uploads\/2023\/03\/mediterraneo_logo_2023.svg","width":179,"height":56,"caption":"Mediterraneo Rovinj"},"image":{"@id":"https:\/\/mediterraneo-rovinj.eu\/hr\/#\/schema\/logo\/image\/"}}]}},"_links":{"self":[{"href":"https:\/\/mediterraneo-rovinj.eu\/hr\/wp-json\/wp\/v2\/pages\/3924","targetHints":{"allow":["GET"]}}],"collection":[{"href":"https:\/\/mediterraneo-rovinj.eu\/hr\/wp-json\/wp\/v2\/pages"}],"about":[{"href":"https:\/\/mediterraneo-rovinj.eu\/hr\/wp-json\/wp\/v2\/types\/page"}],"author":[{"embeddable":true,"href":"https:\/\/mediterraneo-rovinj.eu\/hr\/wp-json\/wp\/v2\/users\/1"}],"replies":[{"embeddable":true,"href":"https:\/\/mediterraneo-rovinj.eu\/hr\/wp-json\/wp\/v2\/comments?post=3924"}],"version-history":[{"count":0,"href":"https:\/\/mediterraneo-rovinj.eu\/hr\/wp-json\/wp\/v2\/pages\/3924\/revisions"}],"wp:attachment":[{"href":"https:\/\/mediterraneo-rovinj.eu\/hr\/wp-json\/wp\/v2\/media?parent=3924"}],"curies":[{"name":"wp","href":"https:\/\/api.w.org\/{rel}","templated":true}]}}