{"id":3927,"date":"2023-05-18T14:29:23","date_gmt":"2023-05-18T14:29:23","guid":{"rendered":"https:\/\/mediterraneo-rovinj.eu\/odredbe-i-uvjeti\/"},"modified":"2024-03-07T16:10:28","modified_gmt":"2024-03-07T15:10:28","slug":"odredbe-i-uvjeti","status":"publish","type":"page","link":"https:\/\/mediterraneo-rovinj.eu\/hr\/odredbe-i-uvjeti\/","title":{"rendered":"Odredbe i uvjeti"},"content":{"rendered":"<p>Potvrdom rezervacije podrazumijeva se da ste upoznati s pravilima i da se u potpunosti sla\u017eete sa sljede\u0107im:<\/p>\n<h2>1. Ponuda<\/h2>\n<p>Zahtjevi za rezervaciju mogu se izvr\u0161iti putem e-maila, faksa ili telefona. Odgovor \u0107ete dobiti &#8216;uvijek pisanim putem po\u0161tom ili faksom radi ve\u0107e sigurnosti i razumijevanja, transparentnosti i prezentacije (foto) jedinica&#8217; koje ste odabrali. Na upit za rezervaciju \u0161aljemo najbolju ponudu nastoje\u0107i udovoljiti svim va\u0161im zahtjevima. Agencija jam\u010di za istinitost opisa, fotografija i svih sadr\u017eaja vezanih uz stanovanje, fer cijene i uvjete s kojima su predlo\u017eeni. Ukoliko se u slu\u010daju velikih sila apartman po izboru gosta ne mo\u017ee koristiti, agencija je du\u017ena osigurati alternativni smje\u0161taj bez sni\u017eenja cijene, ako se radi o istoj klasi \/ istoj razini.<\/p>\n<h2>2. Rezervacija<\/h2>\n<p>Prihva\u0107anje predlo\u017eene nekretnine i pla\u0107anje pologa za nju rezultira potpunim suglasjem kupca s na\u0161im uvjetima. Uplatom akontacije i potpisom ugovora, odnosno vouchera&#8230;ili davanjem podataka o kreditnoj kartici, gost uspostavlja pravni odnos s agencijom te potvr\u0111uje da je upoznat s ovim pravilnikom i da ga prihva\u0107a.<br \/>\nTransakcijske naknade za pla\u0107anje ra\u010duna 100% pla\u0107a gost. Prilikom prijave i\/ili registracije gost je du\u017ean dati sve podatke potrebne za potvrdu rezervacije.<br \/>\nPrilikom potvrde rezervacije potrebno je uplatiti depozit \u010diji postotak mo\u017ee varirati od 15% do 30% ukupnog iznosa ovisno o vrsti rezerviranog objekta. U slu\u010daju da akontacija\/akontacija nije upla\u0107ena u dogovorenom roku smatrat \u0107e se da je rezervacija otkazana te da agencija isti apartman mo\u017ee ponuditi drugom gostu. Nakon primitka akontacije agencija \u0107e poslati rezervacija potvrditi ugovor.<br \/>\n\u0160to se ti\u010de iznosa (za policu otkazivanja), vrijedit \u0107e od datuma kada smo primili otkaz.<br \/>\n-Za otkazivanje primljeno unutar 29 dana prije datuma dolaska bit \u0107e vra\u0107en polog (smanjenje bankovnih tro\u0161kova i naknada)<br \/>\n-Za otkazivanje primljeno 28 dana prije datuma dolaska do 7 dana prije dolaska depozit \u0107e biti &#8216;zadr\u017ean kao kazna.<br \/>\n-Za otkazivanje primljeno 7 dana prije datuma dolaska unutar istog datuma dolaska (No Show) Agencija \u0107e imati pravo naplatiti 100% ukupnog iznosa kao kaznu za gubitak.<br \/>\nZa avansnu uplatu potrebno je sljede\u0107e:<br \/>\n-poslati kopiju akontacije<br \/>\nKako biste ispravno izvr\u0161ili prijenos novca, nazna\u010dite;<br \/>\nIme i prezime nositelja rezervacije s adresom, prebivali\u0161tem.<br \/>\nPrimatelj (agencija): Turisti\u010dki OBRT J &amp; J Motovunska 16 52210 Rovinj, Hrvatska (Hrvatska)<br \/>\nSWIFT (BIC) kod: PBZGHR2X<br \/>\nIBAN: HR22 2340 0091 1601 3709 9<br \/>\nBanka: PRIVREDNA BANKA ZAGREB D.D. Ra\u010dkoga 6,<br \/>\n10000 Zagreb, Hrvatska<br \/>\nGost je du\u017ean poslati kopiju uplate odmah, faksom ili e-po\u0161tom &#8230;. ina\u010de agencija nije &#8216;obavezna potvrditi rezervaciju i tako\u0111er ne snosi odgovornost&#8217; za bilo kakve nedostatke \/ probleme uklju\u010duju\u0107i ka\u0161njenje dolazak .<br \/>\n&#8211; Pla\u0107anje virmanom<br \/>\nZa ispravno pla\u0107anje\/transakciju potrebni su sljede\u0107i podaci:<br \/>\nIme i prezime nositelja rezervacije s adresom i prebivali\u0161tem.<\/p>\n<h2>3. Odlazak<\/h2>\n<p>U slu\u010daju ranijeg odlaska napla\u0107uje se CIJELI IZNOS Va\u0161e rezervacije.<\/p>\n<h2>4.Cijene<\/h2>\n<p>Cijene prikazane\/priop\u0107ene od strane agencije su razli\u010dite varijante i vezane su za svaki apartman\/garsonijeru\/sobu. Cijene su izra\u017eene u eurima prema omjeru vrijednosti kune i strane valute.<br \/>\nAgencija ima pravo promijeniti postoje\u0107e cijene, a iste se mogu promijeniti u slu\u010daju promjene nov\u010danog maksimuma od 3% valute. U tom slu\u010daju agencija ne mo\u017ee jam\u010diti cijenu dogovorenu u trenutku potvrde rezervacije i\/ili akontacija.<br \/>\nPla\u0107anje se vr\u0161i u agenciji u hrvatskim kunama prema cjeniku vlasnika ovjerenom u glavnom uredu turizma.<br \/>\nKotizacija iznosi 20,00 kuna po osobi jednokratno<br \/>\nCijene uklju\u010duju tro\u0161kove struje, plina, vode<br \/>\nCijene iz slu\u017ebenog cjenika smatraju se cijenama najma apartmana po danu. Svaki vlasnik osobno odlu\u010duje o cijeni svoje nekretnine.<\/p>\n<h2>5. Dolazak<\/h2>\n<p>Gost dolazi na dan dolaska izravno u agenciju. Prijava je mogu\u0107a samo nakon 14 sati. Agencija i vlasnici smje\u0161taja nisu du\u017eni smjestiti gosta prije vremena prijave.<br \/>\nPo dolasku \u0107ete dobiti sve informacije o rezerviranom smje\u0161taju.<br \/>\nZa neke smje\u0161taje, gost mora ostaviti polog (agenciji \/ vlasniku objekta) od 100,00-200,00 eura koji \u0107e se koristiti za popravak eventualne \u0161tete, ako je rezultat apartmana jednak kao i prilikom dolaska gosta. pri odjavi \u0107e dobiti povrat pologa.<\/p>\n<h2>6. Odjava<\/h2>\n<p>Apartman je potrebno napustiti na dan odlaska do 10:00 sati.<br \/>\nPrilikom odjave gost mora dopustiti vlasniku nekretnine ili agentu da provjeri cijeli apartman ima li o\u0161te\u0107enja jer ga treba ostaviti u istom stanju u kakvom je osnovano. U slu\u010daju o\u0161te\u0107enja agencija ima pravo zadr\u017eati depozit. Ukoliko gost ne napusti apartman do 10 sati, agencija mu mo\u017ee automatski naplatiti dodatno no\u0107enje.<\/p>\n<h2>7.Prava agencije za promjene i otkazivanja<\/h2>\n<p>Agencija ima pravo predlo\u017eiti izmjene rezervacije ili otkazati cjelokupnu ili djelimi\u010dno rezervaciju (\u010dak i unaprijed potvr\u0111enu) ako u vrijeme dolaska ili tijekom odmora do\u0111e do problema s vi\u0161im silama od kojih nitko ne mo\u017ee pobje\u0107i niti ih otkloniti.<br \/>\nAgencija \u0107e u tom slu\u010daju predlo\u017eiti druge nekretnine i alternative, a izmjenu rezerviranog smje\u0161taja mogu\u0107e je izvr\u0161iti samo uz suglasnost gosta. Alternativna ponuda mora biti jednaka prethodnoj ili vi\u0161oj kvaliteti\/kategoriji. Agencija je du\u017ena svoje klijente koji su izvr\u0161ili rezervaciju i potvrdili rezervaciju uz uplatu capparra pravodobno obavijestiti o svakoj promjeni ili otkazu svoje rezervacije, slijedom vi\u0161ih sila. &#8230;.. te u slu\u010daju nemogu\u0107nosti pronalaska odgovaraju\u0107eg smje\u0161taja vratiti cjelokupni iznos rezervacije za neiskori\u0161tenu uslugu.<\/p>\n<h2>8. Pritu\u017ebe<\/h2>\n<p>Pritu\u017ebe su prihvatljive na dolasku i prvim danima odmora, ne prihva\u0107amo c e ne prihva\u0107amo pritu\u017ebe na dan odlaska samo da bismo imali popust!!<br \/>\nMolimo Vas da eventualne pritu\u017ebe prijavite na vrijeme kako bismo ih rije\u0161ili na zadovoljstvo obje strane (gosta i vlasnika).<\/p>\n<h2>9. Du\u017enosti doma\u0107ina<\/h2>\n<p>Gost je du\u017ean:<br \/>\nDr\u017eite se ku\u0107nih pravila izlo\u017eenih (napisanih) u stanu i sura\u0111ujte s vlasnicima nekretnine za op\u0107e dobro.<br \/>\nPrilikom prijave gost je du\u017ean ostaviti sve dokumente za obaveznu turisti\u010dku prijavu koje je potrebno vratiti u roku od max.24 sata.<br \/>\nNije dopu\u0161ten dolazak vi\u0161e osoba od onoga \u0161to je dogovoreno i potvr\u0111eno rezervacijom ili voucherom, kao ni dovo\u0111enje ku\u0107nih ljubimaca koji nisu prethodno najavljeni! U tom slu\u010daju agencija mo\u017ee otkazati rezervaciju i naplatiti puni iznos rezervacije.<br \/>\nPrilikom prijave ili maksimalno do tri dana prije polaska, gost je du\u017ean platiti cjelokupni iznos. Vlasnik nekretnine ili agent mo\u017ee provjeriti apartman u svakom trenutku, mora biti jednak onakvom kakvom ga je gost zatekao<\/p>\n<h2>10.\u017dali se<\/h2>\n<p>Svaki gost nositelj ugovora (potvrde rezervacije) ima pravo reklamirati nedostaju\u0107u uslugu. Ukoliko rezervirana i unaprijed pla\u0107ena rezervacija\/aran\u017eman nije odgovaraju\u0107i, ili je nekompletan ili nema potrebne usluge, gost mo\u017ee zahtijevati naknadu \u0161tete formuliraju\u0107i prigovor u pisanom obliku.<br \/>\n\u017dalbeni postupak:<br \/>\n&#8211; ukoliko gost nije zadovoljan apartmanom po dolasku, ako usluge nisu one koje je ugovorio prilikom rezervacije, du\u017ean je o nezadovoljstvu odmah obavijestiti agenciju.<br \/>\nU slu\u010daju da gost nije u mogu\u0107nosti kontaktirati agenciju zbog nezadovoljstva stanjem u apartmanu du\u017ean je obavijestiti vlasnika nekretnine. Gost je du\u017ean sura\u0111ivati \u200b\u200bs predstavnikom agencije i vlasnikom apartmana kako bi se uzrok prigovora otklonio na obostrano najbolji na\u010din.<br \/>\nUkoliko gost na licu mjesta ne prihvati prijedlog za rje\u0161avanje prigovora koji mo\u017ee biti alternativni apartman iste razine\/kategorije ili vi\u0161e, agencija ne\u0107e prihvatiti daljnji prigovor i ne\u0107e morati odgovoriti na isti.<br \/>\nAko gost ne\u0107e biti zadovoljan rezerviranom nekretninom i napusti nekretninu pronalaze\u0107i sam alternativu ne ostavljaju\u0107i agenciji priliku da popravi i rije\u0161i problem ili prona\u0111e drugi smje\u0161taj na istoj razini, taj se gost NE smije pretvarati da mu nije vra\u0107en novac mo\u017ee prijaviti \u010dak i ako je razlog pritu\u017ebe opravdan ili ne.<br \/>\nUkoliko su razlozi opravdani, ali se ne mogu otkloniti, Agencija \u0107e prona\u0107i odgovaraju\u0107i alternativni smje\u0161taj.<br \/>\nNajvi\u0161a naknada za reklamaciju ne mo\u017ee biti ve\u0107a od iznosa reklamacije, ali ne mo\u017ee sadr\u017eavati ve\u0107 kori\u0161tene usluge u ukupnom iznosu rezervacije. Isklju\u010deno je pravo doma\u0107ina na naknadu nematerijalne \u0161tete<\/p>\n<h2>11. Nadle\u017enost suda<\/h2>\n<p>Ukoliko gost nije zadovoljan ponu\u0111enim rje\u0161enjem (apartmanom) od strane agencije, ima pravo podnijeti otkaz. Za ove slu\u010dajeve zahtjev se mora podnijeti nadle\u017enom sudu u Rovinju.<\/p>\n<h2>12. Obavijest<\/h2>\n<p>Uplatom\/akontacijom rezervacije gost prihva\u0107a pravila i sve gore navedene uvjete.<\/p>\n","protected":false},"excerpt":{"rendered":"<p>Potvrdom rezervacije podrazumijeva se da ste upoznati s pravilima i da se u potpunosti sla\u017eete sa sljede\u0107im: 1. Ponuda Zahtjevi za rezervaciju mogu se izvr\u0161iti putem e-maila, faksa ili telefona. Odgovor \u0107ete dobiti &#8216;uvijek pisanim putem po\u0161tom ili faksom radi ve\u0107e sigurnosti i razumijevanja, transparentnosti i prezentacije (foto) jedinica&#8217; koje ste odabrali. Na upit za [&hellip;]<\/p>\n","protected":false},"author":1,"featured_media":0,"parent":0,"menu_order":0,"comment_status":"closed","ping_status":"closed","template":"templates\/page-cms.php","meta":{"_acf_changed":false,"footnotes":""},"class_list":["post-3927","page","type-page","status-publish","hentry"],"acf":[],"yoast_head":"<!-- This site is optimized with the Yoast SEO plugin v27.2 - https:\/\/yoast.com\/product\/yoast-seo-wordpress\/ -->\n<title>Odredbe i uvjeti - Mediterraneo Rovinj<\/title>\n<meta name=\"robots\" content=\"index, follow, max-snippet:-1, max-image-preview:large, max-video-preview:-1\" \/>\n<link rel=\"canonical\" href=\"https:\/\/mediterraneo-rovinj.eu\/hr\/odredbe-i-uvjeti\/\" \/>\n<meta property=\"og:locale\" content=\"hr_HR\" \/>\n<meta property=\"og:type\" content=\"article\" \/>\n<meta property=\"og:title\" content=\"Odredbe i uvjeti - Mediterraneo Rovinj\" \/>\n<meta property=\"og:description\" content=\"Potvrdom rezervacije podrazumijeva se da ste upoznati s pravilima i da se u potpunosti sla\u017eete sa sljede\u0107im: 1. Ponuda Zahtjevi za rezervaciju mogu se izvr\u0161iti putem e-maila, faksa ili telefona. Odgovor \u0107ete dobiti &#8216;uvijek pisanim putem po\u0161tom ili faksom radi ve\u0107e sigurnosti i razumijevanja, transparentnosti i prezentacije (foto) jedinica&#8217; koje ste odabrali. Na upit za [&hellip;]\" \/>\n<meta property=\"og:url\" content=\"https:\/\/mediterraneo-rovinj.eu\/hr\/odredbe-i-uvjeti\/\" \/>\n<meta property=\"og:site_name\" content=\"Mediterraneo Rovinj\" \/>\n<meta property=\"article:modified_time\" content=\"2024-03-07T15:10:28+00:00\" \/>\n<meta name=\"twitter:card\" content=\"summary_large_image\" \/>\n<meta name=\"twitter:label1\" content=\"Procijenjeno vrijeme \u010ditanja\" \/>\n\t<meta name=\"twitter:data1\" content=\"9 minuta\" \/>\n<script type=\"application\/ld+json\" class=\"yoast-schema-graph\">{\"@context\":\"https:\/\/schema.org\",\"@graph\":[{\"@type\":\"WebPage\",\"@id\":\"https:\/\/mediterraneo-rovinj.eu\/hr\/odredbe-i-uvjeti\/\",\"url\":\"https:\/\/mediterraneo-rovinj.eu\/hr\/odredbe-i-uvjeti\/\",\"name\":\"Odredbe i uvjeti - Mediterraneo Rovinj\",\"isPartOf\":{\"@id\":\"https:\/\/mediterraneo-rovinj.eu\/hr\/#website\"},\"datePublished\":\"2023-05-18T14:29:23+00:00\",\"dateModified\":\"2024-03-07T15:10:28+00:00\",\"breadcrumb\":{\"@id\":\"https:\/\/mediterraneo-rovinj.eu\/hr\/odredbe-i-uvjeti\/#breadcrumb\"},\"inLanguage\":\"hr\",\"potentialAction\":[{\"@type\":\"ReadAction\",\"target\":[\"https:\/\/mediterraneo-rovinj.eu\/hr\/odredbe-i-uvjeti\/\"]}]},{\"@type\":\"BreadcrumbList\",\"@id\":\"https:\/\/mediterraneo-rovinj.eu\/hr\/odredbe-i-uvjeti\/#breadcrumb\",\"itemListElement\":[{\"@type\":\"ListItem\",\"position\":1,\"name\":\"Home\",\"item\":\"https:\/\/mediterraneo-rovinj.eu\/hr\/\"},{\"@type\":\"ListItem\",\"position\":2,\"name\":\"Odredbe i uvjeti\"}]},{\"@type\":\"WebSite\",\"@id\":\"https:\/\/mediterraneo-rovinj.eu\/hr\/#website\",\"url\":\"https:\/\/mediterraneo-rovinj.eu\/hr\/\",\"name\":\"Mediterraneo Rovinj\",\"description\":\"Mediterraneo Rovinj\",\"publisher\":{\"@id\":\"https:\/\/mediterraneo-rovinj.eu\/hr\/#organization\"},\"potentialAction\":[{\"@type\":\"SearchAction\",\"target\":{\"@type\":\"EntryPoint\",\"urlTemplate\":\"https:\/\/mediterraneo-rovinj.eu\/hr\/?s={search_term_string}\"},\"query-input\":{\"@type\":\"PropertyValueSpecification\",\"valueRequired\":true,\"valueName\":\"search_term_string\"}}],\"inLanguage\":\"hr\"},{\"@type\":\"Organization\",\"@id\":\"https:\/\/mediterraneo-rovinj.eu\/hr\/#organization\",\"name\":\"Mediterraneo Rovinj\",\"url\":\"https:\/\/mediterraneo-rovinj.eu\/hr\/\",\"logo\":{\"@type\":\"ImageObject\",\"inLanguage\":\"hr\",\"@id\":\"https:\/\/mediterraneo-rovinj.eu\/hr\/#\/schema\/logo\/image\/\",\"url\":\"https:\/\/mediterraneo-rovinj.eu\/wp-content\/uploads\/2023\/03\/mediterraneo_logo_2023.svg\",\"contentUrl\":\"https:\/\/mediterraneo-rovinj.eu\/wp-content\/uploads\/2023\/03\/mediterraneo_logo_2023.svg\",\"width\":179,\"height\":56,\"caption\":\"Mediterraneo Rovinj\"},\"image\":{\"@id\":\"https:\/\/mediterraneo-rovinj.eu\/hr\/#\/schema\/logo\/image\/\"}}]}<\/script>\n<!-- \/ Yoast SEO plugin. -->","yoast_head_json":{"title":"Odredbe i uvjeti - Mediterraneo Rovinj","robots":{"index":"index","follow":"follow","max-snippet":"max-snippet:-1","max-image-preview":"max-image-preview:large","max-video-preview":"max-video-preview:-1"},"canonical":"https:\/\/mediterraneo-rovinj.eu\/hr\/odredbe-i-uvjeti\/","og_locale":"hr_HR","og_type":"article","og_title":"Odredbe i uvjeti - Mediterraneo Rovinj","og_description":"Potvrdom rezervacije podrazumijeva se da ste upoznati s pravilima i da se u potpunosti sla\u017eete sa sljede\u0107im: 1. Ponuda Zahtjevi za rezervaciju mogu se izvr\u0161iti putem e-maila, faksa ili telefona. Odgovor \u0107ete dobiti &#8216;uvijek pisanim putem po\u0161tom ili faksom radi ve\u0107e sigurnosti i razumijevanja, transparentnosti i prezentacije (foto) jedinica&#8217; koje ste odabrali. Na upit za [&hellip;]","og_url":"https:\/\/mediterraneo-rovinj.eu\/hr\/odredbe-i-uvjeti\/","og_site_name":"Mediterraneo Rovinj","article_modified_time":"2024-03-07T15:10:28+00:00","twitter_card":"summary_large_image","twitter_misc":{"Procijenjeno vrijeme \u010ditanja":"9 minuta"},"schema":{"@context":"https:\/\/schema.org","@graph":[{"@type":"WebPage","@id":"https:\/\/mediterraneo-rovinj.eu\/hr\/odredbe-i-uvjeti\/","url":"https:\/\/mediterraneo-rovinj.eu\/hr\/odredbe-i-uvjeti\/","name":"Odredbe i uvjeti - Mediterraneo Rovinj","isPartOf":{"@id":"https:\/\/mediterraneo-rovinj.eu\/hr\/#website"},"datePublished":"2023-05-18T14:29:23+00:00","dateModified":"2024-03-07T15:10:28+00:00","breadcrumb":{"@id":"https:\/\/mediterraneo-rovinj.eu\/hr\/odredbe-i-uvjeti\/#breadcrumb"},"inLanguage":"hr","potentialAction":[{"@type":"ReadAction","target":["https:\/\/mediterraneo-rovinj.eu\/hr\/odredbe-i-uvjeti\/"]}]},{"@type":"BreadcrumbList","@id":"https:\/\/mediterraneo-rovinj.eu\/hr\/odredbe-i-uvjeti\/#breadcrumb","itemListElement":[{"@type":"ListItem","position":1,"name":"Home","item":"https:\/\/mediterraneo-rovinj.eu\/hr\/"},{"@type":"ListItem","position":2,"name":"Odredbe i uvjeti"}]},{"@type":"WebSite","@id":"https:\/\/mediterraneo-rovinj.eu\/hr\/#website","url":"https:\/\/mediterraneo-rovinj.eu\/hr\/","name":"Mediterraneo Rovinj","description":"Mediterraneo Rovinj","publisher":{"@id":"https:\/\/mediterraneo-rovinj.eu\/hr\/#organization"},"potentialAction":[{"@type":"SearchAction","target":{"@type":"EntryPoint","urlTemplate":"https:\/\/mediterraneo-rovinj.eu\/hr\/?s={search_term_string}"},"query-input":{"@type":"PropertyValueSpecification","valueRequired":true,"valueName":"search_term_string"}}],"inLanguage":"hr"},{"@type":"Organization","@id":"https:\/\/mediterraneo-rovinj.eu\/hr\/#organization","name":"Mediterraneo Rovinj","url":"https:\/\/mediterraneo-rovinj.eu\/hr\/","logo":{"@type":"ImageObject","inLanguage":"hr","@id":"https:\/\/mediterraneo-rovinj.eu\/hr\/#\/schema\/logo\/image\/","url":"https:\/\/mediterraneo-rovinj.eu\/wp-content\/uploads\/2023\/03\/mediterraneo_logo_2023.svg","contentUrl":"https:\/\/mediterraneo-rovinj.eu\/wp-content\/uploads\/2023\/03\/mediterraneo_logo_2023.svg","width":179,"height":56,"caption":"Mediterraneo Rovinj"},"image":{"@id":"https:\/\/mediterraneo-rovinj.eu\/hr\/#\/schema\/logo\/image\/"}}]}},"_links":{"self":[{"href":"https:\/\/mediterraneo-rovinj.eu\/hr\/wp-json\/wp\/v2\/pages\/3927","targetHints":{"allow":["GET"]}}],"collection":[{"href":"https:\/\/mediterraneo-rovinj.eu\/hr\/wp-json\/wp\/v2\/pages"}],"about":[{"href":"https:\/\/mediterraneo-rovinj.eu\/hr\/wp-json\/wp\/v2\/types\/page"}],"author":[{"embeddable":true,"href":"https:\/\/mediterraneo-rovinj.eu\/hr\/wp-json\/wp\/v2\/users\/1"}],"replies":[{"embeddable":true,"href":"https:\/\/mediterraneo-rovinj.eu\/hr\/wp-json\/wp\/v2\/comments?post=3927"}],"version-history":[{"count":0,"href":"https:\/\/mediterraneo-rovinj.eu\/hr\/wp-json\/wp\/v2\/pages\/3927\/revisions"}],"wp:attachment":[{"href":"https:\/\/mediterraneo-rovinj.eu\/hr\/wp-json\/wp\/v2\/media?parent=3927"}],"curies":[{"name":"wp","href":"https:\/\/api.w.org\/{rel}","templated":true}]}}