{"id":5114,"date":"2023-05-18T13:56:07","date_gmt":"2023-05-18T13:56:07","guid":{"rendered":"https:\/\/mediterraneo-rovinj.eu\/nas-tim\/"},"modified":"2025-01-23T11:34:41","modified_gmt":"2025-01-23T10:34:41","slug":"chi-siamo","status":"publish","type":"page","link":"https:\/\/mediterraneo-rovinj.eu\/it\/chi-siamo\/","title":{"rendered":"Chi siamo"},"content":{"rendered":"<p>Agenzia Mediterraneo \u00e8 stata fondata nel 2006 con l&#8217;obiettivo di accogliere tutti coloro che desiderano visitare la nostra splendida citt\u00e0 di Rovigno. Possiamo affermare con orgoglio che continuiamo a perseguire questo obiettivo. Ci prendiamo cura dei nostri ospiti, offrendo sistemazioni in linea con i loro desideri. Facciamo sempre del nostro meglio per offrire loro un&#8217;esperienza memorabile.<\/p>\n<p>Grazie alla nostra lunga esperienza nel settore turistico, il Team Mediterraneo \u00e8 a disposizione dei nostri ospiti ogni volta che ne hanno bisogno. Li aiutiamo a progettare una vacanza speciale e indimenticabile. Supportando nella scelta della sistemazione ideale, il Team Mediterraneo garantisce un eccellente inizio per un soggiorno straordinario a Rovigno. Accogliamo i nostri ospiti al loro arrivo, fornendo tutte le informazioni utili sull&#8217;appartamento in cui soggiornano. Inoltre, ci impegniamo sempre a soddisfare tutte le esigenze e i desideri degli ospiti.<\/p>\n<p>Il team dell&#8217;Agenzia Mediterraneo, in collaborazione con i suoi partner, si occupa anche dell&#8217;organizzazione di escursioni sia in citt\u00e0 che nei dintorni. All\u2019arrivo, il nostro team condivide i segreti sui migliori ristoranti e locali gastronomici di Rovigno. Inoltre, siamo sempre pronti a fornire i migliori consigli e trucchi per muoversi in citt\u00e0 senza problemi.<\/p>\n<p>In definitiva, il team dell&#8217;Agenzia Mediterraneo si impegna a offrirvi la migliore esperienza possibile durante la vostra visita a Rovigno.<\/p>\n","protected":false},"excerpt":{"rendered":"<p>Agenzia Mediterraneo \u00e8 stata fondata nel 2006 con l&#8217;obiettivo di accogliere tutti coloro che desiderano visitare la nostra splendida citt\u00e0 di Rovigno. Possiamo affermare con orgoglio che continuiamo a perseguire questo obiettivo. Ci prendiamo cura dei nostri ospiti, offrendo sistemazioni in linea con i loro desideri. Facciamo sempre del nostro meglio per offrire loro un&#8217;esperienza [&hellip;]<\/p>\n","protected":false},"author":1,"featured_media":0,"parent":0,"menu_order":0,"comment_status":"closed","ping_status":"closed","template":"templates\/page-cms.php","meta":{"_acf_changed":false,"footnotes":""},"class_list":["post-5114","page","type-page","status-publish","hentry"],"acf":[],"yoast_head":"<!-- This site is optimized with the Yoast SEO plugin v27.2 - https:\/\/yoast.com\/product\/yoast-seo-wordpress\/ -->\n<title>Mediterraneo Agency Chi siamo - Mediterraneo Rovinj<\/title>\n<meta name=\"description\" content=\"Agencija Mediterraneo je turisti\u010dka agencija s dugogodi\u0161njim iskustvom koja nudi smje\u0161taj u prekrasnom Rovinju.\" \/>\n<meta name=\"robots\" content=\"index, follow, max-snippet:-1, max-image-preview:large, max-video-preview:-1\" \/>\n<link rel=\"canonical\" href=\"https:\/\/mediterraneo-rovinj.eu\/it\/chi-siamo\/\" \/>\n<meta property=\"og:locale\" content=\"it_IT\" \/>\n<meta property=\"og:type\" content=\"article\" \/>\n<meta property=\"og:title\" content=\"Mediterraneo Agency Chi siamo - Mediterraneo Rovinj\" \/>\n<meta property=\"og:description\" content=\"Agencija Mediterraneo je turisti\u010dka agencija s dugogodi\u0161njim iskustvom koja nudi smje\u0161taj u prekrasnom Rovinju.\" \/>\n<meta property=\"og:url\" content=\"https:\/\/mediterraneo-rovinj.eu\/it\/chi-siamo\/\" \/>\n<meta property=\"og:site_name\" content=\"Mediterraneo Rovinj\" \/>\n<meta property=\"article:modified_time\" content=\"2025-01-23T10:34:41+00:00\" \/>\n<meta name=\"twitter:card\" content=\"summary_large_image\" \/>\n<meta name=\"twitter:label1\" content=\"Tempo di lettura stimato\" \/>\n\t<meta name=\"twitter:data1\" content=\"1 minuto\" \/>\n<script type=\"application\/ld+json\" class=\"yoast-schema-graph\">{\"@context\":\"https:\/\/schema.org\",\"@graph\":[{\"@type\":\"WebPage\",\"@id\":\"https:\/\/mediterraneo-rovinj.eu\/it\/chi-siamo\/\",\"url\":\"https:\/\/mediterraneo-rovinj.eu\/it\/chi-siamo\/\",\"name\":\"Mediterraneo Agency Chi siamo - Mediterraneo Rovinj\",\"isPartOf\":{\"@id\":\"https:\/\/mediterraneo-rovinj.eu\/it\/#website\"},\"datePublished\":\"2023-05-18T13:56:07+00:00\",\"dateModified\":\"2025-01-23T10:34:41+00:00\",\"description\":\"Agencija Mediterraneo je turisti\u010dka agencija s dugogodi\u0161njim iskustvom koja nudi smje\u0161taj u prekrasnom Rovinju.\",\"breadcrumb\":{\"@id\":\"https:\/\/mediterraneo-rovinj.eu\/it\/chi-siamo\/#breadcrumb\"},\"inLanguage\":\"it-IT\",\"potentialAction\":[{\"@type\":\"ReadAction\",\"target\":[\"https:\/\/mediterraneo-rovinj.eu\/it\/chi-siamo\/\"]}]},{\"@type\":\"BreadcrumbList\",\"@id\":\"https:\/\/mediterraneo-rovinj.eu\/it\/chi-siamo\/#breadcrumb\",\"itemListElement\":[{\"@type\":\"ListItem\",\"position\":1,\"name\":\"Home\",\"item\":\"https:\/\/mediterraneo-rovinj.eu\/it\/\"},{\"@type\":\"ListItem\",\"position\":2,\"name\":\"Chi siamo\"}]},{\"@type\":\"WebSite\",\"@id\":\"https:\/\/mediterraneo-rovinj.eu\/it\/#website\",\"url\":\"https:\/\/mediterraneo-rovinj.eu\/it\/\",\"name\":\"Mediterraneo Rovinj\",\"description\":\"Mediterraneo Rovinj\",\"publisher\":{\"@id\":\"https:\/\/mediterraneo-rovinj.eu\/it\/#organization\"},\"potentialAction\":[{\"@type\":\"SearchAction\",\"target\":{\"@type\":\"EntryPoint\",\"urlTemplate\":\"https:\/\/mediterraneo-rovinj.eu\/it\/?s={search_term_string}\"},\"query-input\":{\"@type\":\"PropertyValueSpecification\",\"valueRequired\":true,\"valueName\":\"search_term_string\"}}],\"inLanguage\":\"it-IT\"},{\"@type\":\"Organization\",\"@id\":\"https:\/\/mediterraneo-rovinj.eu\/it\/#organization\",\"name\":\"Mediterraneo Rovinj\",\"url\":\"https:\/\/mediterraneo-rovinj.eu\/it\/\",\"logo\":{\"@type\":\"ImageObject\",\"inLanguage\":\"it-IT\",\"@id\":\"https:\/\/mediterraneo-rovinj.eu\/it\/#\/schema\/logo\/image\/\",\"url\":\"https:\/\/mediterraneo-rovinj.eu\/wp-content\/uploads\/2023\/03\/mediterraneo_logo_2023.svg\",\"contentUrl\":\"https:\/\/mediterraneo-rovinj.eu\/wp-content\/uploads\/2023\/03\/mediterraneo_logo_2023.svg\",\"width\":179,\"height\":56,\"caption\":\"Mediterraneo Rovinj\"},\"image\":{\"@id\":\"https:\/\/mediterraneo-rovinj.eu\/it\/#\/schema\/logo\/image\/\"}}]}<\/script>\n<!-- \/ Yoast SEO plugin. -->","yoast_head_json":{"title":"Mediterraneo Agency Chi siamo - Mediterraneo Rovinj","description":"Agencija Mediterraneo je turisti\u010dka agencija s dugogodi\u0161njim iskustvom koja nudi smje\u0161taj u prekrasnom Rovinju.","robots":{"index":"index","follow":"follow","max-snippet":"max-snippet:-1","max-image-preview":"max-image-preview:large","max-video-preview":"max-video-preview:-1"},"canonical":"https:\/\/mediterraneo-rovinj.eu\/it\/chi-siamo\/","og_locale":"it_IT","og_type":"article","og_title":"Mediterraneo Agency Chi siamo - Mediterraneo Rovinj","og_description":"Agencija Mediterraneo je turisti\u010dka agencija s dugogodi\u0161njim iskustvom koja nudi smje\u0161taj u prekrasnom Rovinju.","og_url":"https:\/\/mediterraneo-rovinj.eu\/it\/chi-siamo\/","og_site_name":"Mediterraneo Rovinj","article_modified_time":"2025-01-23T10:34:41+00:00","twitter_card":"summary_large_image","twitter_misc":{"Tempo di lettura stimato":"1 minuto"},"schema":{"@context":"https:\/\/schema.org","@graph":[{"@type":"WebPage","@id":"https:\/\/mediterraneo-rovinj.eu\/it\/chi-siamo\/","url":"https:\/\/mediterraneo-rovinj.eu\/it\/chi-siamo\/","name":"Mediterraneo Agency Chi siamo - Mediterraneo Rovinj","isPartOf":{"@id":"https:\/\/mediterraneo-rovinj.eu\/it\/#website"},"datePublished":"2023-05-18T13:56:07+00:00","dateModified":"2025-01-23T10:34:41+00:00","description":"Agencija Mediterraneo je turisti\u010dka agencija s dugogodi\u0161njim iskustvom koja nudi smje\u0161taj u prekrasnom Rovinju.","breadcrumb":{"@id":"https:\/\/mediterraneo-rovinj.eu\/it\/chi-siamo\/#breadcrumb"},"inLanguage":"it-IT","potentialAction":[{"@type":"ReadAction","target":["https:\/\/mediterraneo-rovinj.eu\/it\/chi-siamo\/"]}]},{"@type":"BreadcrumbList","@id":"https:\/\/mediterraneo-rovinj.eu\/it\/chi-siamo\/#breadcrumb","itemListElement":[{"@type":"ListItem","position":1,"name":"Home","item":"https:\/\/mediterraneo-rovinj.eu\/it\/"},{"@type":"ListItem","position":2,"name":"Chi siamo"}]},{"@type":"WebSite","@id":"https:\/\/mediterraneo-rovinj.eu\/it\/#website","url":"https:\/\/mediterraneo-rovinj.eu\/it\/","name":"Mediterraneo Rovinj","description":"Mediterraneo Rovinj","publisher":{"@id":"https:\/\/mediterraneo-rovinj.eu\/it\/#organization"},"potentialAction":[{"@type":"SearchAction","target":{"@type":"EntryPoint","urlTemplate":"https:\/\/mediterraneo-rovinj.eu\/it\/?s={search_term_string}"},"query-input":{"@type":"PropertyValueSpecification","valueRequired":true,"valueName":"search_term_string"}}],"inLanguage":"it-IT"},{"@type":"Organization","@id":"https:\/\/mediterraneo-rovinj.eu\/it\/#organization","name":"Mediterraneo Rovinj","url":"https:\/\/mediterraneo-rovinj.eu\/it\/","logo":{"@type":"ImageObject","inLanguage":"it-IT","@id":"https:\/\/mediterraneo-rovinj.eu\/it\/#\/schema\/logo\/image\/","url":"https:\/\/mediterraneo-rovinj.eu\/wp-content\/uploads\/2023\/03\/mediterraneo_logo_2023.svg","contentUrl":"https:\/\/mediterraneo-rovinj.eu\/wp-content\/uploads\/2023\/03\/mediterraneo_logo_2023.svg","width":179,"height":56,"caption":"Mediterraneo Rovinj"},"image":{"@id":"https:\/\/mediterraneo-rovinj.eu\/it\/#\/schema\/logo\/image\/"}}]}},"_links":{"self":[{"href":"https:\/\/mediterraneo-rovinj.eu\/it\/wp-json\/wp\/v2\/pages\/5114","targetHints":{"allow":["GET"]}}],"collection":[{"href":"https:\/\/mediterraneo-rovinj.eu\/it\/wp-json\/wp\/v2\/pages"}],"about":[{"href":"https:\/\/mediterraneo-rovinj.eu\/it\/wp-json\/wp\/v2\/types\/page"}],"author":[{"embeddable":true,"href":"https:\/\/mediterraneo-rovinj.eu\/it\/wp-json\/wp\/v2\/users\/1"}],"replies":[{"embeddable":true,"href":"https:\/\/mediterraneo-rovinj.eu\/it\/wp-json\/wp\/v2\/comments?post=5114"}],"version-history":[{"count":0,"href":"https:\/\/mediterraneo-rovinj.eu\/it\/wp-json\/wp\/v2\/pages\/5114\/revisions"}],"wp:attachment":[{"href":"https:\/\/mediterraneo-rovinj.eu\/it\/wp-json\/wp\/v2\/media?parent=5114"}],"curies":[{"name":"wp","href":"https:\/\/api.w.org\/{rel}","templated":true}]}}