{"id":5120,"date":"2023-05-18T13:45:50","date_gmt":"2023-05-18T13:45:50","guid":{"rendered":"https:\/\/mediterraneo-rovinj.eu\/tvrtka-mediterraneo\/"},"modified":"2025-01-23T11:48:22","modified_gmt":"2025-01-23T10:48:22","slug":"impresa-mediterraneo","status":"publish","type":"page","link":"https:\/\/mediterraneo-rovinj.eu\/it\/impresa-mediterraneo\/","title":{"rendered":"Impresa Mediterraneo"},"content":{"rendered":"<p>Mediterraneo Rovinj rappresenta una piccola impresa cittadina composta da diversi spazi. Questi spazi includono un&#8217;agenzia, una galleria e un cocktail bar.<\/p>\n<p>L&#8217;agenzia Mediterraneo \u00e8 un&#8217;agenzia turistica che offre sistemazioni per i visitatori di Rovigno. Gestisce numerosi appartamenti e case di alta qualit\u00e0, situati principalmente nel centro storico di Rovigno.<\/p>\n<p>La galleria Mediterraneo \u00e8 una piccola e vivace galleria situata nel cuore del centro storico di Rovigno. Qui \u00e8 possibile trovare e acquistare molti souvenir fatti a mano, oltre a vivere l&#8217;incredibile arte ispirata al mare rovinjano. Inoltre, la galleria funge anche da ufficio dell&#8217;agenzia. La galleria si trova all&#8217;indirizzo Sv.Kri\u017ea 24, Rovigno, e tutti sono benvenuti a venire e sperimentare di persona l&#8217;arte vivace ispirata al mare di Rovigno.<\/p>\n<p>Nello stesso indirizzo, a pochi passi di distanza, si trova il Mediterraneo bar. Il Mediterraneo bar \u00e8 un bellissimo e affascinante bar che, durante i lunghi giorni estivi, prende vita ai margini del centro storico di Rovigno, proprio vicino al mare. Con una terrazza ricca di colori e lo stesso tocco artistico della galleria, il bar \u00e8 il luogo perfetto per godersi un caff\u00e8 al mattino o un cocktail mentre si vive uno dei tramonti pi\u00f9 belli.<\/p>\n<p>Come scritto, Mediterraneo Rovinj \u00e8 una compagnia che celebra la bellezza della pittoresca citt\u00e0 di Rovigno. Prende questa bellezza e la trasforma in realt\u00e0, fondendo cos\u00ec bellezza, arte e business.<\/p>\n","protected":false},"excerpt":{"rendered":"<p>Mediterraneo Rovinj rappresenta una piccola impresa cittadina composta da diversi spazi. Questi spazi includono un&#8217;agenzia, una galleria e un cocktail bar. L&#8217;agenzia Mediterraneo \u00e8 un&#8217;agenzia turistica che offre sistemazioni per i visitatori di Rovigno. Gestisce numerosi appartamenti e case di alta qualit\u00e0, situati principalmente nel centro storico di Rovigno. La galleria Mediterraneo \u00e8 una piccola [&hellip;]<\/p>\n","protected":false},"author":2,"featured_media":0,"parent":0,"menu_order":0,"comment_status":"closed","ping_status":"closed","template":"templates\/page-cms.php","meta":{"_acf_changed":false,"footnotes":""},"class_list":["post-5120","page","type-page","status-publish","hentry"],"acf":[],"yoast_head":"<!-- This site is optimized with the Yoast SEO plugin v27.2 - https:\/\/yoast.com\/product\/yoast-seo-wordpress\/ -->\n<title>Mediterraneo Rovinj - Impresa Mediterraneo<\/title>\n<meta name=\"description\" content=\"Scopri Mediterraneo Rovinj: un&#039;agenzia, una vivace galleria e un affascinante cocktail bar che uniscono arte, bellezza e business nel cuore di Rovigno.\" \/>\n<meta name=\"robots\" content=\"index, follow, max-snippet:-1, max-image-preview:large, max-video-preview:-1\" \/>\n<link rel=\"canonical\" href=\"https:\/\/mediterraneo-rovinj.eu\/it\/impresa-mediterraneo\/\" \/>\n<meta property=\"og:locale\" content=\"it_IT\" \/>\n<meta property=\"og:type\" content=\"article\" \/>\n<meta property=\"og:title\" content=\"Mediterraneo Rovinj - Impresa Mediterraneo\" \/>\n<meta property=\"og:description\" content=\"Scopri Mediterraneo Rovinj: un&#039;agenzia, una vivace galleria e un affascinante cocktail bar che uniscono arte, bellezza e business nel cuore di Rovigno.\" \/>\n<meta property=\"og:url\" content=\"https:\/\/mediterraneo-rovinj.eu\/it\/impresa-mediterraneo\/\" \/>\n<meta property=\"og:site_name\" content=\"Mediterraneo Rovinj\" \/>\n<meta property=\"article:modified_time\" content=\"2025-01-23T10:48:22+00:00\" \/>\n<meta name=\"twitter:card\" content=\"summary_large_image\" \/>\n<meta name=\"twitter:label1\" content=\"Tempo di lettura stimato\" \/>\n\t<meta name=\"twitter:data1\" content=\"1 minuto\" \/>\n<script type=\"application\/ld+json\" class=\"yoast-schema-graph\">{\"@context\":\"https:\/\/schema.org\",\"@graph\":[{\"@type\":\"WebPage\",\"@id\":\"https:\/\/mediterraneo-rovinj.eu\/it\/impresa-mediterraneo\/\",\"url\":\"https:\/\/mediterraneo-rovinj.eu\/it\/impresa-mediterraneo\/\",\"name\":\"Mediterraneo Rovinj - Impresa Mediterraneo\",\"isPartOf\":{\"@id\":\"https:\/\/mediterraneo-rovinj.eu\/it\/#website\"},\"datePublished\":\"2023-05-18T13:45:50+00:00\",\"dateModified\":\"2025-01-23T10:48:22+00:00\",\"description\":\"Scopri Mediterraneo Rovinj: un'agenzia, una vivace galleria e un affascinante cocktail bar che uniscono arte, bellezza e business nel cuore di Rovigno.\",\"breadcrumb\":{\"@id\":\"https:\/\/mediterraneo-rovinj.eu\/it\/impresa-mediterraneo\/#breadcrumb\"},\"inLanguage\":\"it-IT\",\"potentialAction\":[{\"@type\":\"ReadAction\",\"target\":[\"https:\/\/mediterraneo-rovinj.eu\/it\/impresa-mediterraneo\/\"]}]},{\"@type\":\"BreadcrumbList\",\"@id\":\"https:\/\/mediterraneo-rovinj.eu\/it\/impresa-mediterraneo\/#breadcrumb\",\"itemListElement\":[{\"@type\":\"ListItem\",\"position\":1,\"name\":\"Home\",\"item\":\"https:\/\/mediterraneo-rovinj.eu\/it\/\"},{\"@type\":\"ListItem\",\"position\":2,\"name\":\"Impresa Mediterraneo\"}]},{\"@type\":\"WebSite\",\"@id\":\"https:\/\/mediterraneo-rovinj.eu\/it\/#website\",\"url\":\"https:\/\/mediterraneo-rovinj.eu\/it\/\",\"name\":\"Mediterraneo Rovinj\",\"description\":\"Mediterraneo Rovinj\",\"publisher\":{\"@id\":\"https:\/\/mediterraneo-rovinj.eu\/it\/#organization\"},\"potentialAction\":[{\"@type\":\"SearchAction\",\"target\":{\"@type\":\"EntryPoint\",\"urlTemplate\":\"https:\/\/mediterraneo-rovinj.eu\/it\/?s={search_term_string}\"},\"query-input\":{\"@type\":\"PropertyValueSpecification\",\"valueRequired\":true,\"valueName\":\"search_term_string\"}}],\"inLanguage\":\"it-IT\"},{\"@type\":\"Organization\",\"@id\":\"https:\/\/mediterraneo-rovinj.eu\/it\/#organization\",\"name\":\"Mediterraneo Rovinj\",\"url\":\"https:\/\/mediterraneo-rovinj.eu\/it\/\",\"logo\":{\"@type\":\"ImageObject\",\"inLanguage\":\"it-IT\",\"@id\":\"https:\/\/mediterraneo-rovinj.eu\/it\/#\/schema\/logo\/image\/\",\"url\":\"https:\/\/mediterraneo-rovinj.eu\/wp-content\/uploads\/2023\/03\/mediterraneo_logo_2023.svg\",\"contentUrl\":\"https:\/\/mediterraneo-rovinj.eu\/wp-content\/uploads\/2023\/03\/mediterraneo_logo_2023.svg\",\"width\":179,\"height\":56,\"caption\":\"Mediterraneo Rovinj\"},\"image\":{\"@id\":\"https:\/\/mediterraneo-rovinj.eu\/it\/#\/schema\/logo\/image\/\"}}]}<\/script>\n<!-- \/ Yoast SEO plugin. -->","yoast_head_json":{"title":"Mediterraneo Rovinj - Impresa Mediterraneo","description":"Scopri Mediterraneo Rovinj: un'agenzia, una vivace galleria e un affascinante cocktail bar che uniscono arte, bellezza e business nel cuore di Rovigno.","robots":{"index":"index","follow":"follow","max-snippet":"max-snippet:-1","max-image-preview":"max-image-preview:large","max-video-preview":"max-video-preview:-1"},"canonical":"https:\/\/mediterraneo-rovinj.eu\/it\/impresa-mediterraneo\/","og_locale":"it_IT","og_type":"article","og_title":"Mediterraneo Rovinj - Impresa Mediterraneo","og_description":"Scopri Mediterraneo Rovinj: un'agenzia, una vivace galleria e un affascinante cocktail bar che uniscono arte, bellezza e business nel cuore di Rovigno.","og_url":"https:\/\/mediterraneo-rovinj.eu\/it\/impresa-mediterraneo\/","og_site_name":"Mediterraneo Rovinj","article_modified_time":"2025-01-23T10:48:22+00:00","twitter_card":"summary_large_image","twitter_misc":{"Tempo di lettura stimato":"1 minuto"},"schema":{"@context":"https:\/\/schema.org","@graph":[{"@type":"WebPage","@id":"https:\/\/mediterraneo-rovinj.eu\/it\/impresa-mediterraneo\/","url":"https:\/\/mediterraneo-rovinj.eu\/it\/impresa-mediterraneo\/","name":"Mediterraneo Rovinj - Impresa Mediterraneo","isPartOf":{"@id":"https:\/\/mediterraneo-rovinj.eu\/it\/#website"},"datePublished":"2023-05-18T13:45:50+00:00","dateModified":"2025-01-23T10:48:22+00:00","description":"Scopri Mediterraneo Rovinj: un'agenzia, una vivace galleria e un affascinante cocktail bar che uniscono arte, bellezza e business nel cuore di Rovigno.","breadcrumb":{"@id":"https:\/\/mediterraneo-rovinj.eu\/it\/impresa-mediterraneo\/#breadcrumb"},"inLanguage":"it-IT","potentialAction":[{"@type":"ReadAction","target":["https:\/\/mediterraneo-rovinj.eu\/it\/impresa-mediterraneo\/"]}]},{"@type":"BreadcrumbList","@id":"https:\/\/mediterraneo-rovinj.eu\/it\/impresa-mediterraneo\/#breadcrumb","itemListElement":[{"@type":"ListItem","position":1,"name":"Home","item":"https:\/\/mediterraneo-rovinj.eu\/it\/"},{"@type":"ListItem","position":2,"name":"Impresa Mediterraneo"}]},{"@type":"WebSite","@id":"https:\/\/mediterraneo-rovinj.eu\/it\/#website","url":"https:\/\/mediterraneo-rovinj.eu\/it\/","name":"Mediterraneo Rovinj","description":"Mediterraneo Rovinj","publisher":{"@id":"https:\/\/mediterraneo-rovinj.eu\/it\/#organization"},"potentialAction":[{"@type":"SearchAction","target":{"@type":"EntryPoint","urlTemplate":"https:\/\/mediterraneo-rovinj.eu\/it\/?s={search_term_string}"},"query-input":{"@type":"PropertyValueSpecification","valueRequired":true,"valueName":"search_term_string"}}],"inLanguage":"it-IT"},{"@type":"Organization","@id":"https:\/\/mediterraneo-rovinj.eu\/it\/#organization","name":"Mediterraneo Rovinj","url":"https:\/\/mediterraneo-rovinj.eu\/it\/","logo":{"@type":"ImageObject","inLanguage":"it-IT","@id":"https:\/\/mediterraneo-rovinj.eu\/it\/#\/schema\/logo\/image\/","url":"https:\/\/mediterraneo-rovinj.eu\/wp-content\/uploads\/2023\/03\/mediterraneo_logo_2023.svg","contentUrl":"https:\/\/mediterraneo-rovinj.eu\/wp-content\/uploads\/2023\/03\/mediterraneo_logo_2023.svg","width":179,"height":56,"caption":"Mediterraneo Rovinj"},"image":{"@id":"https:\/\/mediterraneo-rovinj.eu\/it\/#\/schema\/logo\/image\/"}}]}},"_links":{"self":[{"href":"https:\/\/mediterraneo-rovinj.eu\/it\/wp-json\/wp\/v2\/pages\/5120","targetHints":{"allow":["GET"]}}],"collection":[{"href":"https:\/\/mediterraneo-rovinj.eu\/it\/wp-json\/wp\/v2\/pages"}],"about":[{"href":"https:\/\/mediterraneo-rovinj.eu\/it\/wp-json\/wp\/v2\/types\/page"}],"author":[{"embeddable":true,"href":"https:\/\/mediterraneo-rovinj.eu\/it\/wp-json\/wp\/v2\/users\/2"}],"replies":[{"embeddable":true,"href":"https:\/\/mediterraneo-rovinj.eu\/it\/wp-json\/wp\/v2\/comments?post=5120"}],"version-history":[{"count":0,"href":"https:\/\/mediterraneo-rovinj.eu\/it\/wp-json\/wp\/v2\/pages\/5120\/revisions"}],"wp:attachment":[{"href":"https:\/\/mediterraneo-rovinj.eu\/it\/wp-json\/wp\/v2\/media?parent=5120"}],"curies":[{"name":"wp","href":"https:\/\/api.w.org\/{rel}","templated":true}]}}