{"id":5134,"date":"2025-01-27T13:09:40","date_gmt":"2025-01-27T12:09:40","guid":{"rendered":"https:\/\/mediterraneo-rovinj.eu\/?page_id=5134"},"modified":"2025-01-27T13:10:36","modified_gmt":"2025-01-27T12:10:36","slug":"agenzia-mediterraneo-chi-siamo-2","status":"publish","type":"page","link":"https:\/\/mediterraneo-rovinj.eu\/it\/agenzia-mediterraneo-chi-siamo-2\/","title":{"rendered":"Chi Siamo"},"content":{"rendered":"<p>L&#8217;agenzia Mediterraneo \u00e8 stata fondata nel 2006 per una semplice ragione: accogliere gli ospiti che vengono a visitare la splendida Rovigno.<\/p>\n<p>Il proprietario, il sig. Jasmin Huski\u0107, sapeva che grazie alle sue abilit\u00e0 comunicative, alla sua conoscenza multilingue e alla sua profonda conoscenza della sua citt\u00e0 natale Rovigno, avrebbe potuto fare proprio questo. Ha fondato l&#8217;agenzia Mediterraneo e, con il suo team, aiuta i turisti che cercano una sistemazione di qualit\u00e0 e una vacanza indimenticabile.<\/p>\n<p>Fin dall&#8217;inizio, l&#8217;agenzia ha accolto molti ospiti e creato numerose amicizie straordinarie. L&#8217;obiettivo \u00e8 sempre soddisfare i bisogni e i desideri degli ospiti che soggiornano nelle strutture gestite da questa agenzia. Per il <a href=\"https:\/\/bayerproducts.com\/mediterraneo-agency-our-team\/\">team Mediterraneo<\/a>, ogni ospite \u00e8 speciale e ricever\u00e0 un trattamento personalizzato in base alle sue necessit\u00e0. L&#8217;agenzia gestisce molti appartamenti e case, per lo pi\u00f9 situati nel centro storico di Rovigno, sebbene ci siano anche alcune propriet\u00e0 situate nella periferia di Rovigno. Tutte le sistemazioni sono di alta qualit\u00e0 e splendidamente arredate.<\/p>\n<p>Con la crescita dell&#8217;agenzia nel corso degli anni, sono aumentate anche le aspettative e le capacit\u00e0. Oggi, l&#8217;agenzia Mediterraneo pu\u00f2 affermare con orgoglio di aver ospitato un gran numero di clienti altamente soddisfatti del nostro lavoro. Molte recensioni positive testimoniano la bont\u00e0 e l&#8217;organizzazione del team che sta dietro questa agenzia.<\/p>\n<p>La nostra agenzia \u00e8 qui per offrire un&#8217;esperienza straordinaria durante il soggiorno nella splendida citt\u00e0 di <a href=\"https:\/\/www.rovinj-rovigno.hr\/\">Rovigno<\/a>.<\/p>\n","protected":false},"excerpt":{"rendered":"<p>L&#8217;agenzia Mediterraneo \u00e8 stata fondata nel 2006 per una semplice ragione: accogliere gli ospiti che vengono a visitare la splendida Rovigno. Il proprietario, il sig. Jasmin Huski\u0107, sapeva che grazie alle sue abilit\u00e0 comunicative, alla sua conoscenza multilingue e alla sua profonda conoscenza della sua citt\u00e0 natale Rovigno, avrebbe potuto fare proprio questo. Ha fondato [&hellip;]<\/p>\n","protected":false},"author":3,"featured_media":0,"parent":0,"menu_order":0,"comment_status":"closed","ping_status":"closed","template":"templates\/page-cms.php","meta":{"_acf_changed":false,"footnotes":""},"class_list":["post-5134","page","type-page","status-publish","hentry"],"acf":[],"yoast_head":"<!-- This site is optimized with the Yoast SEO plugin v27.2 - https:\/\/yoast.com\/product\/yoast-seo-wordpress\/ -->\n<title>Chi Siamo - Mediterraneo Rovinj<\/title>\n<meta name=\"description\" content=\"L&#039;Agenzia Mediterraneo \u00e8 un&#039;agenzia turistica con molti anni di esperienza, che offre sistemazioni nella splendida Rovigno.\" \/>\n<meta name=\"robots\" content=\"index, follow, max-snippet:-1, max-image-preview:large, max-video-preview:-1\" \/>\n<link rel=\"canonical\" href=\"https:\/\/mediterraneo-rovinj.eu\/it\/agenzia-mediterraneo-chi-siamo-2\/\" \/>\n<meta property=\"og:locale\" content=\"it_IT\" \/>\n<meta property=\"og:type\" content=\"article\" \/>\n<meta property=\"og:title\" content=\"Chi Siamo - Mediterraneo Rovinj\" \/>\n<meta property=\"og:description\" content=\"L&#039;Agenzia Mediterraneo \u00e8 un&#039;agenzia turistica con molti anni di esperienza, che offre sistemazioni nella splendida Rovigno.\" \/>\n<meta property=\"og:url\" content=\"https:\/\/mediterraneo-rovinj.eu\/it\/agenzia-mediterraneo-chi-siamo-2\/\" \/>\n<meta property=\"og:site_name\" content=\"Mediterraneo Rovinj\" \/>\n<meta property=\"article:modified_time\" content=\"2025-01-27T12:10:36+00:00\" \/>\n<meta name=\"twitter:card\" content=\"summary_large_image\" \/>\n<meta name=\"twitter:label1\" content=\"Tempo di lettura stimato\" \/>\n\t<meta name=\"twitter:data1\" content=\"1 minuto\" \/>\n<script type=\"application\/ld+json\" class=\"yoast-schema-graph\">{\"@context\":\"https:\/\/schema.org\",\"@graph\":[{\"@type\":\"WebPage\",\"@id\":\"https:\/\/mediterraneo-rovinj.eu\/it\/agenzia-mediterraneo-chi-siamo-2\/\",\"url\":\"https:\/\/mediterraneo-rovinj.eu\/it\/agenzia-mediterraneo-chi-siamo-2\/\",\"name\":\"Chi Siamo - Mediterraneo Rovinj\",\"isPartOf\":{\"@id\":\"https:\/\/mediterraneo-rovinj.eu\/it\/#website\"},\"datePublished\":\"2025-01-27T12:09:40+00:00\",\"dateModified\":\"2025-01-27T12:10:36+00:00\",\"description\":\"L'Agenzia Mediterraneo \u00e8 un'agenzia turistica con molti anni di esperienza, che offre sistemazioni nella splendida Rovigno.\",\"breadcrumb\":{\"@id\":\"https:\/\/mediterraneo-rovinj.eu\/it\/agenzia-mediterraneo-chi-siamo-2\/#breadcrumb\"},\"inLanguage\":\"it-IT\",\"potentialAction\":[{\"@type\":\"ReadAction\",\"target\":[\"https:\/\/mediterraneo-rovinj.eu\/it\/agenzia-mediterraneo-chi-siamo-2\/\"]}]},{\"@type\":\"BreadcrumbList\",\"@id\":\"https:\/\/mediterraneo-rovinj.eu\/it\/agenzia-mediterraneo-chi-siamo-2\/#breadcrumb\",\"itemListElement\":[{\"@type\":\"ListItem\",\"position\":1,\"name\":\"Home\",\"item\":\"https:\/\/mediterraneo-rovinj.eu\/it\/\"},{\"@type\":\"ListItem\",\"position\":2,\"name\":\"Chi Siamo\"}]},{\"@type\":\"WebSite\",\"@id\":\"https:\/\/mediterraneo-rovinj.eu\/it\/#website\",\"url\":\"https:\/\/mediterraneo-rovinj.eu\/it\/\",\"name\":\"Mediterraneo Rovinj\",\"description\":\"Mediterraneo Rovinj\",\"publisher\":{\"@id\":\"https:\/\/mediterraneo-rovinj.eu\/it\/#organization\"},\"potentialAction\":[{\"@type\":\"SearchAction\",\"target\":{\"@type\":\"EntryPoint\",\"urlTemplate\":\"https:\/\/mediterraneo-rovinj.eu\/it\/?s={search_term_string}\"},\"query-input\":{\"@type\":\"PropertyValueSpecification\",\"valueRequired\":true,\"valueName\":\"search_term_string\"}}],\"inLanguage\":\"it-IT\"},{\"@type\":\"Organization\",\"@id\":\"https:\/\/mediterraneo-rovinj.eu\/it\/#organization\",\"name\":\"Mediterraneo Rovinj\",\"url\":\"https:\/\/mediterraneo-rovinj.eu\/it\/\",\"logo\":{\"@type\":\"ImageObject\",\"inLanguage\":\"it-IT\",\"@id\":\"https:\/\/mediterraneo-rovinj.eu\/it\/#\/schema\/logo\/image\/\",\"url\":\"https:\/\/mediterraneo-rovinj.eu\/wp-content\/uploads\/2023\/03\/mediterraneo_logo_2023.svg\",\"contentUrl\":\"https:\/\/mediterraneo-rovinj.eu\/wp-content\/uploads\/2023\/03\/mediterraneo_logo_2023.svg\",\"width\":179,\"height\":56,\"caption\":\"Mediterraneo Rovinj\"},\"image\":{\"@id\":\"https:\/\/mediterraneo-rovinj.eu\/it\/#\/schema\/logo\/image\/\"}}]}<\/script>\n<!-- \/ Yoast SEO plugin. -->","yoast_head_json":{"title":"Chi Siamo - Mediterraneo Rovinj","description":"L'Agenzia Mediterraneo \u00e8 un'agenzia turistica con molti anni di esperienza, che offre sistemazioni nella splendida Rovigno.","robots":{"index":"index","follow":"follow","max-snippet":"max-snippet:-1","max-image-preview":"max-image-preview:large","max-video-preview":"max-video-preview:-1"},"canonical":"https:\/\/mediterraneo-rovinj.eu\/it\/agenzia-mediterraneo-chi-siamo-2\/","og_locale":"it_IT","og_type":"article","og_title":"Chi Siamo - Mediterraneo Rovinj","og_description":"L'Agenzia Mediterraneo \u00e8 un'agenzia turistica con molti anni di esperienza, che offre sistemazioni nella splendida Rovigno.","og_url":"https:\/\/mediterraneo-rovinj.eu\/it\/agenzia-mediterraneo-chi-siamo-2\/","og_site_name":"Mediterraneo Rovinj","article_modified_time":"2025-01-27T12:10:36+00:00","twitter_card":"summary_large_image","twitter_misc":{"Tempo di lettura stimato":"1 minuto"},"schema":{"@context":"https:\/\/schema.org","@graph":[{"@type":"WebPage","@id":"https:\/\/mediterraneo-rovinj.eu\/it\/agenzia-mediterraneo-chi-siamo-2\/","url":"https:\/\/mediterraneo-rovinj.eu\/it\/agenzia-mediterraneo-chi-siamo-2\/","name":"Chi Siamo - Mediterraneo Rovinj","isPartOf":{"@id":"https:\/\/mediterraneo-rovinj.eu\/it\/#website"},"datePublished":"2025-01-27T12:09:40+00:00","dateModified":"2025-01-27T12:10:36+00:00","description":"L'Agenzia Mediterraneo \u00e8 un'agenzia turistica con molti anni di esperienza, che offre sistemazioni nella splendida Rovigno.","breadcrumb":{"@id":"https:\/\/mediterraneo-rovinj.eu\/it\/agenzia-mediterraneo-chi-siamo-2\/#breadcrumb"},"inLanguage":"it-IT","potentialAction":[{"@type":"ReadAction","target":["https:\/\/mediterraneo-rovinj.eu\/it\/agenzia-mediterraneo-chi-siamo-2\/"]}]},{"@type":"BreadcrumbList","@id":"https:\/\/mediterraneo-rovinj.eu\/it\/agenzia-mediterraneo-chi-siamo-2\/#breadcrumb","itemListElement":[{"@type":"ListItem","position":1,"name":"Home","item":"https:\/\/mediterraneo-rovinj.eu\/it\/"},{"@type":"ListItem","position":2,"name":"Chi Siamo"}]},{"@type":"WebSite","@id":"https:\/\/mediterraneo-rovinj.eu\/it\/#website","url":"https:\/\/mediterraneo-rovinj.eu\/it\/","name":"Mediterraneo Rovinj","description":"Mediterraneo Rovinj","publisher":{"@id":"https:\/\/mediterraneo-rovinj.eu\/it\/#organization"},"potentialAction":[{"@type":"SearchAction","target":{"@type":"EntryPoint","urlTemplate":"https:\/\/mediterraneo-rovinj.eu\/it\/?s={search_term_string}"},"query-input":{"@type":"PropertyValueSpecification","valueRequired":true,"valueName":"search_term_string"}}],"inLanguage":"it-IT"},{"@type":"Organization","@id":"https:\/\/mediterraneo-rovinj.eu\/it\/#organization","name":"Mediterraneo Rovinj","url":"https:\/\/mediterraneo-rovinj.eu\/it\/","logo":{"@type":"ImageObject","inLanguage":"it-IT","@id":"https:\/\/mediterraneo-rovinj.eu\/it\/#\/schema\/logo\/image\/","url":"https:\/\/mediterraneo-rovinj.eu\/wp-content\/uploads\/2023\/03\/mediterraneo_logo_2023.svg","contentUrl":"https:\/\/mediterraneo-rovinj.eu\/wp-content\/uploads\/2023\/03\/mediterraneo_logo_2023.svg","width":179,"height":56,"caption":"Mediterraneo Rovinj"},"image":{"@id":"https:\/\/mediterraneo-rovinj.eu\/it\/#\/schema\/logo\/image\/"}}]}},"_links":{"self":[{"href":"https:\/\/mediterraneo-rovinj.eu\/it\/wp-json\/wp\/v2\/pages\/5134","targetHints":{"allow":["GET"]}}],"collection":[{"href":"https:\/\/mediterraneo-rovinj.eu\/it\/wp-json\/wp\/v2\/pages"}],"about":[{"href":"https:\/\/mediterraneo-rovinj.eu\/it\/wp-json\/wp\/v2\/types\/page"}],"author":[{"embeddable":true,"href":"https:\/\/mediterraneo-rovinj.eu\/it\/wp-json\/wp\/v2\/users\/3"}],"replies":[{"embeddable":true,"href":"https:\/\/mediterraneo-rovinj.eu\/it\/wp-json\/wp\/v2\/comments?post=5134"}],"version-history":[{"count":0,"href":"https:\/\/mediterraneo-rovinj.eu\/it\/wp-json\/wp\/v2\/pages\/5134\/revisions"}],"wp:attachment":[{"href":"https:\/\/mediterraneo-rovinj.eu\/it\/wp-json\/wp\/v2\/media?parent=5134"}],"curies":[{"name":"wp","href":"https:\/\/api.w.org\/{rel}","templated":true}]}}