{"id":5153,"date":"2025-01-27T13:57:09","date_gmt":"2025-01-27T12:57:09","guid":{"rendered":"https:\/\/mediterraneo-rovinj.eu\/?page_id=5153"},"modified":"2025-01-27T13:57:09","modified_gmt":"2025-01-27T12:57:09","slug":"rovigno","status":"publish","type":"page","link":"https:\/\/mediterraneo-rovinj.eu\/it\/scopri-listria\/rovigno\/","title":{"rendered":"Rovigno"},"content":{"rendered":"<p>Rovigno\/Rovinj era gi\u00e0 un insediamento di trib\u00f9 venetiche o illiriche prima di essere catturato dai Romani, che lo chiamarono Arupinium o Mons Rubineus, e successivamente Ruginium e Ruvinium. Costruita su un&#8217;isola vicina alla costa, divenne collegata alla terraferma molto pi\u00f9 tardi, nel 1763, con il riempimento del canale.<\/p>\n<p>Rovigno\/Rovinj fu infine incorporata nell&#8217;Impero Bizantino, diventando poi parte dell&#8217;Esarcato di Ravenna nel VI secolo, prima di essere conquistata dall&#8217;Impero Franco nel 788. Per i successivi secoli fu governata da una successione di signori feudali e nel 1209 fu acquisita dal Patriarcato di Aquileia sotto Wolfger von Erla.<\/p>\n<p>Dal 1283 al 1797 Rovigno fu una delle citt\u00e0 pi\u00f9 importanti dell&#8217;Istria governata dalla Repubblica di Venezia. Durante questo periodo furono costruite tre porte cittadine e Rovigno\/Rovigno fu fortificata da due file di mura difensive, i resti delle quali sono ancora visibili oggi. Nelle vicinanze del molo di Rovigno si trova una delle antiche porte della citt\u00e0, l&#8217;Arco di Balbi, risalente al 1680, e una torre dell&#8217;orologio tardo-rinascimentale. Il primo statuto della citt\u00e0 fu proclamato nel 1531.<\/p>\n<p>Dopo la caduta di Venezia nel 1797 e il successivo interludio napoleonico, Rovigno\/Rovigno divenne parte dell&#8217;Impero Austriaco, che dur\u00f2 fino alla Prima Guerra Mondiale. Secondo l&#8217;ultimo censimento austriaco del 1911, il 97,8% della popolazione parlava italiano. Pass\u00f2 quindi al Regno d&#8217;Italia dal 1918 al 1947, quando fu ceduta alla Jugoslavia Socialista Federale, come parte della Repubblica Socialista di Croazia. Il nome originale Rovigno fu poi cambiato in Rovinj. Durante il periodo post-bellico, molti abitanti italiani lasciarono Rovigno, il che port\u00f2 a significativi cambiamenti nella struttura demografica della citt\u00e0.<\/p>\n<p>Dopo l&#8217;indipendenza della Croazia nel 1991, la citt\u00e0 divenne uno dei centri pi\u00f9 importanti della Contea di Istria, un&#8217;unit\u00e0 amministrativa che comprende la maggior parte dell&#8217;Istria. Oggi, Rovigno\/Rovinj \u00e8 la terza citt\u00e0 pi\u00f9 popolosa della contea, dopo Pola e Parenzo.<\/p>\n","protected":false},"excerpt":{"rendered":"<p>Rovigno\/Rovinj era gi\u00e0 un insediamento di trib\u00f9 venetiche o illiriche prima di essere catturato dai Romani, che lo chiamarono Arupinium o Mons Rubineus, e successivamente Ruginium e Ruvinium. Costruita su un&#8217;isola vicina alla costa, divenne collegata alla terraferma molto pi\u00f9 tardi, nel 1763, con il riempimento del canale. Rovigno\/Rovinj fu infine incorporata nell&#8217;Impero Bizantino, diventando [&hellip;]<\/p>\n","protected":false},"author":3,"featured_media":3451,"parent":5144,"menu_order":0,"comment_status":"closed","ping_status":"closed","template":"templates\/page-blog.php","meta":{"_acf_changed":false,"footnotes":""},"class_list":["post-5153","page","type-page","status-publish","has-post-thumbnail","hentry"],"acf":[],"yoast_head":"<!-- This site is optimized with the Yoast SEO plugin v27.2 - https:\/\/yoast.com\/product\/yoast-seo-wordpress\/ -->\n<title>Rovigno - Mediterraneo Rovinj<\/title>\n<meta name=\"description\" content=\"Rovigno, citt\u00e0 storica dell&#039;Istria, ha una ricca eredit\u00e0 veneziana e austriaca, ed \u00e8 oggi uno dei centri principali della regione.\" \/>\n<meta name=\"robots\" content=\"index, follow, max-snippet:-1, max-image-preview:large, max-video-preview:-1\" \/>\n<link rel=\"canonical\" href=\"https:\/\/mediterraneo-rovinj.eu\/it\/scopri-listria\/rovigno\/\" \/>\n<meta property=\"og:locale\" content=\"it_IT\" \/>\n<meta property=\"og:type\" content=\"article\" \/>\n<meta property=\"og:title\" content=\"Rovigno - Mediterraneo Rovinj\" \/>\n<meta property=\"og:description\" content=\"Rovigno, citt\u00e0 storica dell&#039;Istria, ha una ricca eredit\u00e0 veneziana e austriaca, ed \u00e8 oggi uno dei centri principali della regione.\" \/>\n<meta property=\"og:url\" content=\"https:\/\/mediterraneo-rovinj.eu\/it\/scopri-listria\/rovigno\/\" \/>\n<meta property=\"og:site_name\" content=\"Mediterraneo Rovinj\" \/>\n<meta property=\"og:image\" content=\"https:\/\/mediterraneo-rovinj.eu\/wp-content\/uploads\/2023\/03\/rovinj.jpeg\" \/>\n\t<meta property=\"og:image:width\" content=\"1080\" \/>\n\t<meta property=\"og:image:height\" content=\"1350\" \/>\n\t<meta property=\"og:image:type\" content=\"image\/jpeg\" \/>\n<meta name=\"twitter:card\" content=\"summary_large_image\" \/>\n<script type=\"application\/ld+json\" class=\"yoast-schema-graph\">{\"@context\":\"https:\/\/schema.org\",\"@graph\":[{\"@type\":\"WebPage\",\"@id\":\"https:\/\/mediterraneo-rovinj.eu\/it\/scopri-listria\/rovigno\/\",\"url\":\"https:\/\/mediterraneo-rovinj.eu\/it\/scopri-listria\/rovigno\/\",\"name\":\"Rovigno - Mediterraneo Rovinj\",\"isPartOf\":{\"@id\":\"https:\/\/mediterraneo-rovinj.eu\/it\/#website\"},\"primaryImageOfPage\":{\"@id\":\"https:\/\/mediterraneo-rovinj.eu\/it\/scopri-listria\/rovigno\/#primaryimage\"},\"image\":{\"@id\":\"https:\/\/mediterraneo-rovinj.eu\/it\/scopri-listria\/rovigno\/#primaryimage\"},\"thumbnailUrl\":\"https:\/\/mediterraneo-rovinj.eu\/wp-content\/uploads\/2023\/03\/rovinj.jpeg\",\"datePublished\":\"2025-01-27T12:57:09+00:00\",\"description\":\"Rovigno, citt\u00e0 storica dell'Istria, ha una ricca eredit\u00e0 veneziana e austriaca, ed \u00e8 oggi uno dei centri principali della regione.\",\"breadcrumb\":{\"@id\":\"https:\/\/mediterraneo-rovinj.eu\/it\/scopri-listria\/rovigno\/#breadcrumb\"},\"inLanguage\":\"it-IT\",\"potentialAction\":[{\"@type\":\"ReadAction\",\"target\":[\"https:\/\/mediterraneo-rovinj.eu\/it\/scopri-listria\/rovigno\/\"]}]},{\"@type\":\"ImageObject\",\"inLanguage\":\"it-IT\",\"@id\":\"https:\/\/mediterraneo-rovinj.eu\/it\/scopri-listria\/rovigno\/#primaryimage\",\"url\":\"https:\/\/mediterraneo-rovinj.eu\/wp-content\/uploads\/2023\/03\/rovinj.jpeg\",\"contentUrl\":\"https:\/\/mediterraneo-rovinj.eu\/wp-content\/uploads\/2023\/03\/rovinj.jpeg\",\"width\":1080,\"height\":1350},{\"@type\":\"BreadcrumbList\",\"@id\":\"https:\/\/mediterraneo-rovinj.eu\/it\/scopri-listria\/rovigno\/#breadcrumb\",\"itemListElement\":[{\"@type\":\"ListItem\",\"position\":1,\"name\":\"Home\",\"item\":\"https:\/\/mediterraneo-rovinj.eu\/it\/\"},{\"@type\":\"ListItem\",\"position\":2,\"name\":\"Scopri l&#8217;Istria\",\"item\":\"https:\/\/mediterraneo-rovinj.eu\/it\/scopri-listria\/\"},{\"@type\":\"ListItem\",\"position\":3,\"name\":\"Rovigno\"}]},{\"@type\":\"WebSite\",\"@id\":\"https:\/\/mediterraneo-rovinj.eu\/it\/#website\",\"url\":\"https:\/\/mediterraneo-rovinj.eu\/it\/\",\"name\":\"Mediterraneo Rovinj\",\"description\":\"Mediterraneo Rovinj\",\"publisher\":{\"@id\":\"https:\/\/mediterraneo-rovinj.eu\/it\/#organization\"},\"potentialAction\":[{\"@type\":\"SearchAction\",\"target\":{\"@type\":\"EntryPoint\",\"urlTemplate\":\"https:\/\/mediterraneo-rovinj.eu\/it\/?s={search_term_string}\"},\"query-input\":{\"@type\":\"PropertyValueSpecification\",\"valueRequired\":true,\"valueName\":\"search_term_string\"}}],\"inLanguage\":\"it-IT\"},{\"@type\":\"Organization\",\"@id\":\"https:\/\/mediterraneo-rovinj.eu\/it\/#organization\",\"name\":\"Mediterraneo Rovinj\",\"url\":\"https:\/\/mediterraneo-rovinj.eu\/it\/\",\"logo\":{\"@type\":\"ImageObject\",\"inLanguage\":\"it-IT\",\"@id\":\"https:\/\/mediterraneo-rovinj.eu\/it\/#\/schema\/logo\/image\/\",\"url\":\"https:\/\/mediterraneo-rovinj.eu\/wp-content\/uploads\/2023\/03\/mediterraneo_logo_2023.svg\",\"contentUrl\":\"https:\/\/mediterraneo-rovinj.eu\/wp-content\/uploads\/2023\/03\/mediterraneo_logo_2023.svg\",\"width\":179,\"height\":56,\"caption\":\"Mediterraneo Rovinj\"},\"image\":{\"@id\":\"https:\/\/mediterraneo-rovinj.eu\/it\/#\/schema\/logo\/image\/\"}}]}<\/script>\n<!-- \/ Yoast SEO plugin. -->","yoast_head_json":{"title":"Rovigno - Mediterraneo Rovinj","description":"Rovigno, citt\u00e0 storica dell'Istria, ha una ricca eredit\u00e0 veneziana e austriaca, ed \u00e8 oggi uno dei centri principali della regione.","robots":{"index":"index","follow":"follow","max-snippet":"max-snippet:-1","max-image-preview":"max-image-preview:large","max-video-preview":"max-video-preview:-1"},"canonical":"https:\/\/mediterraneo-rovinj.eu\/it\/scopri-listria\/rovigno\/","og_locale":"it_IT","og_type":"article","og_title":"Rovigno - Mediterraneo Rovinj","og_description":"Rovigno, citt\u00e0 storica dell'Istria, ha una ricca eredit\u00e0 veneziana e austriaca, ed \u00e8 oggi uno dei centri principali della regione.","og_url":"https:\/\/mediterraneo-rovinj.eu\/it\/scopri-listria\/rovigno\/","og_site_name":"Mediterraneo Rovinj","og_image":[{"width":1080,"height":1350,"url":"https:\/\/mediterraneo-rovinj.eu\/wp-content\/uploads\/2023\/03\/rovinj.jpeg","type":"image\/jpeg"}],"twitter_card":"summary_large_image","schema":{"@context":"https:\/\/schema.org","@graph":[{"@type":"WebPage","@id":"https:\/\/mediterraneo-rovinj.eu\/it\/scopri-listria\/rovigno\/","url":"https:\/\/mediterraneo-rovinj.eu\/it\/scopri-listria\/rovigno\/","name":"Rovigno - Mediterraneo Rovinj","isPartOf":{"@id":"https:\/\/mediterraneo-rovinj.eu\/it\/#website"},"primaryImageOfPage":{"@id":"https:\/\/mediterraneo-rovinj.eu\/it\/scopri-listria\/rovigno\/#primaryimage"},"image":{"@id":"https:\/\/mediterraneo-rovinj.eu\/it\/scopri-listria\/rovigno\/#primaryimage"},"thumbnailUrl":"https:\/\/mediterraneo-rovinj.eu\/wp-content\/uploads\/2023\/03\/rovinj.jpeg","datePublished":"2025-01-27T12:57:09+00:00","description":"Rovigno, citt\u00e0 storica dell'Istria, ha una ricca eredit\u00e0 veneziana e austriaca, ed \u00e8 oggi uno dei centri principali della regione.","breadcrumb":{"@id":"https:\/\/mediterraneo-rovinj.eu\/it\/scopri-listria\/rovigno\/#breadcrumb"},"inLanguage":"it-IT","potentialAction":[{"@type":"ReadAction","target":["https:\/\/mediterraneo-rovinj.eu\/it\/scopri-listria\/rovigno\/"]}]},{"@type":"ImageObject","inLanguage":"it-IT","@id":"https:\/\/mediterraneo-rovinj.eu\/it\/scopri-listria\/rovigno\/#primaryimage","url":"https:\/\/mediterraneo-rovinj.eu\/wp-content\/uploads\/2023\/03\/rovinj.jpeg","contentUrl":"https:\/\/mediterraneo-rovinj.eu\/wp-content\/uploads\/2023\/03\/rovinj.jpeg","width":1080,"height":1350},{"@type":"BreadcrumbList","@id":"https:\/\/mediterraneo-rovinj.eu\/it\/scopri-listria\/rovigno\/#breadcrumb","itemListElement":[{"@type":"ListItem","position":1,"name":"Home","item":"https:\/\/mediterraneo-rovinj.eu\/it\/"},{"@type":"ListItem","position":2,"name":"Scopri l&#8217;Istria","item":"https:\/\/mediterraneo-rovinj.eu\/it\/scopri-listria\/"},{"@type":"ListItem","position":3,"name":"Rovigno"}]},{"@type":"WebSite","@id":"https:\/\/mediterraneo-rovinj.eu\/it\/#website","url":"https:\/\/mediterraneo-rovinj.eu\/it\/","name":"Mediterraneo Rovinj","description":"Mediterraneo Rovinj","publisher":{"@id":"https:\/\/mediterraneo-rovinj.eu\/it\/#organization"},"potentialAction":[{"@type":"SearchAction","target":{"@type":"EntryPoint","urlTemplate":"https:\/\/mediterraneo-rovinj.eu\/it\/?s={search_term_string}"},"query-input":{"@type":"PropertyValueSpecification","valueRequired":true,"valueName":"search_term_string"}}],"inLanguage":"it-IT"},{"@type":"Organization","@id":"https:\/\/mediterraneo-rovinj.eu\/it\/#organization","name":"Mediterraneo Rovinj","url":"https:\/\/mediterraneo-rovinj.eu\/it\/","logo":{"@type":"ImageObject","inLanguage":"it-IT","@id":"https:\/\/mediterraneo-rovinj.eu\/it\/#\/schema\/logo\/image\/","url":"https:\/\/mediterraneo-rovinj.eu\/wp-content\/uploads\/2023\/03\/mediterraneo_logo_2023.svg","contentUrl":"https:\/\/mediterraneo-rovinj.eu\/wp-content\/uploads\/2023\/03\/mediterraneo_logo_2023.svg","width":179,"height":56,"caption":"Mediterraneo Rovinj"},"image":{"@id":"https:\/\/mediterraneo-rovinj.eu\/it\/#\/schema\/logo\/image\/"}}]}},"_links":{"self":[{"href":"https:\/\/mediterraneo-rovinj.eu\/it\/wp-json\/wp\/v2\/pages\/5153","targetHints":{"allow":["GET"]}}],"collection":[{"href":"https:\/\/mediterraneo-rovinj.eu\/it\/wp-json\/wp\/v2\/pages"}],"about":[{"href":"https:\/\/mediterraneo-rovinj.eu\/it\/wp-json\/wp\/v2\/types\/page"}],"author":[{"embeddable":true,"href":"https:\/\/mediterraneo-rovinj.eu\/it\/wp-json\/wp\/v2\/users\/3"}],"replies":[{"embeddable":true,"href":"https:\/\/mediterraneo-rovinj.eu\/it\/wp-json\/wp\/v2\/comments?post=5153"}],"version-history":[{"count":0,"href":"https:\/\/mediterraneo-rovinj.eu\/it\/wp-json\/wp\/v2\/pages\/5153\/revisions"}],"up":[{"embeddable":true,"href":"https:\/\/mediterraneo-rovinj.eu\/it\/wp-json\/wp\/v2\/pages\/5144"}],"wp:featuredmedia":[{"embeddable":true,"href":"https:\/\/mediterraneo-rovinj.eu\/it\/wp-json\/wp\/v2\/media\/3451"}],"wp:attachment":[{"href":"https:\/\/mediterraneo-rovinj.eu\/it\/wp-json\/wp\/v2\/media?parent=5153"}],"curies":[{"name":"wp","href":"https:\/\/api.w.org\/{rel}","templated":true}]}}