{"id":5161,"date":"2025-01-29T12:12:21","date_gmt":"2025-01-29T11:12:21","guid":{"rendered":"https:\/\/mediterraneo-rovinj.eu\/?page_id=5161"},"modified":"2025-01-29T12:12:21","modified_gmt":"2025-01-29T11:12:21","slug":"termini-e-condizioni","status":"publish","type":"page","link":"https:\/\/mediterraneo-rovinj.eu\/it\/termini-e-condizioni\/","title":{"rendered":"Termini e Condizioni"},"content":{"rendered":"<p>Termini e Condizioni<br \/>\nCon la conferma della prenotazione, si intende che si \u00e8 a conoscenza delle regole e si accettano completamente le seguenti:<\/p>\n<p>1. Offerta<br \/>\nLe richieste di prenotazione possono essere fatte via e-mail, fax o telefono. La risposta verr\u00e0 sempre inviata per iscritto tramite e-mail o fax per maggiore sicurezza e chiarezza, trasparenza e presentazione (foto) delle unit\u00e0 scelte. Al momento della richiesta di prenotazione inviamo l&#8217;offerta migliore cercando di soddisfare tutte le richieste. L&#8217;agenzia garantisce la veridicit\u00e0 delle descrizioni, delle foto e di tutti i contenuti relativi alla sistemazione, dei prezzi giusti e delle condizioni con cui vengono proposte. In caso di forza maggiore, se l&#8217;appartamento scelto dai clienti non \u00e8 disponibile, l&#8217;agenzia ha il dovere di fornire una sistemazione alternativa senza riduzione di prezzo, se della stessa categoria\/qualit\u00e0.<\/p>\n<p>2. Prenotazione<br \/>\nL&#8217;accettazione della propriet\u00e0 proposta e il pagamento della caparra implica il completo accordo del cliente con i nostri termini e condizioni. Pagando la caparra e firmando il contratto o voucher, o fornendo i dati della carta di credito, l&#8217;ospite stabilisce una relazione legale con l&#8217;agenzia e conferma di essere a conoscenza di questo regolamento e di accettarlo.<\/p>\n<p>Le commissioni di transazione per il pagamento sono a carico del cliente. Al check-in e\/o registrazione, il cliente deve fornire tutti i dati necessari per la conferma della prenotazione.<\/p>\n<p>Al momento della conferma della prenotazione, \u00e8 necessario pagare la caparra, che pu\u00f2 variare dal 15% al 30% dell&#8217;importo totale a seconda del tipo di propriet\u00e0 prenotata. In caso di mancato pagamento della caparra entro il termine concordato, la prenotazione sar\u00e0 considerata annullata e l&#8217;agenzia potr\u00e0 proporre lo stesso appartamento a un altro cliente. Dopo aver ricevuto l&#8217;acconto, l&#8217;agenzia invier\u00e0 il contratto di conferma della prenotazione.<\/p>\n<p>Per quanto riguarda l&#8217;importo (politica di cancellazione), sar\u00e0 valido dalla data in cui riceviamo la cancellazione:<\/p>\n<p>Per le cancellazioni ricevute entro 29 giorni prima della data di arrivo, la caparra sar\u00e0 rimborsata (dedotti i costi bancari e le commissioni).<br \/>\nPer le cancellazioni ricevute tra 28 giorni e 7 giorni prima della data di arrivo, la caparra sar\u00e0 trattenuta come penale.<br \/>\nPer le cancellazioni ricevute entro 7 giorni prima della data di arrivo o per la mancata presentazione (No Show), l&#8217;agenzia avr\u00e0 il diritto di addebitare il 100% dell&#8217;importo totale come penale per la perdita.<br \/>\nPer il pagamento dell&#8217;acconto \u00e8 richiesto quanto segue:<\/p>\n<p>Inviare la copia del pagamento dell&#8217;acconto.<br \/>\nPer effettuare il bonifico correttamente, si prega di indicare:<\/p>\n<p>Nome e cognome del titolare della prenotazione con indirizzo di residenza.<\/p>\n<p>Destinatario (agenzia): Turisti\u010dki OBRT J &#038; J Motovunska 16 52210 Rovinj, Croazia<br \/>\nCodice SWIFT (BIC): PBZGHR2X<br \/>\nIBAN: HR22 2340 0091 1601 37099<br \/>\nBanca: PRIVREDNA BANKA ZAGREB D.D. Rackoga 6,<br \/>\n10000 Zagabria, Croazia<\/p>\n<p>L&#8217;ospite deve inviare la copia del pagamento tempestivamente, via fax o e-mail&#8230; Altrimenti, l&#8217;agenzia non \u00e8 tenuta a confermare la prenotazione e non \u00e8 responsabile per eventuali difetti\/problemi, compreso il ritardo dell&#8217;arrivo.<\/p>\n<p>Pagamento tramite bonifico bancario<br \/>\nPer il pagamento corretto, i dati necessari sono i seguenti:<\/p>\n<p>Nome e cognome del titolare della prenotazione con indirizzo e residenza.<\/p>\n<p>3. Partenza<br \/>\nIn caso di partenza anticipata, verr\u00e0 addebitato l&#8217;importo intero della prenotazione.<\/p>\n<p>4. Prezzi<br \/>\nI prezzi esposti\/comunicati dall&#8217;agenzia sono variabili e sono allegati a ciascun appartamento\/studio\/stanza. I prezzi sono espressi in Euro sulla base del tasso di cambio della Kuna e delle valute straniere.<\/p>\n<p>L&#8217;agenzia ha il diritto di modificare i prezzi esistenti, e questi possono essere modificati in caso di variazioni della valuta, con un massimo del 3%. Se ci\u00f2 accade, l&#8217;agenzia non pu\u00f2 garantire il prezzo concordato al momento della conferma della prenotazione e\/o pagamento dell&#8217;acconto.<\/p>\n<p>Il pagamento deve essere effettuato in agenzia in valuta kuna croata, secondo il listino prezzi del proprietario validato dall&#8217;ufficio principale del turismo.<\/p>\n<p>Il costo della registrazione \u00e8 di 3 EUR per persona (pagamento una tantum).<\/p>\n<p>I prezzi comprendono i costi di elettricit\u00e0, gas e acqua.<\/p>\n<p>I prezzi sulla lista ufficiale si intendono per l&#8217;affitto dell&#8217;appartamento al giorno. Ogni proprietario di propriet\u00e0 decide personalmente i prezzi per le sue propriet\u00e0.<\/p>\n<p>5. Arrivo<br \/>\nIl cliente arriva nel giorno di check-in direttamente all&#8217;ufficio dell&#8217;agenzia o all&#8217;indirizzo dell&#8217;appartamento. Il check-in pu\u00f2 essere effettuato solo dopo le 14:00. L&#8217;agenzia e i proprietari delle propriet\u00e0 non sono obbligati ad ospitare il cliente prima dell&#8217;orario di check-in.<\/p>\n<p>Al momento dell&#8217;arrivo, riceverai tutte le informazioni riguardanti la sistemazione prenotata.<\/p>\n<p>Per alcune sistemazioni, l&#8217;ospite deve lasciare un deposito (presso l&#8217;agenzia\/proprietario dell&#8217;appartamento) da 100,00 a 200,00 Euro, che sar\u00e0 utilizzato per riparazioni in caso di danni. Se l&#8217;appartamento \u00e8 in condizioni uguali a quelle dell&#8217;arrivo, l&#8217;ospite ricever\u00e0 il deposito al momento del check-out.<\/p>\n<p>6. Check-out<br \/>\nL&#8217;appartamento deve essere lasciato il giorno della partenza entro le 10:00.<\/p>\n<p>Al check-out, l&#8217;ospite deve permettere al proprietario dell&#8217;immobile o all&#8217;agente di controllare l&#8217;intero appartamento per eventuali danni, in quanto deve essere lasciato nelle stesse condizioni in cui \u00e8 stato trovato. Se ci sono danni, l&#8217;agenzia ha il diritto di trattenere il deposito. Se l&#8217;ospite non lascia l&#8217;appartamento entro le 10:00, l&#8217;agenzia pu\u00f2 addebitare automaticamente una notte extra.<\/p>\n<p>7. Diritti dell&#8217;agenzia per modifiche e cancellazioni<br \/>\nL&#8217;agenzia ha il diritto di proporre modifiche alla prenotazione o di cancellare l&#8217;intera prenotazione o parte di essa (anche se confermata con acconto) se ci sono problemi di forza maggiore al momento dell&#8217;arrivo o durante la vacanza, dai quali nessuno pu\u00f2 sfuggire o rimuoverli.<\/p>\n<p>In tal caso, l&#8217;agenzia proporr\u00e0 altre sistemazioni e la modifica della sistemazione prenotata potr\u00e0 avvenire solo se il cliente accetta. La proposta alternativa deve essere uguale o di qualit\u00e0\/categoria superiore alla precedente. L&#8217;agenzia ha il dovere di informare tempestivamente i clienti che hanno prenotato e confermato la prenotazione con il pagamento della caparra, di eventuali modifiche o cancellazioni della loro prenotazione, a causa di forza maggiore e se non \u00e8 possibile trovare una sistemazione adeguata, restituiremo l&#8217;intero importo della prenotazione per il servizio non utilizzato.<\/p>\n<p>8. Reclami<br \/>\nI reclami sono accettati all&#8217;arrivo e nei primi giorni di vacanza. Non accettiamo reclami il giorno della partenza solo per ottenere uno sconto!<\/p>\n<p>Vi preghiamo di segnalarci eventuali reclami in tempo utile per risolverli e soddisfare entrambe le parti (ospite e proprietario della propriet\u00e0).<\/p>\n<p>9. Obblighi dell&#8217;ospite<br \/>\nL&#8217;ospite ha il dovere di:<\/p>\n<p>Rispettare le regole della casa esposte (scritte) nell&#8217;appartamento e collaborare con i proprietari per il bene comune.<br \/>\nAl check-in, l&#8217;ospite deve fornire tutti i documenti necessari per la registrazione turistica obbligatoria, che devono essere restituiti al massimo entro 24 ore.<br \/>\nL&#8217;arrivo di pi\u00f9 persone di quelle concordate nella prenotazione o voucher, o l&#8217;introduzione di animali non precedentemente concordati, non \u00e8 consentito! In tal caso, l&#8217;agenzia pu\u00f2 annullare la prenotazione e richiedere l&#8217;intero importo della prenotazione.<br \/>\nAl check-in, o al massimo tre giorni prima della partenza, l&#8217;ospite deve pagare l&#8217;importo totale. Il proprietario o l&#8217;agente pu\u00f2 verificare l&#8217;appartamento in qualsiasi momento, deve essere lasciato uguale a quando l&#8217;ospite lo ha trovato.<\/p>\n<p>10. Reclami<br \/>\nOgni ospite titolare del contratto (conferma prenotazione) ha diritto a lamentarsi se un servizio \u00e8 mancante. Se la prenotazione\/pacchetto prenotato e prepagato non \u00e8 adatto, o \u00e8 incompleto o manca di servizi richiesti, il cliente pu\u00f2 richiedere il risarcimento per il danno, formulando il reclamo in formato scritto.<\/p>\n<p>Procedura di reclamo:<\/p>\n<p>Se l&#8217;ospite non \u00e8 soddisfatto dell&#8217;appartamento all&#8217;arrivo, se i servizi non sono quelli concordati al momento della prenotazione, deve informare prontamente l&#8217;agenzia.<br \/>\nSe l&#8217;ospite non riesce a contattare l&#8217;agenzia per il suo disguido, deve informare il proprietario dell&#8217;appartamento. L&#8217;ospite ha il dovere di collaborare con l&#8217;agente dell&#8217;agenzia e con il proprietario dell&#8217;appartamento per risolvere il problema nel miglior modo possibile per entrambe le parti.<br \/>\nSe l&#8217;ospite non accetta una proposta sul posto per risolvere il reclamo (che pu\u00f2 essere un appartamento alternativo della stessa categoria o superiore), l&#8217;agenzia non accetter\u00e0 ulteriori reclami e non avr\u00e0 alcuna responsabilit\u00e0 per il problema.<\/p>\n<p>Se l&#8217;ospite lascia la propriet\u00e0 prenotata senza dare all&#8217;agenzia l&#8217;opportunit\u00e0 di risolvere il problema, cercando una sistemazione alternativa da solo, non avr\u00e0 diritto a un rimborso, anche se la causa del reclamo \u00e8 giustificata o meno.<\/p>\n<p>Se i motivi sono giustificati ma non possono essere rimossi, l&#8217;agenzia trover\u00e0 una sistemazione alternativa adeguata.<\/p>\n<p>Il massimo risarcimento per il reclamo non pu\u00f2 essere superiore all&#8217;importo del danno, ma non pu\u00f2 includere i servizi gi\u00e0 utilizzati nell&#8217;importo totale della prenotazione. \u00c8 escluso il diritto dell&#8217;ospite al risarcimento per danni immateriali.<\/p>\n<p>11. Giurisdizione del Tribunale<br \/>\nSe l&#8217;ospite non \u00e8 soddisfatto della soluzione proposta dall&#8217;agenzia, ha diritto a presentare denuncia. In questi casi, la richiesta deve essere presentata al tribunale competente di Rovinj.<\/p>\n<p>12. Avviso<br \/>\nDopo il pagamento\/acconto della prenotazione, l&#8217;ospite accetta le regole e tutte le condizioni sopra riportate.<\/p>\n","protected":false},"excerpt":{"rendered":"<p>Termini e Condizioni Con la conferma della prenotazione, si intende che si \u00e8 a conoscenza delle regole e si accettano completamente le seguenti: 1. Offerta Le richieste di prenotazione possono essere fatte via e-mail, fax o telefono. La risposta verr\u00e0 sempre inviata per iscritto tramite e-mail o fax per maggiore sicurezza e chiarezza, trasparenza e [&hellip;]<\/p>\n","protected":false},"author":3,"featured_media":0,"parent":0,"menu_order":0,"comment_status":"closed","ping_status":"closed","template":"templates\/page-cms.php","meta":{"_acf_changed":false,"footnotes":""},"class_list":["post-5161","page","type-page","status-publish","hentry"],"acf":[],"yoast_head":"<!-- This site is optimized with the Yoast SEO plugin v27.2 - https:\/\/yoast.com\/product\/yoast-seo-wordpress\/ -->\n<title>Termini e Condizioni - Mediterraneo Rovinj<\/title>\n<meta name=\"robots\" content=\"index, follow, max-snippet:-1, max-image-preview:large, max-video-preview:-1\" \/>\n<link rel=\"canonical\" href=\"https:\/\/mediterraneo-rovinj.eu\/it\/termini-e-condizioni\/\" \/>\n<meta property=\"og:locale\" content=\"it_IT\" \/>\n<meta property=\"og:type\" content=\"article\" \/>\n<meta property=\"og:title\" content=\"Termini e Condizioni - Mediterraneo Rovinj\" \/>\n<meta property=\"og:description\" content=\"Termini e Condizioni Con la conferma della prenotazione, si intende che si \u00e8 a conoscenza delle regole e si accettano completamente le seguenti: 1. Offerta Le richieste di prenotazione possono essere fatte via e-mail, fax o telefono. La risposta verr\u00e0 sempre inviata per iscritto tramite e-mail o fax per maggiore sicurezza e chiarezza, trasparenza e [&hellip;]\" \/>\n<meta property=\"og:url\" content=\"https:\/\/mediterraneo-rovinj.eu\/it\/termini-e-condizioni\/\" \/>\n<meta property=\"og:site_name\" content=\"Mediterraneo Rovinj\" \/>\n<meta name=\"twitter:card\" content=\"summary_large_image\" \/>\n<script type=\"application\/ld+json\" class=\"yoast-schema-graph\">{\"@context\":\"https:\/\/schema.org\",\"@graph\":[{\"@type\":\"WebPage\",\"@id\":\"https:\/\/mediterraneo-rovinj.eu\/it\/termini-e-condizioni\/\",\"url\":\"https:\/\/mediterraneo-rovinj.eu\/it\/termini-e-condizioni\/\",\"name\":\"Termini e Condizioni - Mediterraneo Rovinj\",\"isPartOf\":{\"@id\":\"https:\/\/mediterraneo-rovinj.eu\/it\/#website\"},\"datePublished\":\"2025-01-29T11:12:21+00:00\",\"breadcrumb\":{\"@id\":\"https:\/\/mediterraneo-rovinj.eu\/it\/termini-e-condizioni\/#breadcrumb\"},\"inLanguage\":\"it-IT\",\"potentialAction\":[{\"@type\":\"ReadAction\",\"target\":[\"https:\/\/mediterraneo-rovinj.eu\/it\/termini-e-condizioni\/\"]}]},{\"@type\":\"BreadcrumbList\",\"@id\":\"https:\/\/mediterraneo-rovinj.eu\/it\/termini-e-condizioni\/#breadcrumb\",\"itemListElement\":[{\"@type\":\"ListItem\",\"position\":1,\"name\":\"Home\",\"item\":\"https:\/\/mediterraneo-rovinj.eu\/it\/\"},{\"@type\":\"ListItem\",\"position\":2,\"name\":\"Termini e Condizioni\"}]},{\"@type\":\"WebSite\",\"@id\":\"https:\/\/mediterraneo-rovinj.eu\/it\/#website\",\"url\":\"https:\/\/mediterraneo-rovinj.eu\/it\/\",\"name\":\"Mediterraneo Rovinj\",\"description\":\"Mediterraneo Rovinj\",\"publisher\":{\"@id\":\"https:\/\/mediterraneo-rovinj.eu\/it\/#organization\"},\"potentialAction\":[{\"@type\":\"SearchAction\",\"target\":{\"@type\":\"EntryPoint\",\"urlTemplate\":\"https:\/\/mediterraneo-rovinj.eu\/it\/?s={search_term_string}\"},\"query-input\":{\"@type\":\"PropertyValueSpecification\",\"valueRequired\":true,\"valueName\":\"search_term_string\"}}],\"inLanguage\":\"it-IT\"},{\"@type\":\"Organization\",\"@id\":\"https:\/\/mediterraneo-rovinj.eu\/it\/#organization\",\"name\":\"Mediterraneo Rovinj\",\"url\":\"https:\/\/mediterraneo-rovinj.eu\/it\/\",\"logo\":{\"@type\":\"ImageObject\",\"inLanguage\":\"it-IT\",\"@id\":\"https:\/\/mediterraneo-rovinj.eu\/it\/#\/schema\/logo\/image\/\",\"url\":\"https:\/\/mediterraneo-rovinj.eu\/wp-content\/uploads\/2023\/03\/mediterraneo_logo_2023.svg\",\"contentUrl\":\"https:\/\/mediterraneo-rovinj.eu\/wp-content\/uploads\/2023\/03\/mediterraneo_logo_2023.svg\",\"width\":179,\"height\":56,\"caption\":\"Mediterraneo Rovinj\"},\"image\":{\"@id\":\"https:\/\/mediterraneo-rovinj.eu\/it\/#\/schema\/logo\/image\/\"}}]}<\/script>\n<!-- \/ Yoast SEO plugin. -->","yoast_head_json":{"title":"Termini e Condizioni - Mediterraneo Rovinj","robots":{"index":"index","follow":"follow","max-snippet":"max-snippet:-1","max-image-preview":"max-image-preview:large","max-video-preview":"max-video-preview:-1"},"canonical":"https:\/\/mediterraneo-rovinj.eu\/it\/termini-e-condizioni\/","og_locale":"it_IT","og_type":"article","og_title":"Termini e Condizioni - Mediterraneo Rovinj","og_description":"Termini e Condizioni Con la conferma della prenotazione, si intende che si \u00e8 a conoscenza delle regole e si accettano completamente le seguenti: 1. Offerta Le richieste di prenotazione possono essere fatte via e-mail, fax o telefono. La risposta verr\u00e0 sempre inviata per iscritto tramite e-mail o fax per maggiore sicurezza e chiarezza, trasparenza e [&hellip;]","og_url":"https:\/\/mediterraneo-rovinj.eu\/it\/termini-e-condizioni\/","og_site_name":"Mediterraneo Rovinj","twitter_card":"summary_large_image","schema":{"@context":"https:\/\/schema.org","@graph":[{"@type":"WebPage","@id":"https:\/\/mediterraneo-rovinj.eu\/it\/termini-e-condizioni\/","url":"https:\/\/mediterraneo-rovinj.eu\/it\/termini-e-condizioni\/","name":"Termini e Condizioni - Mediterraneo Rovinj","isPartOf":{"@id":"https:\/\/mediterraneo-rovinj.eu\/it\/#website"},"datePublished":"2025-01-29T11:12:21+00:00","breadcrumb":{"@id":"https:\/\/mediterraneo-rovinj.eu\/it\/termini-e-condizioni\/#breadcrumb"},"inLanguage":"it-IT","potentialAction":[{"@type":"ReadAction","target":["https:\/\/mediterraneo-rovinj.eu\/it\/termini-e-condizioni\/"]}]},{"@type":"BreadcrumbList","@id":"https:\/\/mediterraneo-rovinj.eu\/it\/termini-e-condizioni\/#breadcrumb","itemListElement":[{"@type":"ListItem","position":1,"name":"Home","item":"https:\/\/mediterraneo-rovinj.eu\/it\/"},{"@type":"ListItem","position":2,"name":"Termini e Condizioni"}]},{"@type":"WebSite","@id":"https:\/\/mediterraneo-rovinj.eu\/it\/#website","url":"https:\/\/mediterraneo-rovinj.eu\/it\/","name":"Mediterraneo Rovinj","description":"Mediterraneo Rovinj","publisher":{"@id":"https:\/\/mediterraneo-rovinj.eu\/it\/#organization"},"potentialAction":[{"@type":"SearchAction","target":{"@type":"EntryPoint","urlTemplate":"https:\/\/mediterraneo-rovinj.eu\/it\/?s={search_term_string}"},"query-input":{"@type":"PropertyValueSpecification","valueRequired":true,"valueName":"search_term_string"}}],"inLanguage":"it-IT"},{"@type":"Organization","@id":"https:\/\/mediterraneo-rovinj.eu\/it\/#organization","name":"Mediterraneo Rovinj","url":"https:\/\/mediterraneo-rovinj.eu\/it\/","logo":{"@type":"ImageObject","inLanguage":"it-IT","@id":"https:\/\/mediterraneo-rovinj.eu\/it\/#\/schema\/logo\/image\/","url":"https:\/\/mediterraneo-rovinj.eu\/wp-content\/uploads\/2023\/03\/mediterraneo_logo_2023.svg","contentUrl":"https:\/\/mediterraneo-rovinj.eu\/wp-content\/uploads\/2023\/03\/mediterraneo_logo_2023.svg","width":179,"height":56,"caption":"Mediterraneo Rovinj"},"image":{"@id":"https:\/\/mediterraneo-rovinj.eu\/it\/#\/schema\/logo\/image\/"}}]}},"_links":{"self":[{"href":"https:\/\/mediterraneo-rovinj.eu\/it\/wp-json\/wp\/v2\/pages\/5161","targetHints":{"allow":["GET"]}}],"collection":[{"href":"https:\/\/mediterraneo-rovinj.eu\/it\/wp-json\/wp\/v2\/pages"}],"about":[{"href":"https:\/\/mediterraneo-rovinj.eu\/it\/wp-json\/wp\/v2\/types\/page"}],"author":[{"embeddable":true,"href":"https:\/\/mediterraneo-rovinj.eu\/it\/wp-json\/wp\/v2\/users\/3"}],"replies":[{"embeddable":true,"href":"https:\/\/mediterraneo-rovinj.eu\/it\/wp-json\/wp\/v2\/comments?post=5161"}],"version-history":[{"count":0,"href":"https:\/\/mediterraneo-rovinj.eu\/it\/wp-json\/wp\/v2\/pages\/5161\/revisions"}],"wp:attachment":[{"href":"https:\/\/mediterraneo-rovinj.eu\/it\/wp-json\/wp\/v2\/media?parent=5161"}],"curies":[{"name":"wp","href":"https:\/\/api.w.org\/{rel}","templated":true}]}}